{"id":1486,"date":"2023-04-04T19:11:02","date_gmt":"2023-04-04T19:11:02","guid":{"rendered":"https:\/\/poseidonsuaritma.com\/tr\/?post_type=product&#038;p=1486"},"modified":"2023-04-04T19:11:02","modified_gmt":"2023-04-04T19:11:02","slug":"kapali-kasa-inline-full-yedek-filtre-seti","status":"publish","type":"product","link":"https:\/\/www.didimaquarlessuaritma.com\/tr\/urun\/kapali-kasa-inline-full-yedek-filtre-seti\/","title":{"rendered":"Kapal\u0131 Kasa Inline Full Yedek Filtre Seti"},"content":{"rendered":"<p><strong>1.\u00a0 12&#8243; K33 Inline Sediment Filtre (5\u00a0\u00b5)<br \/>\n2.\u00a0 12&#8243; K33\u00a0\u00c7ubuklu Inline GAC Karbon Filtre<br \/>\n3.\u00a0 12&#8243; K33\u00a0\u00c7ubuklu Inline CTO Blok Karbon Filtre<br \/>\n4.\u00a0 80 GPD RO Membran<br \/>\n5.\u00a0 10&#8243; T33\u00a0Coconut GAC Tatland\u0131r\u0131c\u0131 Post Karbon<br \/>\n6.\u00a0 10&#8243; T33 8,5pH Alkali Filtre<\/strong><\/p>\n","protected":false},"excerpt":{"rendered":"<p>1.\u00a0 12&#8243; K33 Inline Sediment Filtre (5\u00a0\u00b5) 2.\u00a0 12&#8243; K33\u00a0\u00c7ubuklu Inline GAC Karbon Filtre 3.\u00a0 12&#8243; K33\u00a0\u00c7ubuklu Inline CTO Blok Karbon Filtre 4.\u00a0 80 GPD RO Membran 5.\u00a0 10&#8243; T33\u00a0Coconut GAC Tatland\u0131r\u0131c\u0131 Post Karbon 6.\u00a0 10&#8243; T33 8,5pH Alkali Filtre<\/p>\n","protected":false},"featured_media":1487,"comment_status":"open","ping_status":"closed","template":"","meta":{"_kad_post_transparent":"default","_kad_post_title":"","_kad_post_layout":"default","_kad_post_sidebar_id":"","_kad_post_content_style":"default","_kad_post_vertical_padding":"default","_kad_post_feature":"","_kad_post_feature_position":"","_kad_post_header":false,"_kad_post_footer":false,"_joinchat":[]},"product_cat":[52],"product_tag":[],"class_list":["post-1486","product","type-product","status-publish","has-post-thumbnail","hentry","product_cat-filtreler","entry","content-bg","loop-entry"],"_links":{"self":[{"href":"https:\/\/www.didimaquarlessuaritma.com\/tr\/wp-json\/wp\/v2\/product\/1486","targetHints":{"allow":["GET"]}}],"collection":[{"href":"https:\/\/www.didimaquarlessuaritma.com\/tr\/wp-json\/wp\/v2\/product"}],"about":[{"href":"https:\/\/www.didimaquarlessuaritma.com\/tr\/wp-json\/wp\/v2\/types\/product"}],"replies":[{"embeddable":true,"href":"https:\/\/www.didimaquarlessuaritma.com\/tr\/wp-json\/wp\/v2\/comments?post=1486"}],"wp:featuredmedia":[{"embeddable":true,"href":"https:\/\/www.didimaquarlessuaritma.com\/tr\/wp-json\/wp\/v2\/media\/1487"}],"wp:attachment":[{"href":"https:\/\/www.didimaquarlessuaritma.com\/tr\/wp-json\/wp\/v2\/media?parent=1486"}],"wp:term":[{"taxonomy":"product_cat","embeddable":true,"href":"https:\/\/www.didimaquarlessuaritma.com\/tr\/wp-json\/wp\/v2\/product_cat?post=1486"},{"taxonomy":"product_tag","embeddable":true,"href":"https:\/\/www.didimaquarlessuaritma.com\/tr\/wp-json\/wp\/v2\/product_tag?post=1486"}],"curies":[{"name":"wp","href":"https:\/\/api.w.org\/{rel}","templated":true}]}}