{"id":1484,"date":"2023-04-04T19:10:21","date_gmt":"2023-04-04T19:10:21","guid":{"rendered":"https:\/\/poseidonsuaritma.com\/tr\/?post_type=product&#038;p=1484"},"modified":"2023-04-04T19:10:21","modified_gmt":"2023-04-04T19:10:21","slug":"acik-kasa-cihaz-yedek-filtre-seti","status":"publish","type":"product","link":"https:\/\/www.didimaquarlessuaritma.com\/tr\/urun\/acik-kasa-cihaz-yedek-filtre-seti\/","title":{"rendered":"A\u00e7\u0131k Kasa Cihaz Yedek Filtre Seti"},"content":{"rendered":"<p><strong>1. 10&#8243; Sediment Filtre<\/strong><\/p>\n<p><strong>2. 10&#8243; GAC Karbon Filtre<\/strong><\/p>\n<p><strong>3. 10&#8243; CTO Karbon Filtre<\/strong><\/p>\n<p><strong>4. 80 GPD RO Membran<\/strong><\/p>\n<p><strong>5.\u00a010&#8243; T33\u00a0Coconut GAC Tatland\u0131r\u0131c\u0131 Post Karbon<\/strong><\/p>\n","protected":false},"excerpt":{"rendered":"<p>1. 10&#8243; Sediment Filtre 2. 10&#8243; GAC Karbon Filtre 3. 10&#8243; CTO Karbon Filtre 4. 80 GPD RO Membran 5.\u00a010&#8243; T33\u00a0Coconut GAC Tatland\u0131r\u0131c\u0131 Post Karbon<\/p>\n","protected":false},"featured_media":1485,"comment_status":"open","ping_status":"closed","template":"","meta":{"_kad_post_transparent":"default","_kad_post_title":"","_kad_post_layout":"default","_kad_post_sidebar_id":"","_kad_post_content_style":"default","_kad_post_vertical_padding":"default","_kad_post_feature":"","_kad_post_feature_position":"","_kad_post_header":false,"_kad_post_footer":false,"_joinchat":[]},"product_cat":[52],"product_tag":[],"class_list":["post-1484","product","type-product","status-publish","has-post-thumbnail","hentry","product_cat-filtreler","entry","content-bg","loop-entry"],"_links":{"self":[{"href":"https:\/\/www.didimaquarlessuaritma.com\/tr\/wp-json\/wp\/v2\/product\/1484","targetHints":{"allow":["GET"]}}],"collection":[{"href":"https:\/\/www.didimaquarlessuaritma.com\/tr\/wp-json\/wp\/v2\/product"}],"about":[{"href":"https:\/\/www.didimaquarlessuaritma.com\/tr\/wp-json\/wp\/v2\/types\/product"}],"replies":[{"embeddable":true,"href":"https:\/\/www.didimaquarlessuaritma.com\/tr\/wp-json\/wp\/v2\/comments?post=1484"}],"wp:featuredmedia":[{"embeddable":true,"href":"https:\/\/www.didimaquarlessuaritma.com\/tr\/wp-json\/wp\/v2\/media\/1485"}],"wp:attachment":[{"href":"https:\/\/www.didimaquarlessuaritma.com\/tr\/wp-json\/wp\/v2\/media?parent=1484"}],"wp:term":[{"taxonomy":"product_cat","embeddable":true,"href":"https:\/\/www.didimaquarlessuaritma.com\/tr\/wp-json\/wp\/v2\/product_cat?post=1484"},{"taxonomy":"product_tag","embeddable":true,"href":"https:\/\/www.didimaquarlessuaritma.com\/tr\/wp-json\/wp\/v2\/product_tag?post=1484"}],"curies":[{"name":"wp","href":"https:\/\/api.w.org\/{rel}","templated":true}]}}