{"id":1482,"date":"2023-04-04T19:09:35","date_gmt":"2023-04-04T19:09:35","guid":{"rendered":"https:\/\/poseidonsuaritma.com\/tr\/?post_type=product&#038;p=1482"},"modified":"2023-04-04T19:09:35","modified_gmt":"2023-04-04T19:09:35","slug":"waterlife-full-yedek-filtre-seti","status":"publish","type":"product","link":"https:\/\/www.didimaquarlessuaritma.com\/tr\/urun\/waterlife-full-yedek-filtre-seti\/","title":{"rendered":"Waterlife Full Yedek Filtre Seti"},"content":{"rendered":"<ol>\n<li><strong>Tak-\u00c7evir Sediment Filtre (5 \u00b5M)<\/strong><\/li>\n<li><strong>Tak-\u00c7evir Coconut\u00a0GAC Karbon Filtre<\/strong><\/li>\n<li><strong>Tak-\u00c7evir Coconut CTO Blok Karbon Filtre<\/strong><\/li>\n<li><strong>Tak-\u00c7evir GAC Coconut Tatland\u0131r\u0131c\u0131<\/strong><\/li>\n<\/ol>\n","protected":false},"excerpt":{"rendered":"<p>Tak-\u00c7evir Sediment Filtre (5 \u00b5M) Tak-\u00c7evir Coconut\u00a0GAC Karbon Filtre Tak-\u00c7evir Coconut CTO Blok Karbon Filtre Tak-\u00c7evir GAC Coconut Tatland\u0131r\u0131c\u0131<\/p>\n","protected":false},"featured_media":1483,"comment_status":"open","ping_status":"closed","template":"","meta":{"_kad_post_transparent":"default","_kad_post_title":"","_kad_post_layout":"default","_kad_post_sidebar_id":"","_kad_post_content_style":"default","_kad_post_vertical_padding":"default","_kad_post_feature":"","_kad_post_feature_position":"","_kad_post_header":false,"_kad_post_footer":false,"_joinchat":[]},"product_cat":[15],"product_tag":[],"class_list":["post-1482","product","type-product","status-publish","has-post-thumbnail","hentry","product_cat-tumu","entry","content-bg","loop-entry"],"_links":{"self":[{"href":"https:\/\/www.didimaquarlessuaritma.com\/tr\/wp-json\/wp\/v2\/product\/1482","targetHints":{"allow":["GET"]}}],"collection":[{"href":"https:\/\/www.didimaquarlessuaritma.com\/tr\/wp-json\/wp\/v2\/product"}],"about":[{"href":"https:\/\/www.didimaquarlessuaritma.com\/tr\/wp-json\/wp\/v2\/types\/product"}],"replies":[{"embeddable":true,"href":"https:\/\/www.didimaquarlessuaritma.com\/tr\/wp-json\/wp\/v2\/comments?post=1482"}],"wp:featuredmedia":[{"embeddable":true,"href":"https:\/\/www.didimaquarlessuaritma.com\/tr\/wp-json\/wp\/v2\/media\/1483"}],"wp:attachment":[{"href":"https:\/\/www.didimaquarlessuaritma.com\/tr\/wp-json\/wp\/v2\/media?parent=1482"}],"wp:term":[{"taxonomy":"product_cat","embeddable":true,"href":"https:\/\/www.didimaquarlessuaritma.com\/tr\/wp-json\/wp\/v2\/product_cat?post=1482"},{"taxonomy":"product_tag","embeddable":true,"href":"https:\/\/www.didimaquarlessuaritma.com\/tr\/wp-json\/wp\/v2\/product_tag?post=1482"}],"curies":[{"name":"wp","href":"https:\/\/api.w.org\/{rel}","templated":true}]}}