{"id":1466,"date":"2023-04-04T19:04:46","date_gmt":"2023-04-04T19:04:46","guid":{"rendered":"https:\/\/poseidonsuaritma.com\/tr\/?post_type=product&#038;p=1466"},"modified":"2023-04-04T19:04:47","modified_gmt":"2023-04-04T19:04:47","slug":"biocera-9-5-ph-alkali-antioksidan-filtre","status":"publish","type":"product","link":"https:\/\/www.didimaquarlessuaritma.com\/tr\/urun\/biocera-9-5-ph-alkali-antioksidan-filtre\/","title":{"rendered":"Biocera 9.5 Ph Alkali + Antioksidan Filtre"},"content":{"rendered":"<p><strong>Giri\u015f \/ \u00c7\u0131k\u0131\u015f\u00a0<\/strong>\u00a0 \u00a0 1\/4&#8243; \u00c7ubuklu Quick<br \/>\n<strong>Toplam Kapasite\u00a0<\/strong>\u00a0 \u00a0 1500 galon<br \/>\n<strong>Anl\u0131k Ak\u0131\u015f H\u0131z\u0131\u00a0<\/strong>\u00a0 \u00a0 4 Litre\/Dakika<br \/>\n<strong>pH\u00a0<\/strong>\u00a0 \u00a0 8.0 ~ 9.5<br \/>\n<strong>ORP\u00a0<\/strong>\u00a0 \u00a0 -50 ~ -400 mV<br \/>\n<strong>Mineral\u00a0<\/strong>\u00a0 \u00a0 Ca , K, Mg, Na<br \/>\n<strong>\u00d6l\u00e7\u00fcler<\/strong>\u00a0\u00a0 \u00a0 10&#8243; &#8211; 25,4 cm<\/p>\n<p>\u2013 BIOCERA Antioksidan Alkali Filtresinin \u00d6zellikleri<br \/>\n\u2013 H\u00fccresel d\u00fczeyde asidik at\u0131klar\u0131 ve toksinleri v\u00fccuttan uzakla\u015ft\u0131r\u0131r.<br \/>\n\u2013 V\u00fccuda kalsiyum, potasyum, sodyum ve magnezyum gibi temel mineralleri sa\u011flayarak sa\u011fl\u0131\u011f\u0131n\u0131z\u0131 iyile\u015ftirir ve v\u00fccudun metabolizmas\u0131n\u0131 art\u0131r\u0131r.<br \/>\n\u2013 K\u00fc\u00e7\u00fck su k\u00fcmeleri alt\u0131gen sayesinde (51.497 Hz) v\u00fccudu 3 kez nemlendirir<br \/>\n\u2013 Besin ve mineral emilimini verimli bir \u015fekilde kolayla\u015ft\u0131r\u0131r.<br \/>\n\u2013 V\u00fccudu dengeleyerek rahatla\u015ft\u0131r\u0131r.<br \/>\n\u2013 Zararl\u0131 aktif oksijeni (serbest radikaller) ortadan kald\u0131rarak diyabet, kanser, hipertansiyon ve di\u011fer \u00e7e\u015fitli hastal\u0131klar\u0131 \u00f6nler.<br \/>\n\u2013 Su tad\u0131 geli\u015ftirir.<br \/>\n\u2013 pH\u2019\u0131 art\u0131r\u0131r ve ORP\u2019yi d\u00fc\u015f\u00fcr\u00fcr (Ref. ORP = Oksijen \u0130ndirgeme Potansiyeli)<\/p>\n","protected":false},"excerpt":{"rendered":"<p>Giri\u015f \/ \u00c7\u0131k\u0131\u015f\u00a0\u00a0 \u00a0 1\/4&#8243; \u00c7ubuklu Quick Toplam Kapasite\u00a0\u00a0 \u00a0 1500 galon Anl\u0131k Ak\u0131\u015f H\u0131z\u0131\u00a0\u00a0 \u00a0 4 Litre\/Dakika pH\u00a0\u00a0 \u00a0 8.0 ~ 9.5 ORP\u00a0\u00a0 \u00a0 -50 ~ -400 mV Mineral\u00a0\u00a0 \u00a0 Ca , K, Mg, Na \u00d6l\u00e7\u00fcler\u00a0\u00a0 \u00a0 10&#8243; &#8211; 25,4 cm \u2013 BIOCERA Antioksidan Alkali Filtresinin \u00d6zellikleri \u2013 H\u00fccresel d\u00fczeyde asidik at\u0131klar\u0131 ve toksinleri&#8230;<\/p>\n","protected":false},"featured_media":1467,"comment_status":"open","ping_status":"closed","template":"","meta":{"_kad_post_transparent":"default","_kad_post_title":"","_kad_post_layout":"default","_kad_post_sidebar_id":"","_kad_post_content_style":"default","_kad_post_vertical_padding":"default","_kad_post_feature":"","_kad_post_feature_position":"","_kad_post_header":false,"_kad_post_footer":false,"_joinchat":[]},"product_cat":[52],"product_tag":[],"class_list":["post-1466","product","type-product","status-publish","has-post-thumbnail","hentry","product_cat-filtreler","entry","content-bg","loop-entry"],"_links":{"self":[{"href":"https:\/\/www.didimaquarlessuaritma.com\/tr\/wp-json\/wp\/v2\/product\/1466","targetHints":{"allow":["GET"]}}],"collection":[{"href":"https:\/\/www.didimaquarlessuaritma.com\/tr\/wp-json\/wp\/v2\/product"}],"about":[{"href":"https:\/\/www.didimaquarlessuaritma.com\/tr\/wp-json\/wp\/v2\/types\/product"}],"replies":[{"embeddable":true,"href":"https:\/\/www.didimaquarlessuaritma.com\/tr\/wp-json\/wp\/v2\/comments?post=1466"}],"wp:featuredmedia":[{"embeddable":true,"href":"https:\/\/www.didimaquarlessuaritma.com\/tr\/wp-json\/wp\/v2\/media\/1467"}],"wp:attachment":[{"href":"https:\/\/www.didimaquarlessuaritma.com\/tr\/wp-json\/wp\/v2\/media?parent=1466"}],"wp:term":[{"taxonomy":"product_cat","embeddable":true,"href":"https:\/\/www.didimaquarlessuaritma.com\/tr\/wp-json\/wp\/v2\/product_cat?post=1466"},{"taxonomy":"product_tag","embeddable":true,"href":"https:\/\/www.didimaquarlessuaritma.com\/tr\/wp-json\/wp\/v2\/product_tag?post=1466"}],"curies":[{"name":"wp","href":"https:\/\/api.w.org\/{rel}","templated":true}]}}