{"id":1462,"date":"2023-04-04T19:02:01","date_gmt":"2023-04-04T19:02:01","guid":{"rendered":"https:\/\/poseidonsuaritma.com\/tr\/?post_type=product&#038;p=1462"},"modified":"2023-04-04T19:02:01","modified_gmt":"2023-04-04T19:02:01","slug":"ledli-aritmali-dus-basligi-2","status":"publish","type":"product","link":"https:\/\/www.didimaquarlessuaritma.com\/tr\/urun\/ledli-aritmali-dus-basligi-2\/","title":{"rendered":"Ledli Ar\u0131tmal\u0131 Du\u015f Ba\u015fl\u0131\u011f\u0131"},"content":{"rendered":"<p>Nano LED Ar\u0131tmal\u0131 Du\u015f Ba\u015fl\u0131\u011f\u0131 ile banyo yapman\u0131n keyfini \u00e7\u0131kar\u0131n.<\/p>\n<p>Nano teknoloji sayesinde iyonizer etkisi yaratan du\u015f ba\u015fl\u0131\u011f\u0131, ayn\u0131 zamanda elektrik\/pil gerektirmeyen \u00fc\u00e7 farkl\u0131 LED \u0131\u015f\u0131\u011f\u0131na sahiptir ve \u00fcst\u00fcn ar\u0131tma performans\u0131 ile hijyen sa\u011flar.<\/p>\n<p>Y\u00fcksek \u0131s\u0131da buharla\u015fan klor, solundu\u011funda kana kar\u0131\u015farak uzun vadede ciddi rahats\u0131zl\u0131klara yol a\u00e7abilir. Ayr\u0131ca tortu, kire\u00e7, arsenik ve a\u011f\u0131r metaller gibi \u015febeke sular\u0131nda bulundan zararl\u0131 maddelerin resmi kurumlar taraf\u0131ndan olu\u015fturulan bilimsel raporlar do\u011frultusunda uzun vadede sa\u011fl\u0131\u011fa zararl\u0131 olduklar\u0131 tespit edilmi\u015ftir.<\/p>\n<p>Nano LED Ar\u0131tmal\u0131 Du\u015f Ba\u015fl\u0131\u011f\u0131 banyonuzun en de\u011ferli ekipman\u0131d\u0131r. E\u015fsiz ar\u0131tma teknolojisi sayesinde zararl\u0131 maddeleri ar\u0131tarak suya sa\u011fl\u0131k katarken, C vitamini i\u00e7eren nano toplar sayesinde yumu\u015fak doku ve parlak sa\u00e7lara sahip olman\u0131z\u0131 sa\u011flar.<\/p>\n<p>Nano LED Du\u015f Ba\u015fl\u0131\u011f\u0131\u2019nda bulunan 12 farkl\u0131 LED \u0131\u015f\u0131\u011f\u0131 elektrik gerektirmez ve suyun \u0131s\u0131s\u0131na g\u00f6re renk de\u011fi\u015ftirir. \u00dcst\u00fcn filtrasyon teknolojisine sahip olan Nano LED Ar\u0131tmal\u0131 Du\u015f Ba\u015fl\u0131\u011f\u0131 sa\u011fl\u0131kl\u0131 ve \u00f6zg\u00fcr ya\u015fam bi\u00e7iminizi destekler.<\/p>\n","protected":false},"excerpt":{"rendered":"<p>Nano LED Ar\u0131tmal\u0131 Du\u015f Ba\u015fl\u0131\u011f\u0131 ile banyo yapman\u0131n keyfini \u00e7\u0131kar\u0131n. Nano teknoloji sayesinde iyonizer etkisi yaratan du\u015f ba\u015fl\u0131\u011f\u0131, ayn\u0131 zamanda elektrik\/pil gerektirmeyen \u00fc\u00e7 farkl\u0131 LED \u0131\u015f\u0131\u011f\u0131na sahiptir ve \u00fcst\u00fcn ar\u0131tma performans\u0131 ile hijyen sa\u011flar. Y\u00fcksek \u0131s\u0131da buharla\u015fan klor, solundu\u011funda kana kar\u0131\u015farak uzun vadede ciddi rahats\u0131zl\u0131klara yol a\u00e7abilir. Ayr\u0131ca tortu, kire\u00e7, arsenik ve a\u011f\u0131r metaller gibi&#8230;<\/p>\n","protected":false},"featured_media":1463,"comment_status":"open","ping_status":"closed","template":"","meta":{"_kad_post_transparent":"default","_kad_post_title":"","_kad_post_layout":"default","_kad_post_sidebar_id":"","_kad_post_content_style":"default","_kad_post_vertical_padding":"default","_kad_post_feature":"","_kad_post_feature_position":"","_kad_post_header":false,"_kad_post_footer":false,"_joinchat":[]},"product_cat":[51],"product_tag":[],"class_list":["post-1462","product","type-product","status-publish","has-post-thumbnail","hentry","product_cat-aksesuarlar","entry","content-bg","loop-entry"],"_links":{"self":[{"href":"https:\/\/www.didimaquarlessuaritma.com\/tr\/wp-json\/wp\/v2\/product\/1462","targetHints":{"allow":["GET"]}}],"collection":[{"href":"https:\/\/www.didimaquarlessuaritma.com\/tr\/wp-json\/wp\/v2\/product"}],"about":[{"href":"https:\/\/www.didimaquarlessuaritma.com\/tr\/wp-json\/wp\/v2\/types\/product"}],"replies":[{"embeddable":true,"href":"https:\/\/www.didimaquarlessuaritma.com\/tr\/wp-json\/wp\/v2\/comments?post=1462"}],"wp:featuredmedia":[{"embeddable":true,"href":"https:\/\/www.didimaquarlessuaritma.com\/tr\/wp-json\/wp\/v2\/media\/1463"}],"wp:attachment":[{"href":"https:\/\/www.didimaquarlessuaritma.com\/tr\/wp-json\/wp\/v2\/media?parent=1462"}],"wp:term":[{"taxonomy":"product_cat","embeddable":true,"href":"https:\/\/www.didimaquarlessuaritma.com\/tr\/wp-json\/wp\/v2\/product_cat?post=1462"},{"taxonomy":"product_tag","embeddable":true,"href":"https:\/\/www.didimaquarlessuaritma.com\/tr\/wp-json\/wp\/v2\/product_tag?post=1462"}],"curies":[{"name":"wp","href":"https:\/\/api.w.org\/{rel}","templated":true}]}}