{"id":1460,"date":"2023-04-04T19:00:52","date_gmt":"2023-04-04T19:00:52","guid":{"rendered":"https:\/\/poseidonsuaritma.com\/tr\/?post_type=product&#038;p=1460"},"modified":"2023-04-04T19:00:52","modified_gmt":"2023-04-04T19:00:52","slug":"dezenfeksiyon-kiti-2","status":"publish","type":"product","link":"https:\/\/www.didimaquarlessuaritma.com\/tr\/urun\/dezenfeksiyon-kiti-2\/","title":{"rendered":"Dezenfeksiyon Kiti"},"content":{"rendered":"<p>Dezenfeksiyon Kiti ile su ar\u0131tma cihaz\u0131n\u0131z\u0131n yepyeni bir cihaz kadar temiz olmas\u0131n\u0131 sa\u011flay\u0131n.<\/p>\n<p>Her t\u00fcrl\u00fc su ar\u0131tma cihaz\u0131 ile uyumlu olan Dezenfeksiyon Kiti, kullan\u0131mda olan cihaz\u0131n\u0131z\u0131n veya bak\u0131m zaman\u0131 gelmi\u015f olan cihaz\u0131n dezenfekte edilmesini sa\u011flar. H\u0131zl\u0131 ve kolay kullan\u0131m\u0131 ile \u00e7ok k\u0131sa bir s\u00fcrede cihaz\u0131n\u0131z\u0131 dezenfekte edebilir ve g\u00fcvenle kullanmaya devam edebilirsiniz.<\/p>\n<ul>\n<li>H\u0131zl\u0131 ve kolay kullan\u0131m<\/li>\n<li>T\u00fcm su ar\u0131tma cihaz\u0131 modelleri ile \u00e7al\u0131\u015f\u0131r.<\/li>\n<li>Yepyeni bir cihaz.<\/li>\n<\/ul>\n","protected":false},"excerpt":{"rendered":"<p>Dezenfeksiyon Kiti ile su ar\u0131tma cihaz\u0131n\u0131z\u0131n yepyeni bir cihaz kadar temiz olmas\u0131n\u0131 sa\u011flay\u0131n. Her t\u00fcrl\u00fc su ar\u0131tma cihaz\u0131 ile uyumlu olan Dezenfeksiyon Kiti, kullan\u0131mda olan cihaz\u0131n\u0131z\u0131n veya bak\u0131m zaman\u0131 gelmi\u015f olan cihaz\u0131n dezenfekte edilmesini sa\u011flar. H\u0131zl\u0131 ve kolay kullan\u0131m\u0131 ile \u00e7ok k\u0131sa bir s\u00fcrede cihaz\u0131n\u0131z\u0131 dezenfekte edebilir ve g\u00fcvenle kullanmaya devam edebilirsiniz. H\u0131zl\u0131 ve kolay&#8230;<\/p>\n","protected":false},"featured_media":1461,"comment_status":"open","ping_status":"closed","template":"","meta":{"_kad_post_transparent":"default","_kad_post_title":"","_kad_post_layout":"default","_kad_post_sidebar_id":"","_kad_post_content_style":"default","_kad_post_vertical_padding":"default","_kad_post_feature":"","_kad_post_feature_position":"","_kad_post_header":false,"_kad_post_footer":false,"_joinchat":[]},"product_cat":[51],"product_tag":[],"class_list":["post-1460","product","type-product","status-publish","has-post-thumbnail","hentry","product_cat-aksesuarlar","entry","content-bg","loop-entry"],"_links":{"self":[{"href":"https:\/\/www.didimaquarlessuaritma.com\/tr\/wp-json\/wp\/v2\/product\/1460","targetHints":{"allow":["GET"]}}],"collection":[{"href":"https:\/\/www.didimaquarlessuaritma.com\/tr\/wp-json\/wp\/v2\/product"}],"about":[{"href":"https:\/\/www.didimaquarlessuaritma.com\/tr\/wp-json\/wp\/v2\/types\/product"}],"replies":[{"embeddable":true,"href":"https:\/\/www.didimaquarlessuaritma.com\/tr\/wp-json\/wp\/v2\/comments?post=1460"}],"wp:featuredmedia":[{"embeddable":true,"href":"https:\/\/www.didimaquarlessuaritma.com\/tr\/wp-json\/wp\/v2\/media\/1461"}],"wp:attachment":[{"href":"https:\/\/www.didimaquarlessuaritma.com\/tr\/wp-json\/wp\/v2\/media?parent=1460"}],"wp:term":[{"taxonomy":"product_cat","embeddable":true,"href":"https:\/\/www.didimaquarlessuaritma.com\/tr\/wp-json\/wp\/v2\/product_cat?post=1460"},{"taxonomy":"product_tag","embeddable":true,"href":"https:\/\/www.didimaquarlessuaritma.com\/tr\/wp-json\/wp\/v2\/product_tag?post=1460"}],"curies":[{"name":"wp","href":"https:\/\/api.w.org\/{rel}","templated":true}]}}