{"id":1458,"date":"2023-04-04T18:59:58","date_gmt":"2023-04-04T18:59:58","guid":{"rendered":"https:\/\/poseidonsuaritma.com\/tr\/?post_type=product&#038;p=1458"},"modified":"2023-04-04T18:59:58","modified_gmt":"2023-04-04T18:59:58","slug":"tds-metre-2","status":"publish","type":"product","link":"https:\/\/www.didimaquarlessuaritma.com\/tr\/urun\/tds-metre-2\/","title":{"rendered":"Tds Metre"},"content":{"rendered":"<p>TDS metre, suda \u00e7\u00f6z\u00fcnme sonucu meydana gelmi\u015f olan kat\u0131 maddelerin miktar\u0131n\u0131 \u00f6l\u00e7en dijital cihazd\u0131r.<\/p>\n<p>Bu cihaz, suda \u00e7\u00f6z\u00fcnm\u00fc\u015f maddenin miktar\u0131n\u0131 \u00f6l\u00e7erken, suyun faydal\u0131 veya zararl\u0131 oldu\u011fu hakk\u0131nda da bize bilgi verir.<\/p>\n<p>Su de\u011ferlerini ppm cinsinden \u00f6l\u00e7er<\/p>\n","protected":false},"excerpt":{"rendered":"<p>TDS metre, suda \u00e7\u00f6z\u00fcnme sonucu meydana gelmi\u015f olan kat\u0131 maddelerin miktar\u0131n\u0131 \u00f6l\u00e7en dijital cihazd\u0131r. Bu cihaz, suda \u00e7\u00f6z\u00fcnm\u00fc\u015f maddenin miktar\u0131n\u0131 \u00f6l\u00e7erken, suyun faydal\u0131 veya zararl\u0131 oldu\u011fu hakk\u0131nda da bize bilgi verir. Su de\u011ferlerini ppm cinsinden \u00f6l\u00e7er<\/p>\n","protected":false},"featured_media":1459,"comment_status":"open","ping_status":"closed","template":"","meta":{"_kad_post_transparent":"default","_kad_post_title":"","_kad_post_layout":"default","_kad_post_sidebar_id":"","_kad_post_content_style":"default","_kad_post_vertical_padding":"default","_kad_post_feature":"","_kad_post_feature_position":"","_kad_post_header":false,"_kad_post_footer":false,"_joinchat":[]},"product_cat":[51],"product_tag":[],"class_list":["post-1458","product","type-product","status-publish","has-post-thumbnail","hentry","product_cat-aksesuarlar","entry","content-bg","loop-entry"],"_links":{"self":[{"href":"https:\/\/www.didimaquarlessuaritma.com\/tr\/wp-json\/wp\/v2\/product\/1458","targetHints":{"allow":["GET"]}}],"collection":[{"href":"https:\/\/www.didimaquarlessuaritma.com\/tr\/wp-json\/wp\/v2\/product"}],"about":[{"href":"https:\/\/www.didimaquarlessuaritma.com\/tr\/wp-json\/wp\/v2\/types\/product"}],"replies":[{"embeddable":true,"href":"https:\/\/www.didimaquarlessuaritma.com\/tr\/wp-json\/wp\/v2\/comments?post=1458"}],"wp:featuredmedia":[{"embeddable":true,"href":"https:\/\/www.didimaquarlessuaritma.com\/tr\/wp-json\/wp\/v2\/media\/1459"}],"wp:attachment":[{"href":"https:\/\/www.didimaquarlessuaritma.com\/tr\/wp-json\/wp\/v2\/media?parent=1458"}],"wp:term":[{"taxonomy":"product_cat","embeddable":true,"href":"https:\/\/www.didimaquarlessuaritma.com\/tr\/wp-json\/wp\/v2\/product_cat?post=1458"},{"taxonomy":"product_tag","embeddable":true,"href":"https:\/\/www.didimaquarlessuaritma.com\/tr\/wp-json\/wp\/v2\/product_tag?post=1458"}],"curies":[{"name":"wp","href":"https:\/\/api.w.org\/{rel}","templated":true}]}}