{"id":1456,"date":"2023-04-04T18:54:24","date_gmt":"2023-04-04T18:54:24","guid":{"rendered":"https:\/\/poseidonsuaritma.com\/tr\/?post_type=product&#038;p=1456"},"modified":"2023-04-04T18:54:24","modified_gmt":"2023-04-04T18:54:24","slug":"ph-metre-2","status":"publish","type":"product","link":"https:\/\/www.didimaquarlessuaritma.com\/tr\/urun\/ph-metre-2\/","title":{"rendered":"Ph Metre"},"content":{"rendered":"<p>\u00c7\u00f6zetilerdeki asit ve baz oran\u0131 pH seviyesini verir.<\/p>\n<p>\u0130ngilizce olarak geni\u015f ismi Power of Hydrogen olan pH, \u00f6l\u00e7\u00fcld\u00fc\u011f\u00fcnde \u00e7\u00f6zeltinin asidik, bazik ya da n\u00f6tr olu\u015funa dair bilgiyi verir.<\/p>\n<p>\u00c7\u00f6zeltilerin asitlik ve alkalinli\u011fi 0 ile 14 aras\u0131ndaki de\u011ferlerden birine denk gelecek d\u00fczeyde \u00f6l\u00e7\u00fcl\u00fcr.<\/p>\n<p>PH metre cihaz\u0131 elektrot ile ald\u0131\u011f\u0131 elektriksel sinyal de\u011ferini pH birimine \u00e7evirerek potansiyometrik bir \u00f6l\u00e7\u00fcm sa\u011flar.<\/p>\n<p>Ph \u00f6l\u00e7\u00fcm\u00fcnde alg\u0131lama elektrotu ve referans elektrotunun sa\u011flad\u0131\u011f\u0131 gerilimler aras\u0131ndaki fark pH de\u011ferini verir.<\/p>\n","protected":false},"excerpt":{"rendered":"<p>\u00c7\u00f6zetilerdeki asit ve baz oran\u0131 pH seviyesini verir. \u0130ngilizce olarak geni\u015f ismi Power of Hydrogen olan pH, \u00f6l\u00e7\u00fcld\u00fc\u011f\u00fcnde \u00e7\u00f6zeltinin asidik, bazik ya da n\u00f6tr olu\u015funa dair bilgiyi verir. \u00c7\u00f6zeltilerin asitlik ve alkalinli\u011fi 0 ile 14 aras\u0131ndaki de\u011ferlerden birine denk gelecek d\u00fczeyde \u00f6l\u00e7\u00fcl\u00fcr. PH metre cihaz\u0131 elektrot ile ald\u0131\u011f\u0131 elektriksel sinyal de\u011ferini pH birimine \u00e7evirerek potansiyometrik&#8230;<\/p>\n","protected":false},"featured_media":1457,"comment_status":"open","ping_status":"closed","template":"","meta":{"_kad_post_transparent":"default","_kad_post_title":"","_kad_post_layout":"default","_kad_post_sidebar_id":"","_kad_post_content_style":"default","_kad_post_vertical_padding":"default","_kad_post_feature":"","_kad_post_feature_position":"","_kad_post_header":false,"_kad_post_footer":false,"_joinchat":[]},"product_cat":[51],"product_tag":[],"class_list":["post-1456","product","type-product","status-publish","has-post-thumbnail","hentry","product_cat-aksesuarlar","entry","content-bg","loop-entry"],"_links":{"self":[{"href":"https:\/\/www.didimaquarlessuaritma.com\/tr\/wp-json\/wp\/v2\/product\/1456","targetHints":{"allow":["GET"]}}],"collection":[{"href":"https:\/\/www.didimaquarlessuaritma.com\/tr\/wp-json\/wp\/v2\/product"}],"about":[{"href":"https:\/\/www.didimaquarlessuaritma.com\/tr\/wp-json\/wp\/v2\/types\/product"}],"replies":[{"embeddable":true,"href":"https:\/\/www.didimaquarlessuaritma.com\/tr\/wp-json\/wp\/v2\/comments?post=1456"}],"wp:featuredmedia":[{"embeddable":true,"href":"https:\/\/www.didimaquarlessuaritma.com\/tr\/wp-json\/wp\/v2\/media\/1457"}],"wp:attachment":[{"href":"https:\/\/www.didimaquarlessuaritma.com\/tr\/wp-json\/wp\/v2\/media?parent=1456"}],"wp:term":[{"taxonomy":"product_cat","embeddable":true,"href":"https:\/\/www.didimaquarlessuaritma.com\/tr\/wp-json\/wp\/v2\/product_cat?post=1456"},{"taxonomy":"product_tag","embeddable":true,"href":"https:\/\/www.didimaquarlessuaritma.com\/tr\/wp-json\/wp\/v2\/product_tag?post=1456"}],"curies":[{"name":"wp","href":"https:\/\/api.w.org\/{rel}","templated":true}]}}