{"id":1454,"date":"2023-04-04T18:52:50","date_gmt":"2023-04-04T18:52:50","guid":{"rendered":"https:\/\/poseidonsuaritma.com\/tr\/?post_type=product&#038;p=1454"},"modified":"2026-05-02T22:02:47","modified_gmt":"2026-05-02T22:02:47","slug":"1-4-plastik-basinc-dusurucu-2","status":"publish","type":"product","link":"https:\/\/www.didimaquarlessuaritma.com\/tr\/urun\/1-4-plastik-basinc-dusurucu-2\/","title":{"rendered":"(1\/4&#8243;) Plastik Bas\u0131n\u00e7 D\u00fc\u015f\u00fcr\u00fcc\u00fc"},"content":{"rendered":"<p>Bas\u0131n\u00e7 D\u00fc\u015f\u00fcr\u00fcc\u00fc olas\u0131 ani bas\u0131n\u00e7 de\u011fi\u015fimlerinden cihaz\u0131n\u0131z\u0131 korur ve daha g\u00fcvenli bir kullan\u0131m sa\u011flayarak uzun \u00f6m\u00fcrl\u00fc olmas\u0131n\u0131 sa\u011flar.<\/p>\n<p>Su bas\u0131nc\u0131 4,5 -5 Bar \u00fczeri olan durumlarda mutlaka kullan\u0131lmas\u0131 gerekmektedir. Kolay kullan\u0131m\u0131 ile rahatl\u0131kla cihaz\u0131n\u0131za monte edebilir, g\u00fcvenle kullanmaya devam edebilirsiniz.<\/p>\n<ul>\n<li>H\u0131zl\u0131 ve kolay kurulum<\/li>\n<li>T\u00fcm su ar\u0131tma cihaz\u0131 modelleri ile \u00e7al\u0131\u015f\u0131r<\/li>\n<\/ul>\n","protected":false},"excerpt":{"rendered":"<p>Bas\u0131n\u00e7 D\u00fc\u015f\u00fcr\u00fcc\u00fc olas\u0131 ani bas\u0131n\u00e7 de\u011fi\u015fimlerinden cihaz\u0131n\u0131z\u0131 korur ve daha g\u00fcvenli bir kullan\u0131m sa\u011flayarak uzun \u00f6m\u00fcrl\u00fc olmas\u0131n\u0131 sa\u011flar. Su bas\u0131nc\u0131 4,5 -5 Bar \u00fczeri olan durumlarda mutlaka kullan\u0131lmas\u0131 gerekmektedir. Kolay kullan\u0131m\u0131 ile rahatl\u0131kla cihaz\u0131n\u0131za monte edebilir, g\u00fcvenle kullanmaya devam edebilirsiniz. H\u0131zl\u0131 ve kolay kurulum T\u00fcm su ar\u0131tma cihaz\u0131 modelleri ile \u00e7al\u0131\u015f\u0131r<\/p>\n","protected":false},"featured_media":1455,"comment_status":"open","ping_status":"closed","template":"","meta":{"_kad_post_transparent":"default","_kad_post_title":"","_kad_post_layout":"default","_kad_post_sidebar_id":"","_kad_post_content_style":"default","_kad_post_vertical_padding":"default","_kad_post_feature":"","_kad_post_feature_position":"","_kad_post_header":false,"_kad_post_footer":false,"_joinchat":[]},"product_cat":[51],"product_tag":[],"class_list":["post-1454","product","type-product","status-publish","has-post-thumbnail","hentry","product_cat-aksesuarlar","entry","content-bg","loop-entry"],"_links":{"self":[{"href":"https:\/\/www.didimaquarlessuaritma.com\/tr\/wp-json\/wp\/v2\/product\/1454","targetHints":{"allow":["GET"]}}],"collection":[{"href":"https:\/\/www.didimaquarlessuaritma.com\/tr\/wp-json\/wp\/v2\/product"}],"about":[{"href":"https:\/\/www.didimaquarlessuaritma.com\/tr\/wp-json\/wp\/v2\/types\/product"}],"replies":[{"embeddable":true,"href":"https:\/\/www.didimaquarlessuaritma.com\/tr\/wp-json\/wp\/v2\/comments?post=1454"}],"wp:featuredmedia":[{"embeddable":true,"href":"https:\/\/www.didimaquarlessuaritma.com\/tr\/wp-json\/wp\/v2\/media\/1455"}],"wp:attachment":[{"href":"https:\/\/www.didimaquarlessuaritma.com\/tr\/wp-json\/wp\/v2\/media?parent=1454"}],"wp:term":[{"taxonomy":"product_cat","embeddable":true,"href":"https:\/\/www.didimaquarlessuaritma.com\/tr\/wp-json\/wp\/v2\/product_cat?post=1454"},{"taxonomy":"product_tag","embeddable":true,"href":"https:\/\/www.didimaquarlessuaritma.com\/tr\/wp-json\/wp\/v2\/product_tag?post=1454"}],"curies":[{"name":"wp","href":"https:\/\/api.w.org\/{rel}","templated":true}]}}