{"id":1451,"date":"2023-04-04T18:48:18","date_gmt":"2023-04-04T18:48:18","guid":{"rendered":"https:\/\/poseidonsuaritma.com\/tr\/?post_type=product&#038;p=1451"},"modified":"2023-04-04T18:48:18","modified_gmt":"2023-04-04T18:48:18","slug":"metal-basinc-dusurucu-2","status":"publish","type":"product","link":"https:\/\/www.didimaquarlessuaritma.com\/tr\/urun\/metal-basinc-dusurucu-2\/","title":{"rendered":"Metal Bas\u0131n\u00e7 D\u00fc\u015f\u00fcr\u00fcc\u00fc"},"content":{"rendered":"<p>Su Bas\u0131n\u00e7 D\u00fc\u015f\u00fcr\u00fcc\u00fc (Reg\u00fclat\u00f6r\u00fc), y\u00fcksek bas\u0131n\u00e7l\u0131 \u015febeke sular\u0131n\u0131n bas\u0131nc\u0131n\u0131 d\u00fc\u015f\u00fcrerek tesisatlarda ve tesisatlara ba\u011fl\u0131 cihazlarda olu\u015fabilecek tahribatlar\u0131n \u00f6nlenmesi i\u00e7in \u00fcretilmi\u015ftir.<\/p>\n<p>Su Bas\u0131n\u00e7 D\u00fc\u015f\u00fcr\u00fcc\u00fcleri (Reg\u00fclat\u00f6rleri):<br \/>\n1 &#8211; Tesisatlar\u0131n patlamas\u0131 ve armat\u00fcrlerin bas\u0131n\u00e7tan dolay\u0131 bozulmalar\u0131n\u0131 engeller.<br \/>\n2 &#8211; Ko\u00e7 darbesinin zararlar\u0131n\u0131 \u00f6nler.<br \/>\n3 &#8211; Bas\u0131n\u00e7l\u0131 suyun yaratt\u0131\u011f\u0131 g\u00fcr\u00fclt\u00fcy\u00fc \u00f6nler.<br \/>\n4 &#8211; Dengeli bas\u0131n\u00e7 sa\u011flad\u0131\u011f\u0131ndan su tasarrufu sa\u011flar. Laboratuvar testlerimizde 7,8 barl\u0131k bir bas\u0131nc\u0131 3 bara d\u00fc\u015f\u00fcrd\u00fc\u011f\u00fcm\u00fczde toplam t\u00fcketimde %25 oran\u0131nda su tasarrufu sa\u011flad\u0131\u011f\u0131 g\u00f6r\u00fclm\u00fc\u015ft\u00fcr.<br \/>\n5 &#8211; \u00c7ama\u015f\u0131r, bula\u015f\u0131k makinesi, kombiler ve termosifonlar\u0131n\u0131z\u0131 bas\u0131n\u00e7l\u0131 suyun zararl\u0131 etkilerinden korur.<\/p>\n<p>Hava ve gaz i\u00e7in kullan\u0131lmaz yaln\u0131z su i\u00e7in \u00fcretilmi\u015ftir.<\/p>\n","protected":false},"excerpt":{"rendered":"<p>Su Bas\u0131n\u00e7 D\u00fc\u015f\u00fcr\u00fcc\u00fc (Reg\u00fclat\u00f6r\u00fc), y\u00fcksek bas\u0131n\u00e7l\u0131 \u015febeke sular\u0131n\u0131n bas\u0131nc\u0131n\u0131 d\u00fc\u015f\u00fcrerek tesisatlarda ve tesisatlara ba\u011fl\u0131 cihazlarda olu\u015fabilecek tahribatlar\u0131n \u00f6nlenmesi i\u00e7in \u00fcretilmi\u015ftir. Su Bas\u0131n\u00e7 D\u00fc\u015f\u00fcr\u00fcc\u00fcleri (Reg\u00fclat\u00f6rleri): 1 &#8211; Tesisatlar\u0131n patlamas\u0131 ve armat\u00fcrlerin bas\u0131n\u00e7tan dolay\u0131 bozulmalar\u0131n\u0131 engeller. 2 &#8211; Ko\u00e7 darbesinin zararlar\u0131n\u0131 \u00f6nler. 3 &#8211; Bas\u0131n\u00e7l\u0131 suyun yaratt\u0131\u011f\u0131 g\u00fcr\u00fclt\u00fcy\u00fc \u00f6nler. 4 &#8211; Dengeli bas\u0131n\u00e7 sa\u011flad\u0131\u011f\u0131ndan su tasarrufu sa\u011flar&#8230;.<\/p>\n","protected":false},"featured_media":1453,"comment_status":"open","ping_status":"closed","template":"","meta":{"_kad_post_transparent":"default","_kad_post_title":"","_kad_post_layout":"default","_kad_post_sidebar_id":"","_kad_post_content_style":"default","_kad_post_vertical_padding":"default","_kad_post_feature":"","_kad_post_feature_position":"","_kad_post_header":false,"_kad_post_footer":false,"_joinchat":[]},"product_cat":[51],"product_tag":[],"class_list":["post-1451","product","type-product","status-publish","has-post-thumbnail","hentry","product_cat-aksesuarlar","entry","content-bg","loop-entry"],"_links":{"self":[{"href":"https:\/\/www.didimaquarlessuaritma.com\/tr\/wp-json\/wp\/v2\/product\/1451","targetHints":{"allow":["GET"]}}],"collection":[{"href":"https:\/\/www.didimaquarlessuaritma.com\/tr\/wp-json\/wp\/v2\/product"}],"about":[{"href":"https:\/\/www.didimaquarlessuaritma.com\/tr\/wp-json\/wp\/v2\/types\/product"}],"replies":[{"embeddable":true,"href":"https:\/\/www.didimaquarlessuaritma.com\/tr\/wp-json\/wp\/v2\/comments?post=1451"}],"wp:featuredmedia":[{"embeddable":true,"href":"https:\/\/www.didimaquarlessuaritma.com\/tr\/wp-json\/wp\/v2\/media\/1453"}],"wp:attachment":[{"href":"https:\/\/www.didimaquarlessuaritma.com\/tr\/wp-json\/wp\/v2\/media?parent=1451"}],"wp:term":[{"taxonomy":"product_cat","embeddable":true,"href":"https:\/\/www.didimaquarlessuaritma.com\/tr\/wp-json\/wp\/v2\/product_cat?post=1451"},{"taxonomy":"product_tag","embeddable":true,"href":"https:\/\/www.didimaquarlessuaritma.com\/tr\/wp-json\/wp\/v2\/product_tag?post=1451"}],"curies":[{"name":"wp","href":"https:\/\/api.w.org\/{rel}","templated":true}]}}