{"id":1445,"date":"2023-04-04T18:46:03","date_gmt":"2023-04-04T18:46:03","guid":{"rendered":"https:\/\/poseidonsuaritma.com\/tr\/?post_type=product&#038;p=1445"},"modified":"2023-04-04T18:46:04","modified_gmt":"2023-04-04T18:46:04","slug":"haznesiz-sebil-ustu-aparat-2","status":"publish","type":"product","link":"https:\/\/www.didimaquarlessuaritma.com\/tr\/urun\/haznesiz-sebil-ustu-aparat-2\/","title":{"rendered":"Haznesiz Sebil \u00dcst\u00fc Aparat"},"content":{"rendered":"<p>Haznesiz Sebil \u00dcst\u00fc Aparat ile damacanan\u0131zdan kurtulun, standart damacana su sebilinizi ar\u0131tmal\u0131 su sebiline \u00e7evirin.<\/p>\n<p>Ultraviole korumal\u0131 malzemesi ile her t\u00fcrl\u00fc ar\u0131tma cihaz\u0131n\u0131za direkt ba\u011flanabilen Sebil \u00dcst\u00fc Aparat, ayn\u0131 zamanda t\u00fcm marka ve model su sebillerine uyumludur.<\/p>\n<p>\u015eamandral\u0131 su besleme sistemi ile kesintisiz su ak\u0131\u015f\u0131 sa\u011flar.\u00a0Kapak g\u00f6r\u00fcn\u00fcm\u00fc ile ev ve i\u015fyeri kullan\u0131m\u0131 i\u00e7in idealdir.<\/p>\n<p>\u015e\u0131k dizayn\u0131 ve fonksiyonelli\u011fi ile Sebil \u00dcst\u00fc aparat \u00f6zg\u00fcr ya\u015fam bi\u00e7iminizi destekliyor.<\/p>\n<ul>\n<li>Ultraviole korumal\u0131<\/li>\n<li>T\u00fcm su ar\u0131tma cihaz\u0131 modelleri ile \u00e7al\u0131\u015f\u0131r<\/li>\n<li>T\u00fcm damacana su sebilleri ile \u00e7al\u0131\u015f\u0131r<\/li>\n<li>\u015eamandral\u0131 otomatik su besleme sistemi<\/li>\n<li>\u015e\u0131k Tasar\u0131m<\/li>\n<li>Kolay Montaj<\/li>\n<li>Bitmeyen Damacana<\/li>\n<\/ul>\n","protected":false},"excerpt":{"rendered":"<p>Haznesiz Sebil \u00dcst\u00fc Aparat ile damacanan\u0131zdan kurtulun, standart damacana su sebilinizi ar\u0131tmal\u0131 su sebiline \u00e7evirin. Ultraviole korumal\u0131 malzemesi ile her t\u00fcrl\u00fc ar\u0131tma cihaz\u0131n\u0131za direkt ba\u011flanabilen Sebil \u00dcst\u00fc Aparat, ayn\u0131 zamanda t\u00fcm marka ve model su sebillerine uyumludur. \u015eamandral\u0131 su besleme sistemi ile kesintisiz su ak\u0131\u015f\u0131 sa\u011flar.\u00a0Kapak g\u00f6r\u00fcn\u00fcm\u00fc ile ev ve i\u015fyeri kullan\u0131m\u0131 i\u00e7in idealdir. \u015e\u0131k&#8230;<\/p>\n","protected":false},"featured_media":1446,"comment_status":"open","ping_status":"closed","template":"","meta":{"_kad_post_transparent":"default","_kad_post_title":"","_kad_post_layout":"default","_kad_post_sidebar_id":"","_kad_post_content_style":"default","_kad_post_vertical_padding":"default","_kad_post_feature":"","_kad_post_feature_position":"","_kad_post_header":false,"_kad_post_footer":false,"_joinchat":[]},"product_cat":[51],"product_tag":[],"class_list":["post-1445","product","type-product","status-publish","has-post-thumbnail","hentry","product_cat-aksesuarlar","entry","content-bg","loop-entry"],"_links":{"self":[{"href":"https:\/\/www.didimaquarlessuaritma.com\/tr\/wp-json\/wp\/v2\/product\/1445","targetHints":{"allow":["GET"]}}],"collection":[{"href":"https:\/\/www.didimaquarlessuaritma.com\/tr\/wp-json\/wp\/v2\/product"}],"about":[{"href":"https:\/\/www.didimaquarlessuaritma.com\/tr\/wp-json\/wp\/v2\/types\/product"}],"replies":[{"embeddable":true,"href":"https:\/\/www.didimaquarlessuaritma.com\/tr\/wp-json\/wp\/v2\/comments?post=1445"}],"wp:featuredmedia":[{"embeddable":true,"href":"https:\/\/www.didimaquarlessuaritma.com\/tr\/wp-json\/wp\/v2\/media\/1446"}],"wp:attachment":[{"href":"https:\/\/www.didimaquarlessuaritma.com\/tr\/wp-json\/wp\/v2\/media?parent=1445"}],"wp:term":[{"taxonomy":"product_cat","embeddable":true,"href":"https:\/\/www.didimaquarlessuaritma.com\/tr\/wp-json\/wp\/v2\/product_cat?post=1445"},{"taxonomy":"product_tag","embeddable":true,"href":"https:\/\/www.didimaquarlessuaritma.com\/tr\/wp-json\/wp\/v2\/product_tag?post=1445"}],"curies":[{"name":"wp","href":"https:\/\/api.w.org\/{rel}","templated":true}]}}