{"id":1443,"date":"2023-04-04T17:47:23","date_gmt":"2023-04-04T17:47:23","guid":{"rendered":"https:\/\/poseidonsuaritma.com\/tr\/?post_type=product&#038;p=1443"},"modified":"2023-04-04T17:47:23","modified_gmt":"2023-04-04T17:47:23","slug":"tavsumatik-kafes-su-rezervuar","status":"publish","type":"product","link":"https:\/\/www.didimaquarlessuaritma.com\/tr\/urun\/tavsumatik-kafes-su-rezervuar\/","title":{"rendered":"Tavsumatik &#8211; Kafes Su Rezervuar"},"content":{"rendered":"<p>Yumurtal\u0131k Tavuklarda otomatik suluk sistemi.<br \/>\nKontrol\u00fc kolayd\u0131r.<br \/>\nPislik tutmaz.<br \/>\nStandartlara uygun hijyenik malzemeden yap\u0131lm\u0131\u015ft\u0131r.<br \/>\nSu basma sorunu olmaz.<\/p>\n<p><strong>Giri\u015f\/\u00c7\u0131k\u0131\u015f\u00a0<\/strong>\u00a0 \u00a01\/2&#8243; Di\u015fli Ba\u011flant\u0131<br \/>\n<strong>Kapasite\u00a0<\/strong>\u00a0 \u00a05 Litre<br \/>\n<strong>Kontrol Sistemi<\/strong>\u00a0\u00a0 \u00a0Top \u015eamand\u0131ra &#8211; M Conta<br \/>\n<strong>Tortu Haznesi\u00a0<\/strong>\u00a0 \u00a0Standart<\/p>\n","protected":false},"excerpt":{"rendered":"<p>Yumurtal\u0131k Tavuklarda otomatik suluk sistemi. Kontrol\u00fc kolayd\u0131r. Pislik tutmaz. Standartlara uygun hijyenik malzemeden yap\u0131lm\u0131\u015ft\u0131r. Su basma sorunu olmaz. Giri\u015f\/\u00c7\u0131k\u0131\u015f\u00a0\u00a0 \u00a01\/2&#8243; Di\u015fli Ba\u011flant\u0131 Kapasite\u00a0\u00a0 \u00a05 Litre Kontrol Sistemi\u00a0\u00a0 \u00a0Top \u015eamand\u0131ra &#8211; M Conta Tortu Haznesi\u00a0\u00a0 \u00a0Standart<\/p>\n","protected":false},"featured_media":1444,"comment_status":"open","ping_status":"closed","template":"","meta":{"_kad_post_transparent":"default","_kad_post_title":"","_kad_post_layout":"default","_kad_post_sidebar_id":"","_kad_post_content_style":"default","_kad_post_vertical_padding":"default","_kad_post_feature":"","_kad_post_feature_position":"","_kad_post_header":false,"_kad_post_footer":false,"_joinchat":[]},"product_cat":[50],"product_tag":[],"class_list":["post-1443","product","type-product","status-publish","has-post-thumbnail","hentry","product_cat-ozel-ekipmanlar","entry","content-bg","loop-entry"],"_links":{"self":[{"href":"https:\/\/www.didimaquarlessuaritma.com\/tr\/wp-json\/wp\/v2\/product\/1443","targetHints":{"allow":["GET"]}}],"collection":[{"href":"https:\/\/www.didimaquarlessuaritma.com\/tr\/wp-json\/wp\/v2\/product"}],"about":[{"href":"https:\/\/www.didimaquarlessuaritma.com\/tr\/wp-json\/wp\/v2\/types\/product"}],"replies":[{"embeddable":true,"href":"https:\/\/www.didimaquarlessuaritma.com\/tr\/wp-json\/wp\/v2\/comments?post=1443"}],"wp:featuredmedia":[{"embeddable":true,"href":"https:\/\/www.didimaquarlessuaritma.com\/tr\/wp-json\/wp\/v2\/media\/1444"}],"wp:attachment":[{"href":"https:\/\/www.didimaquarlessuaritma.com\/tr\/wp-json\/wp\/v2\/media?parent=1443"}],"wp:term":[{"taxonomy":"product_cat","embeddable":true,"href":"https:\/\/www.didimaquarlessuaritma.com\/tr\/wp-json\/wp\/v2\/product_cat?post=1443"},{"taxonomy":"product_tag","embeddable":true,"href":"https:\/\/www.didimaquarlessuaritma.com\/tr\/wp-json\/wp\/v2\/product_tag?post=1443"}],"curies":[{"name":"wp","href":"https:\/\/api.w.org\/{rel}","templated":true}]}}