{"id":1439,"date":"2023-04-04T17:45:30","date_gmt":"2023-04-04T17:45:30","guid":{"rendered":"https:\/\/poseidonsuaritma.com\/tr\/?post_type=product&#038;p=1439"},"modified":"2023-04-04T17:45:30","modified_gmt":"2023-04-04T17:45:30","slug":"yumusatma-tuzu","status":"publish","type":"product","link":"https:\/\/www.didimaquarlessuaritma.com\/tr\/urun\/yumusatma-tuzu\/","title":{"rendered":"Yumu\u015fatma Tuzu"},"content":{"rendered":"<p>\u00dclkemizdeki kaynaklardan \u00e7\u0131kar\u0131lan Tuz, yumu\u015fatma sistemlerinde iyon al\u0131\u015fveri\u015fi i\u00e7in kullan\u0131lmaktad\u0131r.<\/p>\n<p>Kalsiyum (Ca) ve magnezyum (Mg) iyonlar\u0131 suda bulunur ve sertlik olarak adland\u0131r\u0131l\u0131r.<\/p>\n<p>Suyu yumu\u015fatmak i\u00e7in sudan \u00e7\u0131kar\u0131l\u0131r ve sodyum (Na) iyonlar\u0131 ile de\u011fi\u015ftirilir.<\/p>\n<p>Su yumu\u015fatma i\u015flemi i\u00e7in hem gran\u00fcl hem de tablet tuzlar\u0131 kullan\u0131labilir.<\/p>\n<p>25 kg.&#8217;l\u0131k \u00c7uvallarda Sat\u0131lmaktad\u0131r.<\/p>\n<p>&nbsp;<\/p>\n<p>Not:<\/p>\n<p>Yumu\u015fatma sistemleriniz periyodik bak\u0131mlar\u0131n\u0131, Tuz olmadan yapamayaca\u011f\u0131 i\u00e7in Tuz tank\u0131n\u0131z\u0131 kontrol ediniz.<\/p>\n","protected":false},"excerpt":{"rendered":"<p>\u00dclkemizdeki kaynaklardan \u00e7\u0131kar\u0131lan Tuz, yumu\u015fatma sistemlerinde iyon al\u0131\u015fveri\u015fi i\u00e7in kullan\u0131lmaktad\u0131r. Kalsiyum (Ca) ve magnezyum (Mg) iyonlar\u0131 suda bulunur ve sertlik olarak adland\u0131r\u0131l\u0131r. Suyu yumu\u015fatmak i\u00e7in sudan \u00e7\u0131kar\u0131l\u0131r ve sodyum (Na) iyonlar\u0131 ile de\u011fi\u015ftirilir. Su yumu\u015fatma i\u015flemi i\u00e7in hem gran\u00fcl hem de tablet tuzlar\u0131 kullan\u0131labilir. 25 kg.&#8217;l\u0131k \u00c7uvallarda Sat\u0131lmaktad\u0131r. &nbsp; Not: Yumu\u015fatma sistemleriniz periyodik bak\u0131mlar\u0131n\u0131, Tuz&#8230;<\/p>\n","protected":false},"featured_media":1440,"comment_status":"open","ping_status":"closed","template":"","meta":{"_kad_post_transparent":"default","_kad_post_title":"","_kad_post_layout":"default","_kad_post_sidebar_id":"","_kad_post_content_style":"default","_kad_post_vertical_padding":"default","_kad_post_feature":"","_kad_post_feature_position":"","_kad_post_header":false,"_kad_post_footer":false,"_joinchat":[]},"product_cat":[49],"product_tag":[],"class_list":["post-1439","product","type-product","status-publish","has-post-thumbnail","hentry","product_cat-yumusatma-sistemleri","entry","content-bg","loop-entry"],"_links":{"self":[{"href":"https:\/\/www.didimaquarlessuaritma.com\/tr\/wp-json\/wp\/v2\/product\/1439","targetHints":{"allow":["GET"]}}],"collection":[{"href":"https:\/\/www.didimaquarlessuaritma.com\/tr\/wp-json\/wp\/v2\/product"}],"about":[{"href":"https:\/\/www.didimaquarlessuaritma.com\/tr\/wp-json\/wp\/v2\/types\/product"}],"replies":[{"embeddable":true,"href":"https:\/\/www.didimaquarlessuaritma.com\/tr\/wp-json\/wp\/v2\/comments?post=1439"}],"wp:featuredmedia":[{"embeddable":true,"href":"https:\/\/www.didimaquarlessuaritma.com\/tr\/wp-json\/wp\/v2\/media\/1440"}],"wp:attachment":[{"href":"https:\/\/www.didimaquarlessuaritma.com\/tr\/wp-json\/wp\/v2\/media?parent=1439"}],"wp:term":[{"taxonomy":"product_cat","embeddable":true,"href":"https:\/\/www.didimaquarlessuaritma.com\/tr\/wp-json\/wp\/v2\/product_cat?post=1439"},{"taxonomy":"product_tag","embeddable":true,"href":"https:\/\/www.didimaquarlessuaritma.com\/tr\/wp-json\/wp\/v2\/product_tag?post=1439"}],"curies":[{"name":"wp","href":"https:\/\/api.w.org\/{rel}","templated":true}]}}