{"id":1435,"date":"2023-04-04T17:43:59","date_gmt":"2023-04-04T17:43:59","guid":{"rendered":"https:\/\/poseidonsuaritma.com\/tr\/?post_type=product&#038;p=1435"},"modified":"2023-04-04T17:44:00","modified_gmt":"2023-04-04T17:44:00","slug":"cw-soft-midi-15-litre-lux-akilli-yumusatma-sistemi","status":"publish","type":"product","link":"https:\/\/www.didimaquarlessuaritma.com\/tr\/urun\/cw-soft-midi-15-litre-lux-akilli-yumusatma-sistemi\/","title":{"rendered":"Cw-Soft Midi 15 Litre L\u00fcx Ak\u0131ll\u0131 Yumu\u015fatma Sistemi"},"content":{"rendered":"<p><strong>Giri\u015f\/\u00c7\u0131k\u0131\u015f<\/strong>\u00a0\u00a0 \u00a01&#8243; Di\u015fli Ba\u011flant\u0131<br \/>\n<strong>Kapasite\u00a0<\/strong>\u00a0 \u00a0500 Litre\/Saat &#8211; 4 Bar<br \/>\n<strong>By-Pass Vana<\/strong>\u00a0\u00a0 \u00a0Dahil<br \/>\n<strong>Esnek Boru\u00a0<\/strong>\u00a0 \u00a02 ad. Metal Rekorlu Flex Dahildir<br \/>\n<strong>Model Tipi<\/strong>\u00a0\u00a0 \u00a0Tuz Tankl\u0131 Kabinet Sistem<br \/>\n<strong>Kontrol Sistemi<\/strong>\u00a0\u00a0 \u00a0Zaman veya Debi Kontoll\u00fc Ayarlanabilir<br \/>\n<strong>Ekran\u00a0<\/strong>\u00a0 \u00a0Dijital T\u00fcrk\u00e7e Men\u00fcl\u00fc Led Ekran<br \/>\n<strong>Ek \u00d6zellik<\/strong>\u00a0\u00a0 \u00a0Tatil Modu<br \/>\n<strong>Giri\u015f g\u00fcc\u00fc\u00a0<\/strong>\u00a0 \u00a0100-230 VAC<br \/>\n<strong>\u00c7\u0131k\u0131\u015f G\u00fcc\u00fc\u00a0<\/strong>\u00a0 \u00a01.5A-24 VDC\/19W<br \/>\n<strong>Sertifikalar\u00a0<\/strong>\u00a0 \u00a0RoHS, CE, NSF, ISO<br \/>\n<strong>\u00d6l\u00e7\u00fcler\u00a0<\/strong>\u00a0 \u00a0525mm x 325mm x 615mm<\/p>\n<p>Dijital Ekran T\u00fcrk\u00e7e Men\u00fc ile Kolay Kullan\u0131m<br \/>\n\u00c7al\u0131\u015fma Pozisyonu Ekrandan Takip Edilebilir<br \/>\nEkranda; Anl\u0131k Ak\u0131\u015f Miktar\u0131 , Kalan S\u00fcre Takip Edilebilir<br \/>\nTatil Modu ile Kullan\u0131lmad\u0131\u011f\u0131nda Ayarlanan Zamanda Kendi Bak\u0131m Yaparak Bakteri Olu\u015fumunu \u00d6nler<\/p>\n","protected":false},"excerpt":{"rendered":"<p>Giri\u015f\/\u00c7\u0131k\u0131\u015f\u00a0\u00a0 \u00a01&#8243; Di\u015fli Ba\u011flant\u0131 Kapasite\u00a0\u00a0 \u00a0500 Litre\/Saat &#8211; 4 Bar By-Pass Vana\u00a0\u00a0 \u00a0Dahil Esnek Boru\u00a0\u00a0 \u00a02 ad. Metal Rekorlu Flex Dahildir Model Tipi\u00a0\u00a0 \u00a0Tuz Tankl\u0131 Kabinet Sistem Kontrol Sistemi\u00a0\u00a0 \u00a0Zaman veya Debi Kontoll\u00fc Ayarlanabilir Ekran\u00a0\u00a0 \u00a0Dijital T\u00fcrk\u00e7e Men\u00fcl\u00fc Led Ekran Ek \u00d6zellik\u00a0\u00a0 \u00a0Tatil Modu Giri\u015f g\u00fcc\u00fc\u00a0\u00a0 \u00a0100-230 VAC \u00c7\u0131k\u0131\u015f G\u00fcc\u00fc\u00a0\u00a0 \u00a01.5A-24 VDC\/19W Sertifikalar\u00a0\u00a0 \u00a0RoHS, CE,&#8230;<\/p>\n","protected":false},"featured_media":1436,"comment_status":"open","ping_status":"closed","template":"","meta":{"_kad_post_transparent":"default","_kad_post_title":"","_kad_post_layout":"default","_kad_post_sidebar_id":"","_kad_post_content_style":"default","_kad_post_vertical_padding":"default","_kad_post_feature":"","_kad_post_feature_position":"","_kad_post_header":false,"_kad_post_footer":false,"_joinchat":[]},"product_cat":[49],"product_tag":[],"class_list":["post-1435","product","type-product","status-publish","has-post-thumbnail","hentry","product_cat-yumusatma-sistemleri","entry","content-bg","loop-entry"],"_links":{"self":[{"href":"https:\/\/www.didimaquarlessuaritma.com\/tr\/wp-json\/wp\/v2\/product\/1435","targetHints":{"allow":["GET"]}}],"collection":[{"href":"https:\/\/www.didimaquarlessuaritma.com\/tr\/wp-json\/wp\/v2\/product"}],"about":[{"href":"https:\/\/www.didimaquarlessuaritma.com\/tr\/wp-json\/wp\/v2\/types\/product"}],"replies":[{"embeddable":true,"href":"https:\/\/www.didimaquarlessuaritma.com\/tr\/wp-json\/wp\/v2\/comments?post=1435"}],"wp:featuredmedia":[{"embeddable":true,"href":"https:\/\/www.didimaquarlessuaritma.com\/tr\/wp-json\/wp\/v2\/media\/1436"}],"wp:attachment":[{"href":"https:\/\/www.didimaquarlessuaritma.com\/tr\/wp-json\/wp\/v2\/media?parent=1435"}],"wp:term":[{"taxonomy":"product_cat","embeddable":true,"href":"https:\/\/www.didimaquarlessuaritma.com\/tr\/wp-json\/wp\/v2\/product_cat?post=1435"},{"taxonomy":"product_tag","embeddable":true,"href":"https:\/\/www.didimaquarlessuaritma.com\/tr\/wp-json\/wp\/v2\/product_tag?post=1435"}],"curies":[{"name":"wp","href":"https:\/\/api.w.org\/{rel}","templated":true}]}}