{"id":1419,"date":"2023-04-04T17:37:30","date_gmt":"2023-04-04T17:37:30","guid":{"rendered":"https:\/\/poseidonsuaritma.com\/tr\/?post_type=product&#038;p=1419"},"modified":"2023-04-04T17:37:30","modified_gmt":"2023-04-04T17:37:30","slug":"maxi-lux-kabinetli-otomatik-yumusatma-sistemi","status":"publish","type":"product","link":"https:\/\/www.didimaquarlessuaritma.com\/tr\/urun\/maxi-lux-kabinetli-otomatik-yumusatma-sistemi\/","title":{"rendered":"Max\u0131 L\u00fcx Kabinetli Otomatik Yumu\u015fatma Sistemi"},"content":{"rendered":"<p>Su yumu\u015fatma cihazlar\u0131, ham suda bulunan kalsiyum ve magnezyumu sudan uzakla\u015ft\u0131r\u0131r.<br \/>\nSonu\u00e7ta bu i\u015flemi yapan mineral tank\u0131nda bulunan katyonik re\u00e7inedir.<br \/>\nBasit iyon de\u011fi\u015fim prensibi ile \u00e7al\u0131\u015fan bu re\u00e7ineler, sularda bulunan Ca ve Mg iyonlar\u0131n\u0131 yakalar ve bunlar\u0131n yerine re\u00e7ine yap\u0131s\u0131ndaki Na iyonlar\u0131n\u0131 b\u0131rak\u0131r.<br \/>\nRe\u00e7inenin doymas\u0131 dedi\u011fimiz; Na iyonlar\u0131n\u0131n t\u00fckenmesi durumunda ise sistem tuzlu su ile rejenere edilerek tekrar servise al\u0131n\u0131r.<br \/>\nSu yumu\u015fatma sistemleri ayn\u0131 zamanda 1 mg\/L \u2018den fazla demir ve manganezi de yakalar.<br \/>\nFe ve Mn\u2018\u0131n 1 mg\/L &#8216;den fazla oldu\u011fu sularda, yumu\u015fat\u0131c\u0131 \u00fcnitenin sa\u011fl\u0131kl\u0131 \u00e7al\u0131\u015fabilmesi i\u00e7in \u00f6n ar\u0131t\u0131m yap\u0131lmas\u0131 gerekmektedir.<\/p>\n<p><strong>Giri\u015f\/\u00c7\u0131k\u0131\u015f<\/strong>\u00a0\u00a0 \u00a0 3\/4&#8243; \/ 1&#8243; Di\u015fli Ba\u011flant\u0131<br \/>\n<strong>Kapasite\u00a0<\/strong>\u00a0 \u00a0 500 Litre\/Saat &#8211; 4 Bar<br \/>\n<strong>Re\u00e7ine Miktar\u0131\u00a0<\/strong>\u00a0 \u00a0 25 Litre<br \/>\n<strong>Model Tipi\u00a0<\/strong>\u00a0 \u00a0 Tuz Tankl\u0131 Kabinet Sistem<br \/>\n<strong>Kontrol Sistemi\u00a0<\/strong>\u00a0 \u00a0 Zaman Kontoll\u00fc Mekanik Valf (5600 Timer Valf)<br \/>\n<strong>Giri\u015f g\u00fcc\u00fc\u00a0<\/strong>\u00a0 \u00a0100-230 VAC<br \/>\n<strong>\u00c7\u0131k\u0131\u015f G\u00fcc\u00fc\u00a0<\/strong>\u00a0 \u00a012 V<br \/>\n<strong>\u00d6l\u00e7\u00fcler\u00a0\u00a0<\/strong>\u00a0\u00a050mm x 280mm x 1100 mm<br \/>\n<strong>Dijital Valf Fark\u0131 1500 TL<\/strong><\/p>\n","protected":false},"excerpt":{"rendered":"<p>Su yumu\u015fatma cihazlar\u0131, ham suda bulunan kalsiyum ve magnezyumu sudan uzakla\u015ft\u0131r\u0131r. Sonu\u00e7ta bu i\u015flemi yapan mineral tank\u0131nda bulunan katyonik re\u00e7inedir. Basit iyon de\u011fi\u015fim prensibi ile \u00e7al\u0131\u015fan bu re\u00e7ineler, sularda bulunan Ca ve Mg iyonlar\u0131n\u0131 yakalar ve bunlar\u0131n yerine re\u00e7ine yap\u0131s\u0131ndaki Na iyonlar\u0131n\u0131 b\u0131rak\u0131r. Re\u00e7inenin doymas\u0131 dedi\u011fimiz; Na iyonlar\u0131n\u0131n t\u00fckenmesi durumunda ise sistem tuzlu su ile&#8230;<\/p>\n","protected":false},"featured_media":1420,"comment_status":"open","ping_status":"closed","template":"","meta":{"_kad_post_transparent":"default","_kad_post_title":"","_kad_post_layout":"default","_kad_post_sidebar_id":"","_kad_post_content_style":"default","_kad_post_vertical_padding":"default","_kad_post_feature":"","_kad_post_feature_position":"","_kad_post_header":false,"_kad_post_footer":false,"_joinchat":[]},"product_cat":[49],"product_tag":[],"class_list":["post-1419","product","type-product","status-publish","has-post-thumbnail","hentry","product_cat-yumusatma-sistemleri","entry","content-bg","loop-entry"],"_links":{"self":[{"href":"https:\/\/www.didimaquarlessuaritma.com\/tr\/wp-json\/wp\/v2\/product\/1419","targetHints":{"allow":["GET"]}}],"collection":[{"href":"https:\/\/www.didimaquarlessuaritma.com\/tr\/wp-json\/wp\/v2\/product"}],"about":[{"href":"https:\/\/www.didimaquarlessuaritma.com\/tr\/wp-json\/wp\/v2\/types\/product"}],"replies":[{"embeddable":true,"href":"https:\/\/www.didimaquarlessuaritma.com\/tr\/wp-json\/wp\/v2\/comments?post=1419"}],"wp:featuredmedia":[{"embeddable":true,"href":"https:\/\/www.didimaquarlessuaritma.com\/tr\/wp-json\/wp\/v2\/media\/1420"}],"wp:attachment":[{"href":"https:\/\/www.didimaquarlessuaritma.com\/tr\/wp-json\/wp\/v2\/media?parent=1419"}],"wp:term":[{"taxonomy":"product_cat","embeddable":true,"href":"https:\/\/www.didimaquarlessuaritma.com\/tr\/wp-json\/wp\/v2\/product_cat?post=1419"},{"taxonomy":"product_tag","embeddable":true,"href":"https:\/\/www.didimaquarlessuaritma.com\/tr\/wp-json\/wp\/v2\/product_tag?post=1419"}],"curies":[{"name":"wp","href":"https:\/\/api.w.org\/{rel}","templated":true}]}}