{"id":1399,"date":"2023-04-04T14:15:24","date_gmt":"2023-04-04T14:15:24","guid":{"rendered":"https:\/\/poseidonsuaritma.com\/tr\/?post_type=product&#038;p=1399"},"modified":"2023-04-04T14:15:24","modified_gmt":"2023-04-04T14:15:24","slug":"5-bos-housing","status":"publish","type":"product","link":"https:\/\/www.didimaquarlessuaritma.com\/tr\/urun\/5-bos-housing\/","title":{"rendered":"5&#8243; Bo\u015f Housing"},"content":{"rendered":"<p>5&#8243; Filtre g\u00f6vdeleri tesisata ba\u011flamak i\u00e7in giri\u015f ve \u00e7\u0131k\u0131\u015flar\u0131 3\/4&#8243; veya 1&#8243; olarak tasarlanm\u0131\u015ft\u0131r.<\/p>\n<p><strong>Giri\u015f \/ \u00c7\u0131k\u0131\u015f\u00a0<\/strong>\u00a0 \u00a0 3\/4&#8243; &#8211; 1&#8243; Di\u015fli Ba\u011flant\u0131<br \/>\n<strong>Housing Tipi\u00a0<\/strong>\u00a0 \u00a0 5&#8243; \u015eeffaf G\u00f6vdeli Housing<\/p>\n<p><strong>\u00d6n Filtre Tipi\u00a0<\/strong>\u00a0 \u00a0 5&#8243;Filtrelere uyumludur<\/p>\n<p><strong>Ek Par\u00e7alar\u00a0\u00a0<\/strong>\u00a0\u00a0 Ask\u0131 Aparat\u0131 &#8211; 1 ad.<br \/>\nA\u00e7ma Anahtar\u0131<\/p>\n","protected":false},"excerpt":{"rendered":"<p>5&#8243; Filtre g\u00f6vdeleri tesisata ba\u011flamak i\u00e7in giri\u015f ve \u00e7\u0131k\u0131\u015flar\u0131 3\/4&#8243; veya 1&#8243; olarak tasarlanm\u0131\u015ft\u0131r. Giri\u015f \/ \u00c7\u0131k\u0131\u015f\u00a0\u00a0 \u00a0 3\/4&#8243; &#8211; 1&#8243; Di\u015fli Ba\u011flant\u0131 Housing Tipi\u00a0\u00a0 \u00a0 5&#8243; \u015eeffaf G\u00f6vdeli Housing \u00d6n Filtre Tipi\u00a0\u00a0 \u00a0 5&#8243;Filtrelere uyumludur Ek Par\u00e7alar\u00a0\u00a0\u00a0\u00a0 Ask\u0131 Aparat\u0131 &#8211; 1 ad. A\u00e7ma Anahtar\u0131<\/p>\n","protected":false},"featured_media":1400,"comment_status":"open","ping_status":"closed","template":"","meta":{"_kad_post_transparent":"default","_kad_post_title":"","_kad_post_layout":"default","_kad_post_sidebar_id":"","_kad_post_content_style":"default","_kad_post_vertical_padding":"default","_kad_post_feature":"","_kad_post_feature_position":"","_kad_post_header":false,"_kad_post_footer":false,"_joinchat":[]},"product_cat":[48],"product_tag":[],"class_list":["post-1399","product","type-product","status-publish","has-post-thumbnail","hentry","product_cat-filtrasyon-sistemler","entry","content-bg","loop-entry"],"_links":{"self":[{"href":"https:\/\/www.didimaquarlessuaritma.com\/tr\/wp-json\/wp\/v2\/product\/1399","targetHints":{"allow":["GET"]}}],"collection":[{"href":"https:\/\/www.didimaquarlessuaritma.com\/tr\/wp-json\/wp\/v2\/product"}],"about":[{"href":"https:\/\/www.didimaquarlessuaritma.com\/tr\/wp-json\/wp\/v2\/types\/product"}],"replies":[{"embeddable":true,"href":"https:\/\/www.didimaquarlessuaritma.com\/tr\/wp-json\/wp\/v2\/comments?post=1399"}],"wp:featuredmedia":[{"embeddable":true,"href":"https:\/\/www.didimaquarlessuaritma.com\/tr\/wp-json\/wp\/v2\/media\/1400"}],"wp:attachment":[{"href":"https:\/\/www.didimaquarlessuaritma.com\/tr\/wp-json\/wp\/v2\/media?parent=1399"}],"wp:term":[{"taxonomy":"product_cat","embeddable":true,"href":"https:\/\/www.didimaquarlessuaritma.com\/tr\/wp-json\/wp\/v2\/product_cat?post=1399"},{"taxonomy":"product_tag","embeddable":true,"href":"https:\/\/www.didimaquarlessuaritma.com\/tr\/wp-json\/wp\/v2\/product_tag?post=1399"}],"curies":[{"name":"wp","href":"https:\/\/api.w.org\/{rel}","templated":true}]}}