{"id":1393,"date":"2023-04-04T14:09:05","date_gmt":"2023-04-04T14:09:05","guid":{"rendered":"https:\/\/poseidonsuaritma.com\/tr\/?post_type=product&#038;p=1393"},"modified":"2023-04-04T14:09:05","modified_gmt":"2023-04-04T14:09:05","slug":"10-kirec-onleyici-silifozlu-yikanabilir-filtrasyon","status":"publish","type":"product","link":"https:\/\/www.didimaquarlessuaritma.com\/tr\/urun\/10-kirec-onleyici-silifozlu-yikanabilir-filtrasyon\/","title":{"rendered":"10&#8243; Kire\u00e7 \u00d6nleyici Silifozlu Y\u0131kanabilir Filtrasyon"},"content":{"rendered":"<p>10&#8243; Silifozlu Y\u0131kanabilir Filtreler tesisata ba\u011flamak i\u00e7in giri\u015f ve \u00e7\u0131k\u0131\u015flar\u0131 3\/4&#8243; veya 1&#8243; olarak tasarlanm\u0131\u015ft\u0131r.<br \/>\nSilifoz; Suyun yumu\u015fat\u0131lmas\u0131nda rol al\u0131r. Sudaki kalsiyum ve magnezyum fazla ise su sert olur. Bu nedenle Silifoz eriyerek suya kar\u0131\u015f\u0131r ve kire\u00e7 olu\u015fumunu engeller. Y\u0131lda 1 defa de\u011fi\u015ftirilmesi \u00f6nerilir.<\/p>\n<p><strong>Giri\u015f \/ \u00c7\u0131k\u0131\u015f<\/strong>\u00a0\u00a0 \u00a0 3\/4&#8243; &#8211; 1&#8243; Di\u015fli Ba\u011flant\u0131<br \/>\n<strong>Housing Tipi\u00a0<\/strong>\u00a0 \u00a0 10&#8243; \u015eeffaf G\u00f6vdeli Housing<\/p>\n<p><strong>\u00d6n Filtre Tipi\u00a0\u00a0<\/strong>\u00a0\u00a0 10&#8243; Kire\u00e7 K\u0131r\u0131c\u0131 Silifoz Dolu Y\u0131kanabilir Filtre<\/p>\n<p><strong>Ek Par\u00e7alar\u00a0<\/strong>\u00a0 \u00a0 Ask\u0131 Aparat\u0131 &#8211; 1 ad.<br \/>\nA\u00e7ma Anahtar\u0131<\/p>\n","protected":false},"excerpt":{"rendered":"<p>10&#8243; Silifozlu Y\u0131kanabilir Filtreler tesisata ba\u011flamak i\u00e7in giri\u015f ve \u00e7\u0131k\u0131\u015flar\u0131 3\/4&#8243; veya 1&#8243; olarak tasarlanm\u0131\u015ft\u0131r. Silifoz; Suyun yumu\u015fat\u0131lmas\u0131nda rol al\u0131r. Sudaki kalsiyum ve magnezyum fazla ise su sert olur. Bu nedenle Silifoz eriyerek suya kar\u0131\u015f\u0131r ve kire\u00e7 olu\u015fumunu engeller. Y\u0131lda 1 defa de\u011fi\u015ftirilmesi \u00f6nerilir. Giri\u015f \/ \u00c7\u0131k\u0131\u015f\u00a0\u00a0 \u00a0 3\/4&#8243; &#8211; 1&#8243; Di\u015fli Ba\u011flant\u0131 Housing Tipi\u00a0\u00a0&#8230;<\/p>\n","protected":false},"featured_media":1394,"comment_status":"open","ping_status":"closed","template":"","meta":{"_kad_post_transparent":"default","_kad_post_title":"","_kad_post_layout":"default","_kad_post_sidebar_id":"","_kad_post_content_style":"default","_kad_post_vertical_padding":"default","_kad_post_feature":"","_kad_post_feature_position":"","_kad_post_header":false,"_kad_post_footer":false,"_joinchat":[]},"product_cat":[48],"product_tag":[],"class_list":["post-1393","product","type-product","status-publish","has-post-thumbnail","hentry","product_cat-filtrasyon-sistemler","entry","content-bg","loop-entry"],"_links":{"self":[{"href":"https:\/\/www.didimaquarlessuaritma.com\/tr\/wp-json\/wp\/v2\/product\/1393","targetHints":{"allow":["GET"]}}],"collection":[{"href":"https:\/\/www.didimaquarlessuaritma.com\/tr\/wp-json\/wp\/v2\/product"}],"about":[{"href":"https:\/\/www.didimaquarlessuaritma.com\/tr\/wp-json\/wp\/v2\/types\/product"}],"replies":[{"embeddable":true,"href":"https:\/\/www.didimaquarlessuaritma.com\/tr\/wp-json\/wp\/v2\/comments?post=1393"}],"wp:featuredmedia":[{"embeddable":true,"href":"https:\/\/www.didimaquarlessuaritma.com\/tr\/wp-json\/wp\/v2\/media\/1394"}],"wp:attachment":[{"href":"https:\/\/www.didimaquarlessuaritma.com\/tr\/wp-json\/wp\/v2\/media?parent=1393"}],"wp:term":[{"taxonomy":"product_cat","embeddable":true,"href":"https:\/\/www.didimaquarlessuaritma.com\/tr\/wp-json\/wp\/v2\/product_cat?post=1393"},{"taxonomy":"product_tag","embeddable":true,"href":"https:\/\/www.didimaquarlessuaritma.com\/tr\/wp-json\/wp\/v2\/product_tag?post=1393"}],"curies":[{"name":"wp","href":"https:\/\/api.w.org\/{rel}","templated":true}]}}