{"id":1390,"date":"2023-04-04T14:05:48","date_gmt":"2023-04-04T14:05:48","guid":{"rendered":"https:\/\/poseidonsuaritma.com\/tr\/?post_type=product&#038;p=1390"},"modified":"2023-04-04T14:05:48","modified_gmt":"2023-04-04T14:05:48","slug":"10-gac-karbon-filtrasyon","status":"publish","type":"product","link":"https:\/\/www.didimaquarlessuaritma.com\/tr\/urun\/10-gac-karbon-filtrasyon\/","title":{"rendered":"10&#8243; Gac Karbon Filtrasyon"},"content":{"rendered":"<p>Su filtre sistemi 10&#8243; \u00dc\u00e7l\u00fc Tak\u0131m Filtreler tesisata ba\u011flamak i\u00e7in giri\u015f ve \u00e7\u0131k\u0131\u015flar\u0131 3\/4&#8243; veya 1&#8243; olarak tasarlanm\u0131\u015ft\u0131r.<br \/>\n\u00dc\u00e7l\u00fc tak\u0131m filtrede, filtreler tekli haldedir. Tesisat ek par\u00e7alar\u0131 ile birle\u015ftirilir.<\/p>\n<p>Aktif Karbon; Sudaki renk, tat, koku ve klorun d\u00fczenlenmesini sa\u011flar. Y\u0131lda 1 defa de\u011fi\u015ftirilmesi \u00f6nerilir.<\/p>\n<p><strong>Giri\u015f \/ \u00c7\u0131k\u0131\u015f\u00a0\u00a0<\/strong>\u00a0\u00a0 3\/4&#8243; &#8211; 1&#8243; Di\u015fli Ba\u011flant\u0131<br \/>\n<strong>Housing Tipi\u00a0\u00a0<\/strong>\u00a0\u00a0 10&#8243; \u015eeffaf G\u00f6vdeli Housing<\/p>\n<p><strong>\u00d6n Filtre Tipi\u00a0\u00a0<\/strong>\u00a0\u00a0\u00a0 10&#8243; GAC Aktif Karbon Filtre<\/p>\n<p><strong>Ek Par\u00e7alar\u00a0<\/strong>\u00a0 \u00a0 Ask\u0131 Aparat\u0131 &#8211; 1 ad.<br \/>\nA\u00e7ma Anahtar\u0131<\/p>\n","protected":false},"excerpt":{"rendered":"<p>Su filtre sistemi 10&#8243; \u00dc\u00e7l\u00fc Tak\u0131m Filtreler tesisata ba\u011flamak i\u00e7in giri\u015f ve \u00e7\u0131k\u0131\u015flar\u0131 3\/4&#8243; veya 1&#8243; olarak tasarlanm\u0131\u015ft\u0131r. \u00dc\u00e7l\u00fc tak\u0131m filtrede, filtreler tekli haldedir. Tesisat ek par\u00e7alar\u0131 ile birle\u015ftirilir. Aktif Karbon; Sudaki renk, tat, koku ve klorun d\u00fczenlenmesini sa\u011flar. Y\u0131lda 1 defa de\u011fi\u015ftirilmesi \u00f6nerilir. Giri\u015f \/ \u00c7\u0131k\u0131\u015f\u00a0\u00a0\u00a0\u00a0 3\/4&#8243; &#8211; 1&#8243; Di\u015fli Ba\u011flant\u0131 Housing Tipi\u00a0\u00a0\u00a0\u00a0 10&#8243;&#8230;<\/p>\n","protected":false},"featured_media":1391,"comment_status":"open","ping_status":"closed","template":"","meta":{"_kad_post_transparent":"default","_kad_post_title":"","_kad_post_layout":"default","_kad_post_sidebar_id":"","_kad_post_content_style":"default","_kad_post_vertical_padding":"default","_kad_post_feature":"","_kad_post_feature_position":"","_kad_post_header":false,"_kad_post_footer":false,"_joinchat":[]},"product_cat":[48],"product_tag":[],"class_list":["post-1390","product","type-product","status-publish","has-post-thumbnail","hentry","product_cat-filtrasyon-sistemler","entry","content-bg","loop-entry"],"_links":{"self":[{"href":"https:\/\/www.didimaquarlessuaritma.com\/tr\/wp-json\/wp\/v2\/product\/1390","targetHints":{"allow":["GET"]}}],"collection":[{"href":"https:\/\/www.didimaquarlessuaritma.com\/tr\/wp-json\/wp\/v2\/product"}],"about":[{"href":"https:\/\/www.didimaquarlessuaritma.com\/tr\/wp-json\/wp\/v2\/types\/product"}],"replies":[{"embeddable":true,"href":"https:\/\/www.didimaquarlessuaritma.com\/tr\/wp-json\/wp\/v2\/comments?post=1390"}],"wp:featuredmedia":[{"embeddable":true,"href":"https:\/\/www.didimaquarlessuaritma.com\/tr\/wp-json\/wp\/v2\/media\/1391"}],"wp:attachment":[{"href":"https:\/\/www.didimaquarlessuaritma.com\/tr\/wp-json\/wp\/v2\/media?parent=1390"}],"wp:term":[{"taxonomy":"product_cat","embeddable":true,"href":"https:\/\/www.didimaquarlessuaritma.com\/tr\/wp-json\/wp\/v2\/product_cat?post=1390"},{"taxonomy":"product_tag","embeddable":true,"href":"https:\/\/www.didimaquarlessuaritma.com\/tr\/wp-json\/wp\/v2\/product_tag?post=1390"}],"curies":[{"name":"wp","href":"https:\/\/api.w.org\/{rel}","templated":true}]}}