{"id":1384,"date":"2023-04-04T13:53:27","date_gmt":"2023-04-04T13:53:27","guid":{"rendered":"https:\/\/poseidonsuaritma.com\/tr\/?post_type=product&#038;p=1384"},"modified":"2023-04-04T13:53:27","modified_gmt":"2023-04-04T13:53:27","slug":"10-yikanabilir-tortu-filtrasyon","status":"publish","type":"product","link":"https:\/\/www.didimaquarlessuaritma.com\/tr\/urun\/10-yikanabilir-tortu-filtrasyon\/","title":{"rendered":"10&#8243; Y\u0131kanabilir Tortu Filtrasyon"},"content":{"rendered":"<p>10&#8243; Y\u0131kanabilir Filtreler tesisata ba\u011flamak i\u00e7in giri\u015f ve \u00e7\u0131k\u0131\u015flar\u0131 3\/4&#8243; veya 1&#8243; olarak tasarlanm\u0131\u015ft\u0131r.<br \/>\nY\u0131kanabilir Filtre ; Sudan gelen kum, \u00e7ak\u0131l, ta\u015f vb. maddeleri s\u00fczer. Y\u0131kanabilir olmas\u0131 sebebiyle istenildi\u011fi zaman \u00e7\u0131kar\u0131l\u0131p temizlenip, tekrar kullan\u0131labilir.<\/p>\n<p><strong>Giri\u015f \/ \u00c7\u0131k\u0131\u015f\u00a0<\/strong>\u00a0 \u00a0 3\/4&#8243; &#8211; 1&#8243; Di\u015fli Ba\u011flant\u0131<br \/>\n<strong>Housing Tipi\u00a0\u00a0<\/strong>\u00a0\u00a0 10&#8243; \u015eeffaf G\u00f6vdeli Housing<\/p>\n<p><strong>\u00d6n Filtre Tipi\u00a0\u00a0<\/strong>\u00a0\u00a0 10&#8243; 50\u00b5 Y\u0131kanabilir Kartu\u015f Filtre<\/p>\n<p><strong>Ek Par\u00e7alar<\/strong>\u00a0\u00a0 \u00a0 Ask\u0131 Aparat\u0131 &#8211; 1 ad.<br \/>\nA\u00e7ma Anahtar\u0131<\/p>\n","protected":false},"excerpt":{"rendered":"<p>10&#8243; Y\u0131kanabilir Filtreler tesisata ba\u011flamak i\u00e7in giri\u015f ve \u00e7\u0131k\u0131\u015flar\u0131 3\/4&#8243; veya 1&#8243; olarak tasarlanm\u0131\u015ft\u0131r. Y\u0131kanabilir Filtre ; Sudan gelen kum, \u00e7ak\u0131l, ta\u015f vb. maddeleri s\u00fczer. Y\u0131kanabilir olmas\u0131 sebebiyle istenildi\u011fi zaman \u00e7\u0131kar\u0131l\u0131p temizlenip, tekrar kullan\u0131labilir. Giri\u015f \/ \u00c7\u0131k\u0131\u015f\u00a0\u00a0 \u00a0 3\/4&#8243; &#8211; 1&#8243; Di\u015fli Ba\u011flant\u0131 Housing Tipi\u00a0\u00a0\u00a0\u00a0 10&#8243; \u015eeffaf G\u00f6vdeli Housing \u00d6n Filtre Tipi\u00a0\u00a0\u00a0\u00a0 10&#8243; 50\u00b5 Y\u0131kanabilir&#8230;<\/p>\n","protected":false},"featured_media":1385,"comment_status":"open","ping_status":"closed","template":"","meta":{"_kad_post_transparent":"default","_kad_post_title":"","_kad_post_layout":"default","_kad_post_sidebar_id":"","_kad_post_content_style":"default","_kad_post_vertical_padding":"default","_kad_post_feature":"","_kad_post_feature_position":"","_kad_post_header":false,"_kad_post_footer":false,"_joinchat":[]},"product_cat":[48],"product_tag":[],"class_list":["post-1384","product","type-product","status-publish","has-post-thumbnail","hentry","product_cat-filtrasyon-sistemler","entry","content-bg","loop-entry"],"_links":{"self":[{"href":"https:\/\/www.didimaquarlessuaritma.com\/tr\/wp-json\/wp\/v2\/product\/1384","targetHints":{"allow":["GET"]}}],"collection":[{"href":"https:\/\/www.didimaquarlessuaritma.com\/tr\/wp-json\/wp\/v2\/product"}],"about":[{"href":"https:\/\/www.didimaquarlessuaritma.com\/tr\/wp-json\/wp\/v2\/types\/product"}],"replies":[{"embeddable":true,"href":"https:\/\/www.didimaquarlessuaritma.com\/tr\/wp-json\/wp\/v2\/comments?post=1384"}],"wp:featuredmedia":[{"embeddable":true,"href":"https:\/\/www.didimaquarlessuaritma.com\/tr\/wp-json\/wp\/v2\/media\/1385"}],"wp:attachment":[{"href":"https:\/\/www.didimaquarlessuaritma.com\/tr\/wp-json\/wp\/v2\/media?parent=1384"}],"wp:term":[{"taxonomy":"product_cat","embeddable":true,"href":"https:\/\/www.didimaquarlessuaritma.com\/tr\/wp-json\/wp\/v2\/product_cat?post=1384"},{"taxonomy":"product_tag","embeddable":true,"href":"https:\/\/www.didimaquarlessuaritma.com\/tr\/wp-json\/wp\/v2\/product_tag?post=1384"}],"curies":[{"name":"wp","href":"https:\/\/api.w.org\/{rel}","templated":true}]}}