{"id":1369,"date":"2023-04-04T13:43:07","date_gmt":"2023-04-04T13:43:07","guid":{"rendered":"https:\/\/poseidonsuaritma.com\/tr\/?post_type=product&#038;p=1369"},"modified":"2023-09-20T13:31:03","modified_gmt":"2023-09-20T13:31:03","slug":"kirec-kirici-makine-filtresi","status":"publish","type":"product","link":"https:\/\/www.didimaquarlessuaritma.com\/tr\/urun\/kirec-kirici-makine-filtresi\/","title":{"rendered":"Kire\u00e7 K\u0131r\u0131c\u0131 Makine Filtresi"},"content":{"rendered":"<p>Filtre Kab\u0131 \u0130\u00e7erisinde Bulunan Silifoz (Polifosfat ) Kristalleri Su \u0130\u00e7erisinde Bulunan Kire\u00e7 Yap\u0131c\u0131 Ca Ve Mg \u0130yonlar\u0131n\u0131n Y\u00fczeyler \u00dczerinde Tutunmas\u0131 Ve Birikmesini Engeller.<\/p>\n<p>Tesisat\u00e7\u0131ya Gerek Duymadan Monte Edilebilir.<\/p>\n<p>Deterjanla Birlikte Kullan\u0131lan Di\u011fer Kire\u00e7 \u00d6nleyicileri Kullanmaya Gerek Yoktur.<\/p>\n<p>Filtre Kab\u0131 \u0130\u00e7erisine Etkin Madde Silifoz Defalarca Doldurulabilir.<\/p>\n<p>1\/2&#8243; yada 3\/4&#8243; Olarak \u00dcretimi yap\u0131labilmektedir.<\/p>\n","protected":false},"excerpt":{"rendered":"<p>Filtre Kab\u0131 \u0130\u00e7erisinde Bulunan Silifoz (Polifosfat ) Kristalleri Su \u0130\u00e7erisinde Bulunan Kire\u00e7 Yap\u0131c\u0131 Ca Ve Mg \u0130yonlar\u0131n\u0131n Y\u00fczeyler \u00dczerinde Tutunmas\u0131 Ve Birikmesini Engeller. Tesisat\u00e7\u0131ya Gerek Duymadan Monte Edilebilir. Deterjanla Birlikte Kullan\u0131lan Di\u011fer Kire\u00e7 \u00d6nleyicileri Kullanmaya Gerek Yoktur. Filtre Kab\u0131 \u0130\u00e7erisine Etkin Madde Silifoz Defalarca Doldurulabilir. 1\/2&#8243; yada 3\/4&#8243; Olarak \u00dcretimi yap\u0131labilmektedir.<\/p>\n","protected":false},"featured_media":1370,"comment_status":"open","ping_status":"closed","template":"","meta":{"_kad_post_transparent":"default","_kad_post_title":"","_kad_post_layout":"default","_kad_post_sidebar_id":"","_kad_post_content_style":"default","_kad_post_vertical_padding":"default","_kad_post_feature":"","_kad_post_feature_position":"","_kad_post_header":false,"_kad_post_footer":false,"_joinchat":[]},"product_cat":[48],"product_tag":[],"class_list":["post-1369","product","type-product","status-publish","has-post-thumbnail","hentry","product_cat-filtrasyon-sistemler","entry","content-bg","loop-entry"],"_links":{"self":[{"href":"https:\/\/www.didimaquarlessuaritma.com\/tr\/wp-json\/wp\/v2\/product\/1369","targetHints":{"allow":["GET"]}}],"collection":[{"href":"https:\/\/www.didimaquarlessuaritma.com\/tr\/wp-json\/wp\/v2\/product"}],"about":[{"href":"https:\/\/www.didimaquarlessuaritma.com\/tr\/wp-json\/wp\/v2\/types\/product"}],"replies":[{"embeddable":true,"href":"https:\/\/www.didimaquarlessuaritma.com\/tr\/wp-json\/wp\/v2\/comments?post=1369"}],"wp:featuredmedia":[{"embeddable":true,"href":"https:\/\/www.didimaquarlessuaritma.com\/tr\/wp-json\/wp\/v2\/media\/1370"}],"wp:attachment":[{"href":"https:\/\/www.didimaquarlessuaritma.com\/tr\/wp-json\/wp\/v2\/media?parent=1369"}],"wp:term":[{"taxonomy":"product_cat","embeddable":true,"href":"https:\/\/www.didimaquarlessuaritma.com\/tr\/wp-json\/wp\/v2\/product_cat?post=1369"},{"taxonomy":"product_tag","embeddable":true,"href":"https:\/\/www.didimaquarlessuaritma.com\/tr\/wp-json\/wp\/v2\/product_tag?post=1369"}],"curies":[{"name":"wp","href":"https:\/\/api.w.org\/{rel}","templated":true}]}}