{"id":1366,"date":"2023-04-04T13:41:24","date_gmt":"2023-04-04T13:41:24","guid":{"rendered":"https:\/\/poseidonsuaritma.com\/tr\/?post_type=product&#038;p=1366"},"modified":"2024-03-06T00:41:03","modified_gmt":"2024-03-06T00:41:03","slug":"1-2-kombi-filtresi","status":"publish","type":"product","link":"https:\/\/www.didimaquarlessuaritma.com\/tr\/urun\/1-2-kombi-filtresi\/","title":{"rendered":"1\/2&#8243; Kombi Filtresi"},"content":{"rendered":"<p>Kombi, G\u00fcne\u015f Enerji ve Termosifonlar\u0131n\u0131zda kullan\u0131lan 1\/2&#8243; Kire\u00e7 K\u0131r\u0131c\u0131l\u0131 Kombi Filtresi ile kire\u00e7lenme sorunu \u00e7\u00f6z\u00fcl\u00fcyor.<\/p>\n<p>Kombi, G\u00fcne\u015f Enerji\u00a0 ve Termosifonlar\u0131n\u0131z\u0131n alt\u0131na 1\/2&#8243; Kire\u00e7 K\u0131r\u0131c\u0131l\u0131 Kombi Filtresini montaj ettikten sonra belli aral\u0131klarla kapa\u011f\u0131 a\u00e7\u0131l\u0131p biriken pislikler y\u0131kan\u0131p kullanmaya devam edebilirsiniz.<\/p>\n<p>1\/2&#8243; Kire\u00e7 K\u0131r\u0131c\u0131l\u0131 Kombi Filtresi\u00a0 i\u00e7erisindeki kire\u00e7 k\u0131r\u0131c\u0131 miktar\u0131 azald\u0131\u011f\u0131 zaman \u00fczerine ekleme yaparak s\u00fcrekli kullan\u0131m sa\u011flayabilirsiniz.<\/p>\n<p><strong>Giri\u015f \/ \u00c7\u0131k\u0131\u015f<\/strong>\u00a0\u00a0\u00a0 \u00a0 1\/2&#8243; Di\u015fli Ba\u011flant\u0131<br \/>\n<strong>Housing Tipi<\/strong>\u00a0\u00a0\u00a0 \u00a0 Side Port (Yandan Giri\u015fli)<br \/>\n<strong>Filtre Tipi \u00a0<\/strong>\u00a0 \u00a0 50\u00b5 Y\u0131kanabilir Filtre, Kire\u00e7 K\u0131r\u0131c\u0131 Polifosfat<\/p>\n","protected":false},"excerpt":{"rendered":"<p>Kombi, G\u00fcne\u015f Enerji ve Termosifonlar\u0131n\u0131zda kullan\u0131lan 1\/2&#8243; Kire\u00e7 K\u0131r\u0131c\u0131l\u0131 Kombi Filtresi ile kire\u00e7lenme sorunu \u00e7\u00f6z\u00fcl\u00fcyor. Kombi, G\u00fcne\u015f Enerji\u00a0 ve Termosifonlar\u0131n\u0131z\u0131n alt\u0131na 1\/2&#8243; Kire\u00e7 K\u0131r\u0131c\u0131l\u0131 Kombi Filtresini montaj ettikten sonra belli aral\u0131klarla kapa\u011f\u0131 a\u00e7\u0131l\u0131p biriken pislikler y\u0131kan\u0131p kullanmaya devam edebilirsiniz. 1\/2&#8243; Kire\u00e7 K\u0131r\u0131c\u0131l\u0131 Kombi Filtresi\u00a0 i\u00e7erisindeki kire\u00e7 k\u0131r\u0131c\u0131 miktar\u0131 azald\u0131\u011f\u0131 zaman \u00fczerine ekleme yaparak s\u00fcrekli kullan\u0131m&#8230;<\/p>\n","protected":false},"featured_media":1367,"comment_status":"open","ping_status":"closed","template":"","meta":{"_kad_post_transparent":"default","_kad_post_title":"","_kad_post_layout":"default","_kad_post_sidebar_id":"","_kad_post_content_style":"default","_kad_post_vertical_padding":"default","_kad_post_feature":"","_kad_post_feature_position":"","_kad_post_header":false,"_kad_post_footer":false,"_joinchat":[]},"product_cat":[48],"product_tag":[],"class_list":["post-1366","product","type-product","status-publish","has-post-thumbnail","hentry","product_cat-filtrasyon-sistemler","entry","content-bg","loop-entry"],"_links":{"self":[{"href":"https:\/\/www.didimaquarlessuaritma.com\/tr\/wp-json\/wp\/v2\/product\/1366","targetHints":{"allow":["GET"]}}],"collection":[{"href":"https:\/\/www.didimaquarlessuaritma.com\/tr\/wp-json\/wp\/v2\/product"}],"about":[{"href":"https:\/\/www.didimaquarlessuaritma.com\/tr\/wp-json\/wp\/v2\/types\/product"}],"replies":[{"embeddable":true,"href":"https:\/\/www.didimaquarlessuaritma.com\/tr\/wp-json\/wp\/v2\/comments?post=1366"}],"wp:featuredmedia":[{"embeddable":true,"href":"https:\/\/www.didimaquarlessuaritma.com\/tr\/wp-json\/wp\/v2\/media\/1367"}],"wp:attachment":[{"href":"https:\/\/www.didimaquarlessuaritma.com\/tr\/wp-json\/wp\/v2\/media?parent=1366"}],"wp:term":[{"taxonomy":"product_cat","embeddable":true,"href":"https:\/\/www.didimaquarlessuaritma.com\/tr\/wp-json\/wp\/v2\/product_cat?post=1366"},{"taxonomy":"product_tag","embeddable":true,"href":"https:\/\/www.didimaquarlessuaritma.com\/tr\/wp-json\/wp\/v2\/product_tag?post=1366"}],"curies":[{"name":"wp","href":"https:\/\/api.w.org\/{rel}","templated":true}]}}