{"id":1362,"date":"2023-04-04T13:37:53","date_gmt":"2023-04-04T13:37:53","guid":{"rendered":"https:\/\/poseidonsuaritma.com\/tr\/?post_type=product&#038;p=1362"},"modified":"2023-04-04T13:37:53","modified_gmt":"2023-04-04T13:37:53","slug":"uclu-metal-saseli-ana-giris-filtrasyon","status":"publish","type":"product","link":"https:\/\/www.didimaquarlessuaritma.com\/tr\/urun\/uclu-metal-saseli-ana-giris-filtrasyon\/","title":{"rendered":"\u00dc\u00e7l\u00fc Metal \u015easeli Ana Giri\u015f Filtrasyon"},"content":{"rendered":"<p>Su filtre sistemi 10&#8243; \u00dc\u00e7l\u00fc Tak\u0131m Filtreler tesisata ba\u011flamak i\u00e7in giri\u015f ve \u00e7\u0131k\u0131\u015flar\u0131 3\/4&#8243; veya 1&#8243; olarak tasarlanm\u0131\u015ft\u0131r.<br \/>\n\u00dc\u00e7l\u00fc tak\u0131m filtrede, filtreler blok halindedir. Tesisat ek par\u00e7alar\u0131 ile birle\u015ftirilir.<br \/>\n\u00dc\u00e7l\u00fc tak\u0131m filtrelerin i\u00e7erisinde Y\u0131kanabilir Filtre, Aktif Karbon ve Silifoz bulunmaktad\u0131r.<\/p>\n<p>Y\u0131kanabilir Filtre ; Sudan gelen kum, \u00e7ak\u0131l, ta\u015f vb. maddeleri s\u00fczer. Y\u0131kanabilir olmas\u0131 sebebiyle istenildi\u011fi zaman \u00e7\u0131kar\u0131l\u0131p temizlenip, tekrar kullan\u0131labilir.<br \/>\nAktif Karbon; Sudaki renk, tat, koku ve klorun d\u00fczenlenmesini sa\u011flar. Y\u0131lda 1 defa de\u011fi\u015ftirilmesi \u00f6nerilir.<br \/>\nSilifoz; Suyun yumu\u015fat\u0131lmas\u0131nda rol al\u0131r. Sudaki kalsiyum ve magnezyum fazla ise su sert olur. Bu nedenle Silifoz eriyerek suya kar\u0131\u015f\u0131r ve kire\u00e7 olu\u015fumunu engeller. Y\u0131lda 1 defa de\u011fi\u015ftirilmesi \u00f6nerilir.<\/p>\n<p><strong>Giri\u015f \/ \u00c7\u0131k\u0131\u015f<\/strong>\u00a0\u00a0 \u00a0 3\/4&#8243; &#8211; 1&#8243; Di\u015fli Ba\u011flant\u0131<br \/>\n<strong>Housing Tipi<\/strong>\u00a0\u00a0 \u00a0 10&#8243; \u015eeffaf G\u00f6vdeli Housing<br \/>\n<strong>Ask\u0131 Aparat\u0131\u00a0\u00a0<\/strong>\u00a0\u00a0 Epoxy Boyal\u0131 Metal<br \/>\n<strong>\u00d6n Filtre Tipi<\/strong>\u00a0\u00a0 \u00a0 10&#8243; 50\u00b5 Y\u0131kanabilir Kartu\u015f Filtre<br \/>\n10&#8243; GAC Aktif Karbon Filtre<br \/>\n10&#8243; Kire\u00e7 K\u0131r\u0131c\u0131 Silifos (Polifosfat) Filtre<\/p>\n<p><strong>Ek Par\u00e7alar\u00a0<\/strong>\u00a0 \u00a0A\u00e7ma Anahtar\u0131<\/p>\n","protected":false},"excerpt":{"rendered":"<p>Su filtre sistemi 10&#8243; \u00dc\u00e7l\u00fc Tak\u0131m Filtreler tesisata ba\u011flamak i\u00e7in giri\u015f ve \u00e7\u0131k\u0131\u015flar\u0131 3\/4&#8243; veya 1&#8243; olarak tasarlanm\u0131\u015ft\u0131r. \u00dc\u00e7l\u00fc tak\u0131m filtrede, filtreler blok halindedir. Tesisat ek par\u00e7alar\u0131 ile birle\u015ftirilir. \u00dc\u00e7l\u00fc tak\u0131m filtrelerin i\u00e7erisinde Y\u0131kanabilir Filtre, Aktif Karbon ve Silifoz bulunmaktad\u0131r. Y\u0131kanabilir Filtre ; Sudan gelen kum, \u00e7ak\u0131l, ta\u015f vb. maddeleri s\u00fczer. Y\u0131kanabilir olmas\u0131 sebebiyle istenildi\u011fi&#8230;<\/p>\n","protected":false},"featured_media":1363,"comment_status":"open","ping_status":"closed","template":"","meta":{"_kad_post_transparent":"default","_kad_post_title":"","_kad_post_layout":"default","_kad_post_sidebar_id":"","_kad_post_content_style":"default","_kad_post_vertical_padding":"default","_kad_post_feature":"","_kad_post_feature_position":"","_kad_post_header":false,"_kad_post_footer":false,"_joinchat":[]},"product_cat":[48],"product_tag":[],"class_list":["post-1362","product","type-product","status-publish","has-post-thumbnail","hentry","product_cat-filtrasyon-sistemler","entry","content-bg","loop-entry"],"_links":{"self":[{"href":"https:\/\/www.didimaquarlessuaritma.com\/tr\/wp-json\/wp\/v2\/product\/1362","targetHints":{"allow":["GET"]}}],"collection":[{"href":"https:\/\/www.didimaquarlessuaritma.com\/tr\/wp-json\/wp\/v2\/product"}],"about":[{"href":"https:\/\/www.didimaquarlessuaritma.com\/tr\/wp-json\/wp\/v2\/types\/product"}],"replies":[{"embeddable":true,"href":"https:\/\/www.didimaquarlessuaritma.com\/tr\/wp-json\/wp\/v2\/comments?post=1362"}],"wp:featuredmedia":[{"embeddable":true,"href":"https:\/\/www.didimaquarlessuaritma.com\/tr\/wp-json\/wp\/v2\/media\/1363"}],"wp:attachment":[{"href":"https:\/\/www.didimaquarlessuaritma.com\/tr\/wp-json\/wp\/v2\/media?parent=1362"}],"wp:term":[{"taxonomy":"product_cat","embeddable":true,"href":"https:\/\/www.didimaquarlessuaritma.com\/tr\/wp-json\/wp\/v2\/product_cat?post=1362"},{"taxonomy":"product_tag","embeddable":true,"href":"https:\/\/www.didimaquarlessuaritma.com\/tr\/wp-json\/wp\/v2\/product_tag?post=1362"}],"curies":[{"name":"wp","href":"https:\/\/api.w.org\/{rel}","templated":true}]}}