{"id":1359,"date":"2023-04-04T13:35:39","date_gmt":"2023-04-04T13:35:39","guid":{"rendered":"https:\/\/poseidonsuaritma.com\/tr\/?post_type=product&#038;p=1359"},"modified":"2023-04-04T13:35:39","modified_gmt":"2023-04-04T13:35:39","slug":"dortlu-metal-saseli-ana-giris-filtrasyon","status":"publish","type":"product","link":"https:\/\/www.didimaquarlessuaritma.com\/tr\/urun\/dortlu-metal-saseli-ana-giris-filtrasyon\/","title":{"rendered":"D\u00f6rtl\u00fc Metal \u015easeli Ana Giri\u015f Filtrasyon"},"content":{"rendered":"<p><strong>Giri\u015f\/\u00c7\u0131k\u0131\u015f\u00a0<\/strong>\u00a0 \u00a0 3\/4&#8243; Di\u015fli Ba\u011flant\u0131<br \/>\n<strong>Kapasite\u00a0\u00a0<\/strong>\u00a0\u00a0 250 Litre\/Saat &#8211; 4 Bar<br \/>\n<strong>Housing Tipi\u00a0<\/strong>\u00a0 \u00a0 10&#8243; \u015eeffaf Housing<br \/>\n<strong>Filtre Tipi\u00a0<\/strong>\u00a0 \u00a0 2,5&#8243; x 10&#8243;<br \/>\n<strong>\u00d6l\u00e7\u00fcler\u00a0\u00a0<\/strong>\u00a0\u00a0 50 cm x 14 cm x 37 cm<\/p>\n<p><strong>Filtreler\u00a0\u00a0 \u00a0<\/strong><br \/>\n<strong>10&#8243; 50\u00b5 Y\u0131kanabilir Filtre<\/strong><br \/>\n<strong>10&#8243; GAC Aktif Karbon Filtre<\/strong><br \/>\n<strong>10&#8243; Blok Karbon Filtre<\/strong><br \/>\n<strong>10&#8243; Silifoz (polifosfat) Kire\u00e7 \u00d6nleyici<\/strong><\/p>\n<p>Ev Ana Giri\u015f Su Ar\u0131tma Sistemi i\u00e7erdi\u011fi 4 farkl\u0131 filtrasyon teknolojisi ile y\u00fcksek derecede kaliteli kullanma suyu \u00fcretir.<br \/>\nEv ana su giri\u015finde saya\u00e7 \u00f6n\u00fcne yerle\u015ftirilen CW-250 i\u00e7erdi\u011fi Nano Teknolojik filtreler sayesinde minimum yer kaplar.<br \/>\nEv Ana Giri\u015f Su Ar\u0131tma Sistemi 4 farkl\u0131 filtrasyon a\u015famas\u0131 i\u00e7erir.<br \/>\nY\u0131kanabilir filtre kum, \u00e7ak\u0131l, \u00e7amur ve milleri ar\u0131tarak suda bulunan kaba maddeleri ar\u0131t\u0131r.<br \/>\nGAC Karbon filtre suda k\u00f6t\u00fc kokuya sebep olan klor ve di\u011fer kimyasallar\u0131 ar\u0131t\u0131r.<br \/>\nBlok Karbon filtre nano boyutta partik\u00fcllerin, a\u011f\u0131r metallerin ar\u0131t\u0131lmas\u0131n\u0131 sa\u011flar.<br \/>\nKire\u00e7 \u00f6nleyici filtre tesisat\u0131n ve y\u00fczeylerin ince film tabakas\u0131 ile kaplanmas\u0131n\u0131 sa\u011flayarak kirecin y\u00fczeylere yap\u0131\u015fmas\u0131n\u0131 engeller.<\/p>\n","protected":false},"excerpt":{"rendered":"<p>Giri\u015f\/\u00c7\u0131k\u0131\u015f\u00a0\u00a0 \u00a0 3\/4&#8243; Di\u015fli Ba\u011flant\u0131 Kapasite\u00a0\u00a0\u00a0\u00a0 250 Litre\/Saat &#8211; 4 Bar Housing Tipi\u00a0\u00a0 \u00a0 10&#8243; \u015eeffaf Housing Filtre Tipi\u00a0\u00a0 \u00a0 2,5&#8243; x 10&#8243; \u00d6l\u00e7\u00fcler\u00a0\u00a0\u00a0\u00a0 50 cm x 14 cm x 37 cm Filtreler\u00a0\u00a0 \u00a0 10&#8243; 50\u00b5 Y\u0131kanabilir Filtre 10&#8243; GAC Aktif Karbon Filtre 10&#8243; Blok Karbon Filtre 10&#8243; Silifoz (polifosfat) Kire\u00e7 \u00d6nleyici Ev Ana Giri\u015f&#8230;<\/p>\n","protected":false},"featured_media":1360,"comment_status":"open","ping_status":"closed","template":"","meta":{"_kad_post_transparent":"default","_kad_post_title":"","_kad_post_layout":"default","_kad_post_sidebar_id":"","_kad_post_content_style":"default","_kad_post_vertical_padding":"default","_kad_post_feature":"","_kad_post_feature_position":"","_kad_post_header":false,"_kad_post_footer":false,"_joinchat":[]},"product_cat":[48],"product_tag":[],"class_list":["post-1359","product","type-product","status-publish","has-post-thumbnail","hentry","product_cat-filtrasyon-sistemler","entry","content-bg","loop-entry"],"_links":{"self":[{"href":"https:\/\/www.didimaquarlessuaritma.com\/tr\/wp-json\/wp\/v2\/product\/1359","targetHints":{"allow":["GET"]}}],"collection":[{"href":"https:\/\/www.didimaquarlessuaritma.com\/tr\/wp-json\/wp\/v2\/product"}],"about":[{"href":"https:\/\/www.didimaquarlessuaritma.com\/tr\/wp-json\/wp\/v2\/types\/product"}],"replies":[{"embeddable":true,"href":"https:\/\/www.didimaquarlessuaritma.com\/tr\/wp-json\/wp\/v2\/comments?post=1359"}],"wp:featuredmedia":[{"embeddable":true,"href":"https:\/\/www.didimaquarlessuaritma.com\/tr\/wp-json\/wp\/v2\/media\/1360"}],"wp:attachment":[{"href":"https:\/\/www.didimaquarlessuaritma.com\/tr\/wp-json\/wp\/v2\/media?parent=1359"}],"wp:term":[{"taxonomy":"product_cat","embeddable":true,"href":"https:\/\/www.didimaquarlessuaritma.com\/tr\/wp-json\/wp\/v2\/product_cat?post=1359"},{"taxonomy":"product_tag","embeddable":true,"href":"https:\/\/www.didimaquarlessuaritma.com\/tr\/wp-json\/wp\/v2\/product_tag?post=1359"}],"curies":[{"name":"wp","href":"https:\/\/api.w.org\/{rel}","templated":true}]}}