{"id":1355,"date":"2023-04-03T10:10:11","date_gmt":"2023-04-03T10:10:11","guid":{"rendered":"https:\/\/poseidonsuaritma.com\/tr\/?post_type=product&#038;p=1355"},"modified":"2023-04-03T10:10:11","modified_gmt":"2023-04-03T10:10:11","slug":"cw-20-300-20-300-gpd-yuksek-kapasite-su-aritma-cihazi","status":"publish","type":"product","link":"https:\/\/www.didimaquarlessuaritma.com\/tr\/urun\/cw-20-300-20-300-gpd-yuksek-kapasite-su-aritma-cihazi\/","title":{"rendered":"Cw-20-300 :: 20&#8243; 300 Gpd Y\u00fcksek Kapasite Su Ar\u0131tma Cihaz\u0131"},"content":{"rendered":"<p><strong>Giri\u015f\/\u00c7\u0131k\u0131\u015f\u00a0<\/strong>\u00a0 \u00a03\/8\u201d Quick Ba\u011flant\u0131<br \/>\n<strong>Kapasite\u00a0\u00a0<\/strong>\u00a0\u00a030 Litre\/Saat &#8211; 4 Bar<br \/>\n<strong>Housing Tipi\u00a0\u00a0<\/strong>\u00a0\u00a020&#8243; NSF Malzeme<br \/>\n<strong>Hortum\u00a0<\/strong>\u00a0 \u00a03\/8&#8243; NSF Malzeme<br \/>\n<strong>\u00d6n Filtre Tipi\u00a0<\/strong>\u00a0 \u00a02.5&#8243; x 20&#8243;<br \/>\n<strong>Membran Tipi\u00a0\u00a0<\/strong>\u00a0\u00a0300 GPD 3012 TFC<br \/>\n<strong>Post Karbon Filtresi\u00a0<\/strong>\u00a0 \u00a02.5&#8243; x 12&#8243; H\u0131zl\u0131 Ba\u011flant\u0131 Giri\u015fi<br \/>\n<strong>Musluk\u00a0<\/strong>\u00a0 \u00a0Mini Euro Dizayn L\u00fcx Musluk<br \/>\n<strong>Tank\u00a0<\/strong>\u00a0 \u00a0Dahil De\u011fil<br \/>\n<strong>Pompa\u00a0\u00a0<\/strong>\u00a0\u00a0300 GPD (24V) Kendinden Emi\u015fli Pompa<br \/>\n<strong>Full Depo\u00a0<\/strong>\u00a0 \u00a0Solenoid (24V)<br \/>\n<strong>Braket Tipi\u00a0<\/strong>\u00a0 \u00a020&#8243; \u0130thal RO Metal Ayakl\u0131 \u015ease<br \/>\n<strong>Otomatik Y\u0131kama<\/strong>\u00a0\u00a0 \u00a0&#8211;<br \/>\n<strong>Dijital Kontrol<\/strong>\u00a0\u00a0 \u00a0&#8211;<br \/>\n<strong>Manometre<\/strong>\u00a0\u00a0 \u00a02&#8243; x 15 Bar (220 PSI) Gliserinli \u0130thal<br \/>\n<strong>Giri\u015f g\u00fcc\u00fc<\/strong>\u00a0\u00a0 \u00a0100-230 VAC<br \/>\n<strong>\u00c7\u0131k\u0131\u015f G\u00fcc\u00fc\u00a0<\/strong>\u00a0 \u00a03.7A-24VDC\/160W<br \/>\n<strong>Sertifikalar<\/strong>\u00a0\u00a0 \u00a0I EC, CE, ISO, SGS<br \/>\n<strong>\u00d6l\u00e7\u00fcler<\/strong>\u00a0\u00a0 \u00a043 cm x 28 cm x 83 cm<\/p>\n<p><strong>Filtreler<\/strong><br \/>\n<strong>20&#8243; Antibakteryel 5\u00b5 Sediment Filtre<\/strong><br \/>\n<strong>20&#8243; Coconut CTO Blok Karbon Filtre<\/strong><br \/>\n<strong>20&#8243; Coconut GAC Karbon Filtre<\/strong><br \/>\n<strong>300 GPD Membran<\/strong><br \/>\n<strong>12&#8243; K33 Coconut GAC Karbon<\/strong><\/p>\n","protected":false},"excerpt":{"rendered":"<p>Giri\u015f\/\u00c7\u0131k\u0131\u015f\u00a0\u00a0 \u00a03\/8\u201d Quick Ba\u011flant\u0131 Kapasite\u00a0\u00a0\u00a0\u00a030 Litre\/Saat &#8211; 4 Bar Housing Tipi\u00a0\u00a0\u00a0\u00a020&#8243; NSF Malzeme Hortum\u00a0\u00a0 \u00a03\/8&#8243; NSF Malzeme \u00d6n Filtre Tipi\u00a0\u00a0 \u00a02.5&#8243; x 20&#8243; Membran Tipi\u00a0\u00a0\u00a0\u00a0300 GPD 3012 TFC Post Karbon Filtresi\u00a0\u00a0 \u00a02.5&#8243; x 12&#8243; H\u0131zl\u0131 Ba\u011flant\u0131 Giri\u015fi Musluk\u00a0\u00a0 \u00a0Mini Euro Dizayn L\u00fcx Musluk Tank\u00a0\u00a0 \u00a0Dahil De\u011fil Pompa\u00a0\u00a0\u00a0\u00a0300 GPD (24V) Kendinden Emi\u015fli Pompa Full Depo\u00a0\u00a0 \u00a0Solenoid&#8230;<\/p>\n","protected":false},"featured_media":1356,"comment_status":"open","ping_status":"closed","template":"","meta":{"_kad_post_transparent":"default","_kad_post_title":"","_kad_post_layout":"default","_kad_post_sidebar_id":"","_kad_post_content_style":"default","_kad_post_vertical_padding":"default","_kad_post_feature":"","_kad_post_feature_position":"","_kad_post_header":false,"_kad_post_footer":false,"_joinchat":[]},"product_cat":[47],"product_tag":[],"class_list":["post-1355","product","type-product","status-publish","has-post-thumbnail","hentry","product_cat-yuksek-kapasiteli-sistemler","entry","content-bg","loop-entry"],"_links":{"self":[{"href":"https:\/\/www.didimaquarlessuaritma.com\/tr\/wp-json\/wp\/v2\/product\/1355","targetHints":{"allow":["GET"]}}],"collection":[{"href":"https:\/\/www.didimaquarlessuaritma.com\/tr\/wp-json\/wp\/v2\/product"}],"about":[{"href":"https:\/\/www.didimaquarlessuaritma.com\/tr\/wp-json\/wp\/v2\/types\/product"}],"replies":[{"embeddable":true,"href":"https:\/\/www.didimaquarlessuaritma.com\/tr\/wp-json\/wp\/v2\/comments?post=1355"}],"wp:featuredmedia":[{"embeddable":true,"href":"https:\/\/www.didimaquarlessuaritma.com\/tr\/wp-json\/wp\/v2\/media\/1356"}],"wp:attachment":[{"href":"https:\/\/www.didimaquarlessuaritma.com\/tr\/wp-json\/wp\/v2\/media?parent=1355"}],"wp:term":[{"taxonomy":"product_cat","embeddable":true,"href":"https:\/\/www.didimaquarlessuaritma.com\/tr\/wp-json\/wp\/v2\/product_cat?post=1355"},{"taxonomy":"product_tag","embeddable":true,"href":"https:\/\/www.didimaquarlessuaritma.com\/tr\/wp-json\/wp\/v2\/product_tag?post=1355"}],"curies":[{"name":"wp","href":"https:\/\/api.w.org\/{rel}","templated":true}]}}