{"id":1352,"date":"2023-04-03T10:08:54","date_gmt":"2023-04-03T10:08:54","guid":{"rendered":"https:\/\/poseidonsuaritma.com\/tr\/?post_type=product&#038;p=1352"},"modified":"2023-04-03T10:08:54","modified_gmt":"2023-04-03T10:08:54","slug":"cw-10-600-600-gpd-yuksek-kapasite-su-aritma-cihazi","status":"publish","type":"product","link":"https:\/\/www.didimaquarlessuaritma.com\/tr\/urun\/cw-10-600-600-gpd-yuksek-kapasite-su-aritma-cihazi\/","title":{"rendered":"Cw-10-600 :: 600 Gpd Y\u00fcksek Kapasite Su Ar\u0131tma Cihaz\u0131"},"content":{"rendered":"<p><strong>Giri\u015f\/\u00c7\u0131k\u0131\u015f\u00a0\u00a0<\/strong>\u00a0\u00a03\/8&#8243; Quick Ba\u011flant\u0131<br \/>\n<strong>Kapasite\u00a0<\/strong>\u00a0 \u00a060 Litre\/Saat &#8211; 4 Bar<br \/>\n<strong>Housing Tipi\u00a0<\/strong>\u00a0 \u00a0Standart 10&#8243; Housing<br \/>\n<strong>Hortum\u00a0<\/strong>\u00a0 \u00a03\/8&#8243; NSF Malzeme<br \/>\n<strong>\u00d6n Filtre Tipi<\/strong>\u00a0\u00a0 \u00a02.5&#8243; x 10&#8243;<br \/>\n<strong>Membran Tipi\u00a0<\/strong>\u00a0 \u00a02 x 300 GPD 3012 TFC<br \/>\n<strong>Post Karbon Filtresi\u00a0\u00a0<\/strong>\u00a0\u00a02.5\u201d x 12&#8243; H\u0131zl\u0131 Ba\u011flant\u0131 Giri\u015fi<br \/>\n<strong>Musluk\u00a0<\/strong>\u00a0 \u00a0Mini Euro Dizayn L\u00fcx Musluk<br \/>\n<strong>Tank\u00a0<\/strong>\u00a0 \u00a0Dahil De\u011fil<br \/>\n<strong>Pompa\u00a0<\/strong>\u00a0 \u00a0600 GPD (24V) Pompa<br \/>\n<strong>Full Depo\u00a0<\/strong>\u00a0 \u00a0Solenoid (24V)<br \/>\n<strong>Braket Tipi\u00a0<\/strong>\u00a0 \u00a0(3x) 10&#8243; RO Metal Ayakl\u0131 \u015ease<br \/>\n<strong>Otomatik Y\u0131kama<\/strong>\u00a0\u00a0 \u00a0&#8211;<br \/>\n<strong>Dijital Kontrol\u00a0<\/strong>\u00a0 \u00a0&#8211;<br \/>\n<strong>Manometre<\/strong>\u00a0\u00a0 \u00a015 Bar (220 PSI) Gliserinli \u0130thal<br \/>\n<strong>Giri\u015f g\u00fcc\u00fc<\/strong>\u00a0\u00a0 \u00a0100-230 VAC<br \/>\n<strong>\u00c7\u0131k\u0131\u015f G\u00fcc\u00fc<\/strong>\u00a0\u00a0 \u00a03.7A-24VDC\/160W<br \/>\n<strong>Sertifikalar<\/strong>\u00a0\u00a0 \u00a0I EC, CE, ISO, SGS<br \/>\n<strong>\u00d6l\u00e7\u00fcler<\/strong>\u00a0\u00a0 \u00a037 cm x 28 cm x 48 cm<\/p>\n<p><strong>Filtreler<\/strong><br \/>\n<strong>1. 10&#8243; Antibacterial 5\u00b5 Sediment Filtre<\/strong><br \/>\n<strong>2. 10&#8243; Coconut CTO Block Karbon Filtre<\/strong><br \/>\n<strong>3. 10&#8243; Coconut\u00a0 GAC Karbon Filtre<\/strong><br \/>\n<strong>4. 300 GPD RO Membran (2 ad)<\/strong><br \/>\n<strong>5. 12&#8243; K33 Coconut GAC Karbon<\/strong><\/p>\n","protected":false},"excerpt":{"rendered":"<p>Giri\u015f\/\u00c7\u0131k\u0131\u015f\u00a0\u00a0\u00a0\u00a03\/8&#8243; Quick Ba\u011flant\u0131 Kapasite\u00a0\u00a0 \u00a060 Litre\/Saat &#8211; 4 Bar Housing Tipi\u00a0\u00a0 \u00a0Standart 10&#8243; Housing Hortum\u00a0\u00a0 \u00a03\/8&#8243; NSF Malzeme \u00d6n Filtre Tipi\u00a0\u00a0 \u00a02.5&#8243; x 10&#8243; Membran Tipi\u00a0\u00a0 \u00a02 x 300 GPD 3012 TFC Post Karbon Filtresi\u00a0\u00a0\u00a0\u00a02.5\u201d x 12&#8243; H\u0131zl\u0131 Ba\u011flant\u0131 Giri\u015fi Musluk\u00a0\u00a0 \u00a0Mini Euro Dizayn L\u00fcx Musluk Tank\u00a0\u00a0 \u00a0Dahil De\u011fil Pompa\u00a0\u00a0 \u00a0600 GPD (24V) Pompa Full&#8230;<\/p>\n","protected":false},"featured_media":1353,"comment_status":"open","ping_status":"closed","template":"","meta":{"_kad_post_transparent":"default","_kad_post_title":"","_kad_post_layout":"default","_kad_post_sidebar_id":"","_kad_post_content_style":"default","_kad_post_vertical_padding":"default","_kad_post_feature":"","_kad_post_feature_position":"","_kad_post_header":false,"_kad_post_footer":false,"_joinchat":[]},"product_cat":[47],"product_tag":[],"class_list":["post-1352","product","type-product","status-publish","has-post-thumbnail","hentry","product_cat-yuksek-kapasiteli-sistemler","entry","content-bg","loop-entry"],"_links":{"self":[{"href":"https:\/\/www.didimaquarlessuaritma.com\/tr\/wp-json\/wp\/v2\/product\/1352","targetHints":{"allow":["GET"]}}],"collection":[{"href":"https:\/\/www.didimaquarlessuaritma.com\/tr\/wp-json\/wp\/v2\/product"}],"about":[{"href":"https:\/\/www.didimaquarlessuaritma.com\/tr\/wp-json\/wp\/v2\/types\/product"}],"replies":[{"embeddable":true,"href":"https:\/\/www.didimaquarlessuaritma.com\/tr\/wp-json\/wp\/v2\/comments?post=1352"}],"wp:featuredmedia":[{"embeddable":true,"href":"https:\/\/www.didimaquarlessuaritma.com\/tr\/wp-json\/wp\/v2\/media\/1353"}],"wp:attachment":[{"href":"https:\/\/www.didimaquarlessuaritma.com\/tr\/wp-json\/wp\/v2\/media?parent=1352"}],"wp:term":[{"taxonomy":"product_cat","embeddable":true,"href":"https:\/\/www.didimaquarlessuaritma.com\/tr\/wp-json\/wp\/v2\/product_cat?post=1352"},{"taxonomy":"product_tag","embeddable":true,"href":"https:\/\/www.didimaquarlessuaritma.com\/tr\/wp-json\/wp\/v2\/product_tag?post=1352"}],"curies":[{"name":"wp","href":"https:\/\/api.w.org\/{rel}","templated":true}]}}