{"id":1336,"date":"2023-04-03T09:44:37","date_gmt":"2023-04-03T09:44:37","guid":{"rendered":"https:\/\/poseidonsuaritma.com\/tr\/?post_type=product&#038;p=1336"},"modified":"2023-04-03T09:44:37","modified_gmt":"2023-04-03T09:44:37","slug":"pagos-plus-12-lt-pompali-su-aritma-cihazi","status":"publish","type":"product","link":"https:\/\/www.didimaquarlessuaritma.com\/tr\/urun\/pagos-plus-12-lt-pompali-su-aritma-cihazi\/","title":{"rendered":"Pagos Plus 12 Lt Pompal\u0131 Su Ar\u0131tma Cihaz\u0131"},"content":{"rendered":"<p><strong>Giri\u015f\/\u00c7\u0131k\u0131\u015f\u00a0\u00a0<\/strong>\u00a0\u00a01\/4&#8243; Quick Ba\u011flant\u0131<br \/>\n<strong>Kapasite<\/strong>\u00a0\u00a0 \u00a012 Litre\/Saat &#8211; 4 Bar<br \/>\n<strong>Hortum\u00a0\u00a0<\/strong>\u00a0\u00a01\/4&#8243; NSF Malzeme<br \/>\n<strong>\u00d6n Filtre Tipi\u00a0<\/strong>\u00a0 \u00a02.5&#8243; x 12\u201d \u00c7ubuklu In-Line<br \/>\n<strong>Membran Tipi\u00a0<\/strong>\u00a0 \u00a075 \/ 80 GPD 1812<br \/>\n<strong>Post Karbon Filtresi\u00a0<\/strong>\u00a0 \u00a02&#8243;x10&#8243; Quick Ba\u011flant\u0131<br \/>\n<strong>Musluk\u00a0<\/strong>\u00a0 \u00a0Mini Eco Krom L\u00fcx Musluk<br \/>\n<strong>Tank\u00a0<\/strong>\u00a0 \u00a03.2 Galon Metal Tank<br \/>\n<strong>Pompa\u00a0<\/strong>\u00a0 \u00a0 75-100 GPD (24V) Kendinden Emi\u015fli<br \/>\n<strong>Full Depo\u00a0<\/strong>\u00a0 \u00a0Shut-Off<br \/>\n<strong>Giri\u015f g\u00fcc\u00fc\u00a0<\/strong>\u00a0 \u00a0100-230 VAC<br \/>\n<strong>\u00c7\u0131k\u0131\u015f G\u00fcc\u00fc\u00a0<\/strong>\u00a0 \u00a01.6 A- 24 VDC \/ 15 W<br \/>\n<strong>Sertifikalar<\/strong>\u00a0\u00a0 \u00a0IEQCE, ISO, SGS<br \/>\n<strong>Kasa<\/strong>\u00a0\u00a0 \u00a0 K\u0131rm\u0131z\u0131 &#8211; Siyah Renk \u015eeffaf Kapakl\u0131<br \/>\n<strong>\u00d6l\u00e7\u00fcler\u00a0<\/strong>\u00a0 \u00a030 cm (G) x 44 cm (Y) x 41 cm (D)<\/p>\n<p><strong>Filtreler<\/strong><br \/>\n<strong>\u00a0<\/strong><br \/>\n<strong>1.\u00a0 12&#8243; K33 Inline Sediment Filtre (5 \u00b5)<\/strong><br \/>\n<strong>2.\u00a0 12&#8243; K33 \u00c7ubuklu Inline GAC Karbon Filtre<\/strong><br \/>\n<strong>3.\u00a0 12&#8243; K33 \u00c7ubuklu Inline CTO Blok Karbon Filtre<\/strong><br \/>\n<strong>4.\u00a0 80 GPD RO Membran<\/strong><br \/>\n<strong>5.\u00a0 10&#8243; T33 Coconut GAC Tatland\u0131r\u0131c\u0131 Post Karbon<\/strong><\/p>\n","protected":false},"excerpt":{"rendered":"<p>Giri\u015f\/\u00c7\u0131k\u0131\u015f\u00a0\u00a0\u00a0\u00a01\/4&#8243; Quick Ba\u011flant\u0131 Kapasite\u00a0\u00a0 \u00a012 Litre\/Saat &#8211; 4 Bar Hortum\u00a0\u00a0\u00a0\u00a01\/4&#8243; NSF Malzeme \u00d6n Filtre Tipi\u00a0\u00a0 \u00a02.5&#8243; x 12\u201d \u00c7ubuklu In-Line Membran Tipi\u00a0\u00a0 \u00a075 \/ 80 GPD 1812 Post Karbon Filtresi\u00a0\u00a0 \u00a02&#8243;x10&#8243; Quick Ba\u011flant\u0131 Musluk\u00a0\u00a0 \u00a0Mini Eco Krom L\u00fcx Musluk Tank\u00a0\u00a0 \u00a03.2 Galon Metal Tank Pompa\u00a0\u00a0 \u00a0 75-100 GPD (24V) Kendinden Emi\u015fli Full Depo\u00a0\u00a0 \u00a0Shut-Off Giri\u015f&#8230;<\/p>\n","protected":false},"featured_media":1337,"comment_status":"open","ping_status":"closed","template":"","meta":{"_kad_post_transparent":"default","_kad_post_title":"","_kad_post_layout":"default","_kad_post_sidebar_id":"","_kad_post_content_style":"default","_kad_post_vertical_padding":"default","_kad_post_feature":"","_kad_post_feature_position":"","_kad_post_header":false,"_kad_post_footer":false,"_joinchat":[]},"product_cat":[43,45],"product_tag":[],"class_list":["post-1336","product","type-product","status-publish","has-post-thumbnail","hentry","product_cat-tezgahalti-kapali-kasa-sistemler","product_cat-pagos-12-serisi","entry","content-bg","loop-entry"],"_links":{"self":[{"href":"https:\/\/www.didimaquarlessuaritma.com\/tr\/wp-json\/wp\/v2\/product\/1336","targetHints":{"allow":["GET"]}}],"collection":[{"href":"https:\/\/www.didimaquarlessuaritma.com\/tr\/wp-json\/wp\/v2\/product"}],"about":[{"href":"https:\/\/www.didimaquarlessuaritma.com\/tr\/wp-json\/wp\/v2\/types\/product"}],"replies":[{"embeddable":true,"href":"https:\/\/www.didimaquarlessuaritma.com\/tr\/wp-json\/wp\/v2\/comments?post=1336"}],"wp:featuredmedia":[{"embeddable":true,"href":"https:\/\/www.didimaquarlessuaritma.com\/tr\/wp-json\/wp\/v2\/media\/1337"}],"wp:attachment":[{"href":"https:\/\/www.didimaquarlessuaritma.com\/tr\/wp-json\/wp\/v2\/media?parent=1336"}],"wp:term":[{"taxonomy":"product_cat","embeddable":true,"href":"https:\/\/www.didimaquarlessuaritma.com\/tr\/wp-json\/wp\/v2\/product_cat?post=1336"},{"taxonomy":"product_tag","embeddable":true,"href":"https:\/\/www.didimaquarlessuaritma.com\/tr\/wp-json\/wp\/v2\/product_tag?post=1336"}],"curies":[{"name":"wp","href":"https:\/\/api.w.org\/{rel}","templated":true}]}}