{"id":1326,"date":"2023-04-03T09:39:36","date_gmt":"2023-04-03T09:39:36","guid":{"rendered":"https:\/\/poseidonsuaritma.com\/tr\/?post_type=product&#038;p=1326"},"modified":"2023-05-22T12:48:53","modified_gmt":"2023-05-22T12:48:53","slug":"my-great-12-pompali-su-aritma-cihazi","status":"publish","type":"product","link":"https:\/\/www.didimaquarlessuaritma.com\/tr\/urun\/my-great-12-pompali-su-aritma-cihazi\/","title":{"rendered":"My-Great-12 Pompal\u0131 Su Ar\u0131tma Cihaz\u0131"},"content":{"rendered":"<p><strong>Giri\u015f\/\u00c7\u0131k\u0131\u015f\u00a0<\/strong>\u00a0 \u00a01\/4&#8243; Quick Ba\u011flant\u0131<br \/>\n<strong>Kapasite<\/strong>\u00a0\u00a0 \u00a012 Litre\/Saat &#8211; 4 Bar<br \/>\n<strong>Hortum\u00a0\u00a0<\/strong>\u00a0\u00a01\/4&#8243; NSF Malzeme<br \/>\n<strong>\u00d6n Filtre Tipi\u00a0<\/strong>\u00a0 \u00a02.5&#8243; x 12\u201d \u00c7ubuklu Inline<br \/>\n<strong>Membran Tipi\u00a0<\/strong>\u00a0 \u00a080 GPD 1812 TFC<br \/>\n<strong>Post Karbon Filtresi\u00a0<\/strong>\u00a0 \u00a02&#8243; x 10&#8243; H\u0131zl\u0131 Ba\u011flant\u0131 Giri\u015fi<br \/>\n<strong>Musluk\u00a0\u00a0<\/strong>\u00a0\u00a0Mini Eco Krom L\u00fcx Musluk<br \/>\n<strong>Tank<\/strong>\u00a0\u00a0 \u00a03.2 Galon Metal Tank<br \/>\n<strong>Full Depo<\/strong>\u00a0\u00a0 \u00a0Shut-Off<br \/>\n<strong>Pompa\u00a0<\/strong>\u00a0 \u00a075-100 GPD (24V) Kendinden Emi\u015fli Pompa<br \/>\n<strong>Giri\u015f g\u00fcc\u00fc\u00a0<\/strong>\u00a0 \u00a0100-230 VAC<br \/>\n<strong>\u00c7\u0131k\u0131\u015f G\u00fcc\u00fc\u00a0<\/strong>\u00a0 \u00a01.6 A- 24 VDC \/ 15 W<br \/>\n<strong>Sertifikalar<\/strong>\u00a0\u00a0 \u00a0IEQCE, ISO, SGS<br \/>\n<strong>Kasa\u00a0<\/strong>\u00a0 \u00a0Beyaz yada Siyah Renk Se\u00e7ene\u011fi \u0130le MAT Kapakl\u0131<br \/>\n<strong>\u00d6l\u00e7\u00fcler\u00a0<\/strong>\u00a0 \u00a0Cihaz : 44 cm x 39 cm x 29 cm<\/p>\n<p><strong>Filtreler<\/strong><br \/>\n<strong>1.\u00a0 12&#8243; K33 Inline Sediment Filtre (5 \u00b5)<\/strong><br \/>\n<strong>2.\u00a0 12&#8243; K33 Inline GAC Karbon Filtre<\/strong><br \/>\n<strong>3. 12&#8243; K33 Inline Blok Karbon Filtre<\/strong><br \/>\n<strong>4. LG 80 GPD RO Membran<\/strong><br \/>\n<strong>5. 10&#8243; T33 Coconut GAC Tatland\u0131r\u0131c\u0131 Post Karbon<\/strong><\/p>\n","protected":false},"excerpt":{"rendered":"<p>Giri\u015f\/\u00c7\u0131k\u0131\u015f\u00a0\u00a0 \u00a01\/4&#8243; Quick Ba\u011flant\u0131 Kapasite\u00a0\u00a0 \u00a012 Litre\/Saat &#8211; 4 Bar Hortum\u00a0\u00a0\u00a0\u00a01\/4&#8243; NSF Malzeme \u00d6n Filtre Tipi\u00a0\u00a0 \u00a02.5&#8243; x 12\u201d \u00c7ubuklu Inline Membran Tipi\u00a0\u00a0 \u00a080 GPD 1812 TFC Post Karbon Filtresi\u00a0\u00a0 \u00a02&#8243; x 10&#8243; H\u0131zl\u0131 Ba\u011flant\u0131 Giri\u015fi Musluk\u00a0\u00a0\u00a0\u00a0Mini Eco Krom L\u00fcx Musluk Tank\u00a0\u00a0 \u00a03.2 Galon Metal Tank Full Depo\u00a0\u00a0 \u00a0Shut-Off Pompa\u00a0\u00a0 \u00a075-100 GPD (24V) Kendinden Emi\u015fli&#8230;<\/p>\n","protected":false},"featured_media":1327,"comment_status":"open","ping_status":"closed","template":"","meta":{"_kad_post_transparent":"default","_kad_post_title":"","_kad_post_layout":"default","_kad_post_sidebar_id":"","_kad_post_content_style":"default","_kad_post_vertical_padding":"default","_kad_post_feature":"","_kad_post_feature_position":"","_kad_post_header":false,"_kad_post_footer":false,"_joinchat":[]},"product_cat":[45,43],"product_tag":[],"class_list":["post-1326","product","type-product","status-publish","has-post-thumbnail","hentry","product_cat-pagos-12-serisi","product_cat-tezgahalti-kapali-kasa-sistemler","entry","content-bg","loop-entry"],"_links":{"self":[{"href":"https:\/\/www.didimaquarlessuaritma.com\/tr\/wp-json\/wp\/v2\/product\/1326","targetHints":{"allow":["GET"]}}],"collection":[{"href":"https:\/\/www.didimaquarlessuaritma.com\/tr\/wp-json\/wp\/v2\/product"}],"about":[{"href":"https:\/\/www.didimaquarlessuaritma.com\/tr\/wp-json\/wp\/v2\/types\/product"}],"replies":[{"embeddable":true,"href":"https:\/\/www.didimaquarlessuaritma.com\/tr\/wp-json\/wp\/v2\/comments?post=1326"}],"wp:featuredmedia":[{"embeddable":true,"href":"https:\/\/www.didimaquarlessuaritma.com\/tr\/wp-json\/wp\/v2\/media\/1327"}],"wp:attachment":[{"href":"https:\/\/www.didimaquarlessuaritma.com\/tr\/wp-json\/wp\/v2\/media?parent=1326"}],"wp:term":[{"taxonomy":"product_cat","embeddable":true,"href":"https:\/\/www.didimaquarlessuaritma.com\/tr\/wp-json\/wp\/v2\/product_cat?post=1326"},{"taxonomy":"product_tag","embeddable":true,"href":"https:\/\/www.didimaquarlessuaritma.com\/tr\/wp-json\/wp\/v2\/product_tag?post=1326"}],"curies":[{"name":"wp","href":"https:\/\/api.w.org\/{rel}","templated":true}]}}