{"id":1306,"date":"2023-04-03T09:29:01","date_gmt":"2023-04-03T09:29:01","guid":{"rendered":"https:\/\/poseidonsuaritma.com\/tr\/?post_type=product&#038;p=1306"},"modified":"2023-04-03T09:29:01","modified_gmt":"2023-04-03T09:29:01","slug":"gold-dg-eco-ekonomik-akilli-ayakli-pompali-su-aritma-cihazi","status":"publish","type":"product","link":"https:\/\/www.didimaquarlessuaritma.com\/tr\/urun\/gold-dg-eco-ekonomik-akilli-ayakli-pompali-su-aritma-cihazi\/","title":{"rendered":"Gold-Dg Eco &#8211; Ekonomik Ak\u0131ll\u0131 Ayakl\u0131 Pompal\u0131 Su Ar\u0131tma Cihaz\u0131"},"content":{"rendered":"<p><strong>Giri\u015f \/ \u00c7\u0131k\u0131\u015f<\/strong>\u00a0\u00a0 \u00a01\/4&#8243; Quick Ba\u011flant\u0131<br \/>\n<strong>Kapasite<\/strong>\u00a0\u00a0 \u00a010 Litre\/Saat &#8211; 4 Bar<br \/>\n<strong>Housing Tipi\u00a0<\/strong>\u00a0 \u00a0Standart 10&#8243; Housing<br \/>\n<strong>Filtre Adeti (A\u015fama)<\/strong>\u00a0\u00a0 \u00a0Standart 5 Filtre &#8211; 6-7-8-9 Filtreler Opsiyonel \u0130lave edilebilir<br \/>\n<strong>Hortum\u00a0<\/strong>\u00a0 \u00a01\/4&#8243; NSF Malzeme<br \/>\n<strong>\u00d6n Filtre Tipi\u00a0<\/strong>\u00a0 \u00a02.5&#8243; x 10&#8243;<br \/>\n<strong>Membran Tipi\u00a0<\/strong>\u00a0 \u00a080 GPD 1812TFC<br \/>\n<strong>Post Karbon Filtresi\u00a0<\/strong>\u00a0 \u00a02&#8243;x 10&#8243; H\u0131zl\u0131 Ba\u011flant\u0131 Giri\u015fi<br \/>\n<strong>Musluk\u00a0<\/strong>\u00a0 \u00a0Mini Euro Dizayn L\u00fcx Musluk<br \/>\n<strong>Tank\u00a0<\/strong>\u00a0 \u00a03.2 Galon Metal Tank \/ 3 Galon Plastik Tank<br \/>\n<strong>Pompa<\/strong>\u00a0\u00a0 \u00a075-100 GPD (24V) Kendinden Emi\u015fli Pompa<br \/>\n<strong>Full Depo<\/strong>\u00a0\u00a0 \u00a01\/4&#8243; Quick Solenoid Vana (24V)<br \/>\n<strong>Braket Tipi\u00a0<\/strong>\u00a0 \u00a010&#8243; RO Metal Ayakl\u0131 Dirsek<br \/>\n<strong>Otomatik Y\u0131kama<\/strong>\u00a0\u00a0 \u00a01\/4&#8243; Quick Solenoid Vana (24V)<br \/>\n<strong>Dijital Kontrol<\/strong>\u00a0\u00a0 \u00a0Entegre Devre (IC) \/ With Display<br \/>\n<strong>Manometre<\/strong>\u00a0\u00a0 \u00a015 Bar (220 PSI) Gliserinli \u0130thal<br \/>\n<strong>Giri\u015f g\u00fcc\u00fc\u00a0<\/strong>\u00a0 \u00a0100-230 VAC<br \/>\n<strong>\u00c7\u0131k\u0131\u015f G\u00fcc\u00fc\u00a0\u00a0<\/strong>\u00a0\u00a01.6A &#8211; 24VDC\/40W<br \/>\n<strong>Sertifikalar\u00a0<\/strong>\u00a0 \u00a0IEC, CE, ISO, SGS<\/p>\n<p><strong>Dijital Ak\u0131ll\u0131 Sistem<\/strong><br \/>\n<strong>24 Saat Su Analizi<\/strong><br \/>\n<strong>Filtre De\u011fi\u015fim Zaman\u0131 Takip Sistemi<\/strong><br \/>\n<strong>Sesli Uyar\u0131 Sistemi<\/strong><br \/>\n<strong>\u00a0<\/strong><br \/>\n<strong>Filtreler<\/strong><br \/>\n<strong>1. 10&#8243; Sediment Filtre<\/strong><br \/>\n<strong>2. 10&#8243; GAC Karbon Filtre<\/strong><br \/>\n<strong>3. 10&#8243; CTO Karbon Filtre<\/strong><br \/>\n<strong>4. 80 GPD RO Membran<\/strong><br \/>\n<strong>5. 10&#8243; T33 Coconut GAC Tatland\u0131r\u0131c\u0131 Post Karbon<\/strong><\/p>\n","protected":false},"excerpt":{"rendered":"<p>Giri\u015f \/ \u00c7\u0131k\u0131\u015f\u00a0\u00a0 \u00a01\/4&#8243; Quick Ba\u011flant\u0131 Kapasite\u00a0\u00a0 \u00a010 Litre\/Saat &#8211; 4 Bar Housing Tipi\u00a0\u00a0 \u00a0Standart 10&#8243; Housing Filtre Adeti (A\u015fama)\u00a0\u00a0 \u00a0Standart 5 Filtre &#8211; 6-7-8-9 Filtreler Opsiyonel \u0130lave edilebilir Hortum\u00a0\u00a0 \u00a01\/4&#8243; NSF Malzeme \u00d6n Filtre Tipi\u00a0\u00a0 \u00a02.5&#8243; x 10&#8243; Membran Tipi\u00a0\u00a0 \u00a080 GPD 1812TFC Post Karbon Filtresi\u00a0\u00a0 \u00a02&#8243;x 10&#8243; H\u0131zl\u0131 Ba\u011flant\u0131 Giri\u015fi Musluk\u00a0\u00a0 \u00a0Mini Euro&#8230;<\/p>\n","protected":false},"featured_media":1307,"comment_status":"open","ping_status":"closed","template":"","meta":{"_kad_post_transparent":"default","_kad_post_title":"","_kad_post_layout":"default","_kad_post_sidebar_id":"","_kad_post_content_style":"default","_kad_post_vertical_padding":"default","_kad_post_feature":"","_kad_post_feature_position":"","_kad_post_header":false,"_kad_post_footer":false,"_joinchat":[]},"product_cat":[41,42],"product_tag":[],"class_list":["post-1306","product","type-product","status-publish","has-post-thumbnail","hentry","product_cat-tezgahalti-acik-sistemler","product_cat-ekonomik-seri","entry","content-bg","loop-entry"],"_links":{"self":[{"href":"https:\/\/www.didimaquarlessuaritma.com\/tr\/wp-json\/wp\/v2\/product\/1306","targetHints":{"allow":["GET"]}}],"collection":[{"href":"https:\/\/www.didimaquarlessuaritma.com\/tr\/wp-json\/wp\/v2\/product"}],"about":[{"href":"https:\/\/www.didimaquarlessuaritma.com\/tr\/wp-json\/wp\/v2\/types\/product"}],"replies":[{"embeddable":true,"href":"https:\/\/www.didimaquarlessuaritma.com\/tr\/wp-json\/wp\/v2\/comments?post=1306"}],"wp:featuredmedia":[{"embeddable":true,"href":"https:\/\/www.didimaquarlessuaritma.com\/tr\/wp-json\/wp\/v2\/media\/1307"}],"wp:attachment":[{"href":"https:\/\/www.didimaquarlessuaritma.com\/tr\/wp-json\/wp\/v2\/media?parent=1306"}],"wp:term":[{"taxonomy":"product_cat","embeddable":true,"href":"https:\/\/www.didimaquarlessuaritma.com\/tr\/wp-json\/wp\/v2\/product_cat?post=1306"},{"taxonomy":"product_tag","embeddable":true,"href":"https:\/\/www.didimaquarlessuaritma.com\/tr\/wp-json\/wp\/v2\/product_tag?post=1306"}],"curies":[{"name":"wp","href":"https:\/\/api.w.org\/{rel}","templated":true}]}}