{"id":1278,"date":"2023-04-01T14:55:37","date_gmt":"2023-04-01T14:55:37","guid":{"rendered":"https:\/\/poseidonsuaritma.com\/tr\/?post_type=product&#038;p=1278"},"modified":"2023-04-01T14:55:37","modified_gmt":"2023-04-01T14:55:37","slug":"endustriyel-su-aritma","status":"publish","type":"product","link":"https:\/\/www.didimaquarlessuaritma.com\/tr\/urun\/endustriyel-su-aritma\/","title":{"rendered":"End\u00fcstriyel Su Ar\u0131tma"},"content":{"rendered":"<p>Sanayi tipi, \u00fcretim yapan i\u015fletmelerde \u00fcretim s\u00fcreci boyunca kullan\u0131lan sular\u0131n m\u00fcmk\u00fcn oldu\u011fu kadar geri kazan\u0131m\u0131n\u0131 sa\u011flamak End\u00fcstriyel Su Ar\u0131tma Sistemlerinin ana hedefidir. Kendi i\u00e7erisinde Fiziksel ar\u0131tma sistemleri, kimyasal ar\u0131tma sistemleri, biyolojik ar\u0131tma sistemleri, ya\u011f ay\u0131r\u0131c\u0131 sistemler gibi bir \u00e7ok m\u00fchendislik ana dal\u0131na ayr\u0131lmaktad\u0131r. Do\u011fru projelendirilmi\u015f bir at\u0131k su geri kazan\u0131m sistemi hem kaynak t\u00fcketiminde optimizasyonu hem de \u00e7evreye verilen zarar\u0131n azalmas\u0131nda \u00f6nemli rol oynar.<\/p>\n<p>Su art\u0131ma sistemlerinin se\u00e7imi at\u0131k suyun karakteristi\u011fine ve geri kazan\u0131lacak suyun kullan\u0131m alan\u0131na g\u00f6re se\u00e7ilmektedir. Sekt\u00f6re \u00f6zel projelendirilir. \u00d6rnek vermek gerekirse paket tip ar\u0131tma sistemlerinde evsel at\u0131k sular\u0131n ar\u0131t\u0131lmas\u0131 sonras\u0131 elde edilen suyun bah\u00e7e sulamada kullan\u0131labilmesi i\u00e7in projelendirilebilmektedir.<\/p>\n<p>Fiziksel ve Kimyasal ar\u0131tma sistemlerinde ise at\u0131ksu, fabrikada \u00fcretim s\u00fcresince kullan\u0131lan kimyasal ve a\u011f\u0131r metaller i\u00e7eren sular\u0131n ar\u0131tma sonras\u0131 de\u015farj edilmektedir.<\/p>\n<p>Tuzlu Su Ar\u0131tma Sistemlerinde ise deniz suyu yada kuyu suyu gibi temiz su eri\u015fimi olmayan yerlerde ters ozmos ultrafiltrasyon &amp; nano filtrasyon , membran sistemleri kullan\u0131larak i\u00e7me suyu elde edilmektedir.<\/p>\n<p><strong>End\u00fcstriyel Su Ar\u0131tma Nedir?<\/strong><br \/>\nEnd\u00fcstride su; bir \u00fcr\u00fcn\u00fc imal etmek, i\u015flemek, y\u0131kamak, seyreltmek, so\u011futmak veya ta\u015f\u0131mak gibi i\u015flemlerde kullan\u0131l\u0131r. End\u00fcstriyel su ar\u0131tma, suyun belirli bir kullan\u0131m i\u00e7in ya da yeniden kullan\u0131ma uygun hale getirmek i\u00e7in filtrelenmesi i\u015flemidir. Kullan\u0131lacak filtreleme sistemleri, kullan\u0131lacak tesisin ihtiyac\u0131na g\u00f6re de\u011fi\u015fiklik g\u00f6sterir.<\/p>\n<p>End\u00fcstriyel su ar\u0131tma sistemleri, \u00e7e\u015fitli ar\u0131tma ve ayr\u0131\u015ft\u0131rma ihtiya\u00e7lar\u0131n\u0131\u00a0kar\u015f\u0131lar.<\/p>\n","protected":false},"excerpt":{"rendered":"<p>Sanayi tipi, \u00fcretim yapan i\u015fletmelerde \u00fcretim s\u00fcreci boyunca kullan\u0131lan sular\u0131n m\u00fcmk\u00fcn oldu\u011fu kadar geri kazan\u0131m\u0131n\u0131 sa\u011flamak End\u00fcstriyel Su Ar\u0131tma Sistemlerinin ana hedefidir. Kendi i\u00e7erisinde Fiziksel ar\u0131tma sistemleri, kimyasal ar\u0131tma sistemleri, biyolojik ar\u0131tma sistemleri, ya\u011f ay\u0131r\u0131c\u0131 sistemler gibi bir \u00e7ok m\u00fchendislik ana dal\u0131na ayr\u0131lmaktad\u0131r. Do\u011fru projelendirilmi\u015f bir at\u0131k su geri kazan\u0131m sistemi hem kaynak t\u00fcketiminde optimizasyonu&#8230;<\/p>\n","protected":false},"featured_media":1265,"comment_status":"open","ping_status":"closed","template":"","meta":{"_kad_post_transparent":"default","_kad_post_title":"","_kad_post_layout":"default","_kad_post_sidebar_id":"","_kad_post_content_style":"default","_kad_post_vertical_padding":"default","_kad_post_feature":"","_kad_post_feature_position":"","_kad_post_header":false,"_kad_post_footer":false,"_joinchat":[]},"product_cat":[15],"product_tag":[],"class_list":["post-1278","product","type-product","status-publish","has-post-thumbnail","hentry","product_cat-tumu","entry","content-bg","loop-entry"],"_links":{"self":[{"href":"https:\/\/www.didimaquarlessuaritma.com\/tr\/wp-json\/wp\/v2\/product\/1278","targetHints":{"allow":["GET"]}}],"collection":[{"href":"https:\/\/www.didimaquarlessuaritma.com\/tr\/wp-json\/wp\/v2\/product"}],"about":[{"href":"https:\/\/www.didimaquarlessuaritma.com\/tr\/wp-json\/wp\/v2\/types\/product"}],"replies":[{"embeddable":true,"href":"https:\/\/www.didimaquarlessuaritma.com\/tr\/wp-json\/wp\/v2\/comments?post=1278"}],"wp:featuredmedia":[{"embeddable":true,"href":"https:\/\/www.didimaquarlessuaritma.com\/tr\/wp-json\/wp\/v2\/media\/1265"}],"wp:attachment":[{"href":"https:\/\/www.didimaquarlessuaritma.com\/tr\/wp-json\/wp\/v2\/media?parent=1278"}],"wp:term":[{"taxonomy":"product_cat","embeddable":true,"href":"https:\/\/www.didimaquarlessuaritma.com\/tr\/wp-json\/wp\/v2\/product_cat?post=1278"},{"taxonomy":"product_tag","embeddable":true,"href":"https:\/\/www.didimaquarlessuaritma.com\/tr\/wp-json\/wp\/v2\/product_tag?post=1278"}],"curies":[{"name":"wp","href":"https:\/\/api.w.org\/{rel}","templated":true}]}}