{"id":1277,"date":"2023-04-01T14:54:18","date_gmt":"2023-04-01T14:54:18","guid":{"rendered":"https:\/\/poseidonsuaritma.com\/tr\/?post_type=product&#038;p=1277"},"modified":"2023-04-01T14:54:18","modified_gmt":"2023-04-01T14:54:18","slug":"tablet-tuz","status":"publish","type":"product","link":"https:\/\/www.didimaquarlessuaritma.com\/tr\/urun\/tablet-tuz\/","title":{"rendered":"Tablet Tuz"},"content":{"rendered":"<p><strong>Tablet Tuz Nedir ?<\/strong><br \/>\nSu Ar\u0131tma ve Yumu\u015fatma Cihazlar\u0131n\u0131n Re\u00e7ineleri Sodyum \u0130yonlar\u0131n\u0131n De\u011fi\u015fimini Yaparak Tablet Tuz, Su Yumu\u015fatma \u0130\u015flemini Ger\u00e7ekle\u015ftirmektedir. Re\u00e7ineler Magnezyum, Kalsiyum \u0130yonlar\u0131n\u0131 Tuttuklar\u0131 \u0130\u00e7in Bir S\u00fcre Sonra Rejenere Edilmeleri Gerekir. Bu da Rejenerasyon \u0130\u015fleminde Sodyum Verilmesi \u0130htiyac\u0131n\u0131 Do\u011furmaktad\u0131r. Sodyum \u0130htiyac\u0131n\u0131n Kar\u015f\u0131lanmas\u0131 \u0130\u00e7in Re\u00e7inelerini Tablet Tuz \u0130le Y\u0131kanmas\u0131 (Belirli Periyodlarda) Gerekir. Tablet Tuz veya Kaya Tuzu Bu A\u015famada Bu Sodyum Klor\u00fcr \u0130htiyac\u0131n\u0131 Kar\u015f\u0131lar. Her T\u00fcrl\u00fc End\u00fcstriyel Ve Evsel Su Ar\u0131tma Cihazlar\u0131nda, Gerek Tablet Tuz Formunda Gerekse Kaya Tuzu Formunda Tuz Kullan\u0131l\u0131r. Rafine Tablet Tuz \u0130le Y\u0131kama \u0130\u015flemi Su Yumu\u015fatma Cihaz\u0131n\u0131n Tuz Tank\u0131 B\u00f6l\u00fcm\u00fcnden Doldurularak Yap\u0131l\u0131r.<\/p>\n<p>Kullan\u0131lacak Olan Tablet Tuzun Se\u00e7imi Re\u00e7inenin \u00d6mr\u00fcn\u00fc ve Verimini Do\u011frudan Belirlemektedir. Kalitesiz Tuz Kullan\u0131lan Re\u00e7inelerde A\u011f\u0131r Metallerin Birikimi Sonucu \u00c7\u0131kan Problemlerle S\u0131k\u00e7a Kar\u015f\u0131la\u015f\u0131l\u0131r. Ar\u0131tma Tablet Tuzu Rafine Olmas\u0131 Daha \u0130yi Verim Alman\u0131z\u0131 Sa\u011flar. Yumu\u015fatma Cihaz\u0131 Rejenarasyonunda Kullan\u0131lan Tuzlar, 25 Kg. \u00c7uval\u00a0Ambalajl\u0131d\u0131r.<\/p>\n","protected":false},"excerpt":{"rendered":"<p>Tablet Tuz Nedir ? Su Ar\u0131tma ve Yumu\u015fatma Cihazlar\u0131n\u0131n Re\u00e7ineleri Sodyum \u0130yonlar\u0131n\u0131n De\u011fi\u015fimini Yaparak Tablet Tuz, Su Yumu\u015fatma \u0130\u015flemini Ger\u00e7ekle\u015ftirmektedir. Re\u00e7ineler Magnezyum, Kalsiyum \u0130yonlar\u0131n\u0131 Tuttuklar\u0131 \u0130\u00e7in Bir S\u00fcre Sonra Rejenere Edilmeleri Gerekir. Bu da Rejenerasyon \u0130\u015fleminde Sodyum Verilmesi \u0130htiyac\u0131n\u0131 Do\u011furmaktad\u0131r. Sodyum \u0130htiyac\u0131n\u0131n Kar\u015f\u0131lanmas\u0131 \u0130\u00e7in Re\u00e7inelerini Tablet Tuz \u0130le Y\u0131kanmas\u0131 (Belirli Periyodlarda) Gerekir. Tablet Tuz veya&#8230;<\/p>\n","protected":false},"featured_media":1259,"comment_status":"open","ping_status":"closed","template":"","meta":{"_kad_post_transparent":"default","_kad_post_title":"","_kad_post_layout":"default","_kad_post_sidebar_id":"","_kad_post_content_style":"default","_kad_post_vertical_padding":"default","_kad_post_feature":"","_kad_post_feature_position":"","_kad_post_header":false,"_kad_post_footer":false,"_joinchat":[]},"product_cat":[15],"product_tag":[],"class_list":["post-1277","product","type-product","status-publish","has-post-thumbnail","hentry","product_cat-tumu","entry","content-bg","loop-entry"],"_links":{"self":[{"href":"https:\/\/www.didimaquarlessuaritma.com\/tr\/wp-json\/wp\/v2\/product\/1277","targetHints":{"allow":["GET"]}}],"collection":[{"href":"https:\/\/www.didimaquarlessuaritma.com\/tr\/wp-json\/wp\/v2\/product"}],"about":[{"href":"https:\/\/www.didimaquarlessuaritma.com\/tr\/wp-json\/wp\/v2\/types\/product"}],"replies":[{"embeddable":true,"href":"https:\/\/www.didimaquarlessuaritma.com\/tr\/wp-json\/wp\/v2\/comments?post=1277"}],"wp:featuredmedia":[{"embeddable":true,"href":"https:\/\/www.didimaquarlessuaritma.com\/tr\/wp-json\/wp\/v2\/media\/1259"}],"wp:attachment":[{"href":"https:\/\/www.didimaquarlessuaritma.com\/tr\/wp-json\/wp\/v2\/media?parent=1277"}],"wp:term":[{"taxonomy":"product_cat","embeddable":true,"href":"https:\/\/www.didimaquarlessuaritma.com\/tr\/wp-json\/wp\/v2\/product_cat?post=1277"},{"taxonomy":"product_tag","embeddable":true,"href":"https:\/\/www.didimaquarlessuaritma.com\/tr\/wp-json\/wp\/v2\/product_tag?post=1277"}],"curies":[{"name":"wp","href":"https:\/\/api.w.org\/{rel}","templated":true}]}}