{"id":1275,"date":"2023-04-01T14:52:11","date_gmt":"2023-04-01T14:52:11","guid":{"rendered":"https:\/\/poseidonsuaritma.com\/tr\/?post_type=product&#038;p=1275"},"modified":"2023-04-01T14:52:46","modified_gmt":"2023-04-01T14:52:46","slug":"su-yumusatma-ve-filtrasyon-sistemleri","status":"publish","type":"product","link":"https:\/\/www.didimaquarlessuaritma.com\/tr\/urun\/su-yumusatma-ve-filtrasyon-sistemleri\/","title":{"rendered":"Su Yumu\u015fatma ve Filtrasyon Sistemleri"},"content":{"rendered":"<p><strong>Su Yumu\u015fatma ve Filtrasyon Sistemleri<\/strong><\/p>\n<p>Su yumu\u015fatma ve filtrasyon sistemleri, su sertli\u011fini olu\u015fturan kire\u00e7, ma\u011fnezyum gibi mineralleri giderir. Sert su i\u00e7eri\u011finde bulunan kire\u00e7 nedeni ile evde bulunan su ile \u00e7al\u0131\u015fan t\u00fcm cihazlara zarar verir. Banyo ve mutfaklarda leke b\u0131rak\u0131r. Sa\u00e7 ve cildimizi kurutur.<span id=\"more-3933\"><\/span><\/p>\n<p>T\u00fcrkiye\u2019nin %95 \u015febeke suyu ile yemek pi\u015firiyor, i\u00e7eceklerini haz\u0131rl\u0131yor, temizlik yap\u0131yor ve y\u0131kan\u0131yor. Bu noktada Su yumu\u015fatma ve filtrasyon sistemleri evinizde kulland\u0131\u011f\u0131n\u0131z \u00e7aydanl\u0131k, su \u0131s\u0131t\u0131c\u0131lar\u0131, \u00e7ama\u015f\u0131r makinesi, bula\u015f\u0131k makinesi, \u00fct\u00fcleri hatta kombi ve kalorifer tesisatlar\u0131n\u0131 erken d\u00f6nemde bozulmalar\u0131n\u0131 engelleyecek, temizlikte kire\u00e7ten kaynakl\u0131 sabun lekelerini temizlemek i\u00e7in harcad\u0131\u011f\u0131n\u0131z uzun saatlerden kurtaracakt\u0131r.<\/p>\n<p><strong>Su Yumu\u015fatma ve Filtrasyon Sistemlerinin Bile\u015fenleri Nelerdir?<\/strong><\/p>\n<p>T\u00fcm ailenin sa\u011fl\u0131kl\u0131 sa\u00e7 ve cilde kavu\u015fmas\u0131na yard\u0131mc\u0131 olacakt\u0131r. K\u0131saca bir su yumu\u015fat\u0131c\u0131ya yat\u0131r\u0131m yapmak size sa\u011fl\u0131k, zaman, para kazand\u0131racak ve evinizi koruyacakt\u0131r.<\/p>\n<ul>\n<li>Re\u00e7ine Tank\u0131<\/li>\n<li>Kontrol vanas\u0131<\/li>\n<li>Tuzlu su tank\u0131<\/li>\n<\/ul>\n<p>&nbsp;<\/p>\n","protected":false},"excerpt":{"rendered":"<p>Su Yumu\u015fatma ve Filtrasyon Sistemleri Su yumu\u015fatma ve filtrasyon sistemleri, su sertli\u011fini olu\u015fturan kire\u00e7, ma\u011fnezyum gibi mineralleri giderir. Sert su i\u00e7eri\u011finde bulunan kire\u00e7 nedeni ile evde bulunan su ile \u00e7al\u0131\u015fan t\u00fcm cihazlara zarar verir. Banyo ve mutfaklarda leke b\u0131rak\u0131r. Sa\u00e7 ve cildimizi kurutur. T\u00fcrkiye\u2019nin %95 \u015febeke suyu ile yemek pi\u015firiyor, i\u00e7eceklerini haz\u0131rl\u0131yor, temizlik yap\u0131yor ve&#8230;<\/p>\n","protected":false},"featured_media":1274,"comment_status":"open","ping_status":"closed","template":"","meta":{"_kad_post_transparent":"default","_kad_post_title":"","_kad_post_layout":"default","_kad_post_sidebar_id":"","_kad_post_content_style":"default","_kad_post_vertical_padding":"default","_kad_post_feature":"","_kad_post_feature_position":"","_kad_post_header":false,"_kad_post_footer":false,"_joinchat":[]},"product_cat":[15],"product_tag":[],"class_list":["post-1275","product","type-product","status-publish","has-post-thumbnail","hentry","product_cat-tumu","entry","content-bg","loop-entry"],"_links":{"self":[{"href":"https:\/\/www.didimaquarlessuaritma.com\/tr\/wp-json\/wp\/v2\/product\/1275","targetHints":{"allow":["GET"]}}],"collection":[{"href":"https:\/\/www.didimaquarlessuaritma.com\/tr\/wp-json\/wp\/v2\/product"}],"about":[{"href":"https:\/\/www.didimaquarlessuaritma.com\/tr\/wp-json\/wp\/v2\/types\/product"}],"replies":[{"embeddable":true,"href":"https:\/\/www.didimaquarlessuaritma.com\/tr\/wp-json\/wp\/v2\/comments?post=1275"}],"wp:featuredmedia":[{"embeddable":true,"href":"https:\/\/www.didimaquarlessuaritma.com\/tr\/wp-json\/wp\/v2\/media\/1274"}],"wp:attachment":[{"href":"https:\/\/www.didimaquarlessuaritma.com\/tr\/wp-json\/wp\/v2\/media?parent=1275"}],"wp:term":[{"taxonomy":"product_cat","embeddable":true,"href":"https:\/\/www.didimaquarlessuaritma.com\/tr\/wp-json\/wp\/v2\/product_cat?post=1275"},{"taxonomy":"product_tag","embeddable":true,"href":"https:\/\/www.didimaquarlessuaritma.com\/tr\/wp-json\/wp\/v2\/product_tag?post=1275"}],"curies":[{"name":"wp","href":"https:\/\/api.w.org\/{rel}","templated":true}]}}