{"id":1271,"date":"2023-04-01T11:06:43","date_gmt":"2023-04-01T11:06:43","guid":{"rendered":"https:\/\/poseidonsuaritma.com\/tr\/?post_type=product&#038;p=1271"},"modified":"2023-04-01T11:06:43","modified_gmt":"2023-04-01T11:06:43","slug":"compact-5-su-aritma-cihazi-pompasiz-pompali","status":"publish","type":"product","link":"https:\/\/www.didimaquarlessuaritma.com\/tr\/urun\/compact-5-su-aritma-cihazi-pompasiz-pompali\/","title":{"rendered":"Compact 5 Su Ar\u0131tma Cihaz\u0131 (POMPASIZ \/ POMPALI)"},"content":{"rendered":"<p><strong>Compact 5 Su Ar\u0131tma Cihaz\u0131<\/strong><\/p>\n<p>Ar\u0131tma Sistemi: 5 A\u015fama 5 Filtre<\/p>\n<p>\u0130nline 5 Mikron Spun Sediment Filtre :Pp Spun Filtre \u0130le Su S\u00fcz\u00fclerek 5mikron Seviyesinde Sudaki Tortu Tabakas\u0131n\u0131 Temizler<br \/>\nInl\u0131ne Granul Karbon Filtre: Sudaki Klor, Nitrat Vb. Kimyasal Maddeleri Hapsederek Suyu Kimyevi A\u00e7\u0131dan Ar\u0131nd\u0131rm\u0131\u015f Olur<br \/>\nInl\u0131ne Blok Karbon Filtre: 1.Ve 2. A\u015famadan Ge\u00e7ebilen \u0130nce Tortu Ve Kimyasallar\u0131 Hassas \u015eekilde Tutarak \u00d6n Filtrelemeyi Tamamlar<br \/>\n4.75 Gpd Membran Filtre: Sistemin Beyni Olan Bu Filtre Suyu Molek\u00fcler Seviyede Ayr\u0131\u015ft\u0131rarak Saf Su \u00dcretirken, At\u0131klar\u0131 D\u0131\u015far\u0131ya Atar<\/p>\n<p>Tatland\u0131r\u0131c\u0131 Karbon Filtre: Safla\u015ft\u0131r\u0131larak Tanka G\u00f6nderilen Suda Olu\u015fabilecek Ac\u0131l\u0131k Ve Kokuyu Hindistan Cevizi \u00d6zelli\u011fiyle Al\u0131r<br \/>\nSu \u00dcretimi: 75 Gpd (250 Lt.\/G\u00fcn)<\/p>\n<p>(10 Lt.\/Saat)<\/p>\n<p>Tank Kapasite : 8 Lt. Kasa i\u00e7i entegre<\/p>\n<p>Drenaj : At\u0131k Oran\u0131 Ayarl\u0131 Manuel<\/p>\n<p>Kasa Boyut: 26 X 42 X 40 cm (E-B-Y)<\/p>\n<p>Pompa : \u00a0\u00a0\u00a0\u00a0\u00a0\u00a0\u00a0Opsiyonel<\/p>\n","protected":false},"excerpt":{"rendered":"<p>Compact 5 Su Ar\u0131tma Cihaz\u0131 Ar\u0131tma Sistemi: 5 A\u015fama 5 Filtre \u0130nline 5 Mikron Spun Sediment Filtre :Pp Spun Filtre \u0130le Su S\u00fcz\u00fclerek 5mikron Seviyesinde Sudaki Tortu Tabakas\u0131n\u0131 Temizler Inl\u0131ne Granul Karbon Filtre: Sudaki Klor, Nitrat Vb. Kimyasal Maddeleri Hapsederek Suyu Kimyevi A\u00e7\u0131dan Ar\u0131nd\u0131rm\u0131\u015f Olur Inl\u0131ne Blok Karbon Filtre: 1.Ve 2. A\u015famadan Ge\u00e7ebilen \u0130nce Tortu&#8230;<\/p>\n","protected":false},"featured_media":1260,"comment_status":"open","ping_status":"closed","template":"","meta":{"_kad_post_transparent":"default","_kad_post_title":"","_kad_post_layout":"default","_kad_post_sidebar_id":"","_kad_post_content_style":"default","_kad_post_vertical_padding":"default","_kad_post_feature":"","_kad_post_feature_position":"","_kad_post_header":false,"_kad_post_footer":false,"_joinchat":[]},"product_cat":[15],"product_tag":[],"class_list":["post-1271","product","type-product","status-publish","has-post-thumbnail","hentry","product_cat-tumu","entry","content-bg","loop-entry"],"_links":{"self":[{"href":"https:\/\/www.didimaquarlessuaritma.com\/tr\/wp-json\/wp\/v2\/product\/1271","targetHints":{"allow":["GET"]}}],"collection":[{"href":"https:\/\/www.didimaquarlessuaritma.com\/tr\/wp-json\/wp\/v2\/product"}],"about":[{"href":"https:\/\/www.didimaquarlessuaritma.com\/tr\/wp-json\/wp\/v2\/types\/product"}],"replies":[{"embeddable":true,"href":"https:\/\/www.didimaquarlessuaritma.com\/tr\/wp-json\/wp\/v2\/comments?post=1271"}],"wp:featuredmedia":[{"embeddable":true,"href":"https:\/\/www.didimaquarlessuaritma.com\/tr\/wp-json\/wp\/v2\/media\/1260"}],"wp:attachment":[{"href":"https:\/\/www.didimaquarlessuaritma.com\/tr\/wp-json\/wp\/v2\/media?parent=1271"}],"wp:term":[{"taxonomy":"product_cat","embeddable":true,"href":"https:\/\/www.didimaquarlessuaritma.com\/tr\/wp-json\/wp\/v2\/product_cat?post=1271"},{"taxonomy":"product_tag","embeddable":true,"href":"https:\/\/www.didimaquarlessuaritma.com\/tr\/wp-json\/wp\/v2\/product_tag?post=1271"}],"curies":[{"name":"wp","href":"https:\/\/api.w.org\/{rel}","templated":true}]}}