{"id":1270,"date":"2023-04-01T11:04:37","date_gmt":"2023-04-01T11:04:37","guid":{"rendered":"https:\/\/poseidonsuaritma.com\/tr\/?post_type=product&#038;p=1270"},"modified":"2023-04-01T11:04:37","modified_gmt":"2023-04-01T11:04:37","slug":"12-inch-inline-filtre-sistemi-pompasiz-pompali","status":"publish","type":"product","link":"https:\/\/www.didimaquarlessuaritma.com\/tr\/urun\/12-inch-inline-filtre-sistemi-pompasiz-pompali\/","title":{"rendered":"12 inch \u0130nline Filtre Sistemi (POMPASIZ \/ POMPALI)"},"content":{"rendered":"<p><strong>12 inch \u0130nline Filtre Sistemi<\/strong><\/p>\n<p>Inline Filtre 5 micron<\/p>\n<p>Inline GAC Karbon Filtre<\/p>\n<p>Inline Filtre 1 micron<\/p>\n<p>75 GPD Vontron Membran (USA)<\/p>\n<p>\u0130nline Post Karbon Filtre<\/p>\n<p>Opsiyonel 4in 1 Mineral Filtre<\/p>\n<p>Y\u00fcksek verimli, sessiz pompa<\/p>\n<p>\u00c7elik Metal Bas\u0131n\u00e7 Denge Tank\u0131 (PAE Marka)<\/p>\n<p>2.2 G Metal Tank (8 Litre )<\/p>\n<p>G\u00fcnl\u00fck 300 Lt Su \u00dcretimi<\/p>\n<p>NSF Onayl\u0131 Krom Deve Boyunlu Musluk<\/p>\n<p>Ak\u0131m K\u0131s\u0131tlay\u0131c Flow 300 CC<\/p>\n<p>Sistem Ba\u011flant\u0131s\u0131 \u0130\u00e7in Hortum Sistemi<\/p>\n<p>Pompal\u0131 L\u00fcx Model<\/p>\n<p>24v Dc Pompa<\/p>\n<p>Al\u00e7ak Bas\u0131n\u00e7 Swich<\/p>\n<p>Y\u00fcksek Bas\u0131n\u00e7 Swich<\/p>\n<p>Adapt\u00f6r<\/p>\n<p>D\u00f6rt Y\u00f6nl\u00fc \u015eato Valf<\/p>\n<p>Tek Koli Renkli<\/p>\n<p>Sistem Montaj Ekipmanlar\u0131 Tam<\/p>\n<p>Coco Fittinks<\/p>\n<p>2 YIL GARANT\u0130<\/p>\n<p>Nsf, CE, Waterquality Belgeli<\/p>\n","protected":false},"excerpt":{"rendered":"<p>12 inch \u0130nline Filtre Sistemi Inline Filtre 5 micron Inline GAC Karbon Filtre Inline Filtre 1 micron 75 GPD Vontron Membran (USA) \u0130nline Post Karbon Filtre Opsiyonel 4in 1 Mineral Filtre Y\u00fcksek verimli, sessiz pompa \u00c7elik Metal Bas\u0131n\u00e7 Denge Tank\u0131 (PAE Marka) 2.2 G Metal Tank (8 Litre ) G\u00fcnl\u00fck 300 Lt Su \u00dcretimi NSF&#8230;<\/p>\n","protected":false},"featured_media":1257,"comment_status":"open","ping_status":"closed","template":"","meta":{"_kad_post_transparent":"default","_kad_post_title":"","_kad_post_layout":"default","_kad_post_sidebar_id":"","_kad_post_content_style":"default","_kad_post_vertical_padding":"default","_kad_post_feature":"","_kad_post_feature_position":"","_kad_post_header":false,"_kad_post_footer":false,"_joinchat":[]},"product_cat":[15],"product_tag":[],"class_list":["post-1270","product","type-product","status-publish","has-post-thumbnail","hentry","product_cat-tumu","entry","content-bg","loop-entry"],"_links":{"self":[{"href":"https:\/\/www.didimaquarlessuaritma.com\/tr\/wp-json\/wp\/v2\/product\/1270","targetHints":{"allow":["GET"]}}],"collection":[{"href":"https:\/\/www.didimaquarlessuaritma.com\/tr\/wp-json\/wp\/v2\/product"}],"about":[{"href":"https:\/\/www.didimaquarlessuaritma.com\/tr\/wp-json\/wp\/v2\/types\/product"}],"replies":[{"embeddable":true,"href":"https:\/\/www.didimaquarlessuaritma.com\/tr\/wp-json\/wp\/v2\/comments?post=1270"}],"wp:featuredmedia":[{"embeddable":true,"href":"https:\/\/www.didimaquarlessuaritma.com\/tr\/wp-json\/wp\/v2\/media\/1257"}],"wp:attachment":[{"href":"https:\/\/www.didimaquarlessuaritma.com\/tr\/wp-json\/wp\/v2\/media?parent=1270"}],"wp:term":[{"taxonomy":"product_cat","embeddable":true,"href":"https:\/\/www.didimaquarlessuaritma.com\/tr\/wp-json\/wp\/v2\/product_cat?post=1270"},{"taxonomy":"product_tag","embeddable":true,"href":"https:\/\/www.didimaquarlessuaritma.com\/tr\/wp-json\/wp\/v2\/product_tag?post=1270"}],"curies":[{"name":"wp","href":"https:\/\/api.w.org\/{rel}","templated":true}]}}