{"id":1269,"date":"2023-04-01T11:01:33","date_gmt":"2023-04-01T11:01:33","guid":{"rendered":"https:\/\/poseidonsuaritma.com\/tr\/?post_type=product&#038;p=1269"},"modified":"2023-06-05T13:27:44","modified_gmt":"2023-06-05T13:27:44","slug":"hyundai-hnd-35-su-aritma-cihazi-pompasiz-pompali","status":"publish","type":"product","link":"https:\/\/www.didimaquarlessuaritma.com\/tr\/urun\/hyundai-hnd-35-su-aritma-cihazi-pompasiz-pompali\/","title":{"rendered":"HYUNDAI HND-35 Su Ar\u0131tma Cihaz\u0131 (POMPASIZ \/ POMPALI)"},"content":{"rendered":"<p>5 A\u015famal\u0131 Tezgah Alt\u0131 Pompas\u0131z \/ Pompal\u0131<\/p>\n<p>*RO Membran filtre kullan\u0131m\u0131<br \/>\n-Ortalama debi(GPD):50, 75,100,150 GPD<br \/>\n-Geli\u015fmi\u015f TDS (toplam \u00e7\u00f6z\u00fcnm\u00fc\u015f kat\u0131 madde miktar\u0131) azalt\u0131lmas\u0131<br \/>\n*Teknik \u00d6zellikler<\/p>\n<p>-Boyut : 430x510x430mm (GxDxY)<br \/>\n-A\u011f\u0131rl\u0131k : 7.5 kg \u2013 9.5 kg<br \/>\nHyundai\u2019in tank\u0131 i\u00e7inde HND-35 modeli evler ve ki\u015fi say\u0131s\u0131n\u0131n az oldu\u011fu i\u015f yerleri i\u00e7in uygundur.<\/p>\n<p>\u2022 Bu modelde tezgah alt\u0131na yerle\u015ftirilen cihaz\u0131m\u0131z, \u00f6zellikle k\u00fc\u00e7\u00fck mutfaklarda su \u015fi\u015felerinin kaplad\u0131\u011f\u0131 alandan tasarruf eder, mutfakta daha geni\u015f ya\u015fama alan\u0131 sa\u011flar.<br \/>\n\u2022 Hyundai \u015f\u0131k tasar\u0131ml\u0131 \u00f6zel bataryas\u0131 ile rahat\u00e7a temiz su elde edilir. Eski g\u00fcnlerdeki gibi musluktan su i\u00e7ilebilir.<br \/>\n\u2022 Su depolama tank\u0131 su kesilse dahi su ihtiyac\u0131n\u0131z\u0131 kar\u015f\u0131layacak kapasitededir.<br \/>\n\u2022 Yard\u0131mc\u0131 pompa, d\u00fc\u015f\u00fck su bas\u0131nc\u0131 olan sularda filtreye sabit su bas\u0131nc\u0131 pompalar, b\u00f6ylece su bas\u0131nc\u0131 her zaman sabit kal\u0131r.<br \/>\n\u2022 Hyundai ile meyve ve sebzelerinizi i\u00e7ilebilir su ile y\u0131kayabilir; muslu\u011funuzdan akan suyu rahatl\u0131kla \u00e7ay, kahve ve yemek yap\u0131m\u0131nda kullanabilir ve her \u015feyden \u00f6nemlisi g\u00f6n\u00fcl rahatl\u0131\u011f\u0131 ile su\u00a0i\u00e7ebilirsiniz..<\/p>\n","protected":false},"excerpt":{"rendered":"<p>5 A\u015famal\u0131 Tezgah Alt\u0131 Pompas\u0131z \/ Pompal\u0131 *RO Membran filtre kullan\u0131m\u0131 -Ortalama debi(GPD):50, 75,100,150 GPD -Geli\u015fmi\u015f TDS (toplam \u00e7\u00f6z\u00fcnm\u00fc\u015f kat\u0131 madde miktar\u0131) azalt\u0131lmas\u0131 *Teknik \u00d6zellikler -Boyut : 430x510x430mm (GxDxY) -A\u011f\u0131rl\u0131k : 7.5 kg \u2013 9.5 kg Hyundai\u2019in tank\u0131 i\u00e7inde HND-35 modeli evler ve ki\u015fi say\u0131s\u0131n\u0131n az oldu\u011fu i\u015f yerleri i\u00e7in uygundur. \u2022 Bu modelde tezgah&#8230;<\/p>\n","protected":false},"featured_media":1262,"comment_status":"open","ping_status":"closed","template":"","meta":{"_kad_post_transparent":"default","_kad_post_title":"","_kad_post_layout":"default","_kad_post_sidebar_id":"","_kad_post_content_style":"default","_kad_post_vertical_padding":"default","_kad_post_feature":"","_kad_post_feature_position":"","_kad_post_header":false,"_kad_post_footer":false,"_joinchat":[]},"product_cat":[15,44,43],"product_tag":[],"class_list":["post-1269","product","type-product","status-publish","has-post-thumbnail","hentry","product_cat-tumu","product_cat-hyundai-serisi","product_cat-tezgahalti-kapali-kasa-sistemler","entry","content-bg","loop-entry"],"_links":{"self":[{"href":"https:\/\/www.didimaquarlessuaritma.com\/tr\/wp-json\/wp\/v2\/product\/1269","targetHints":{"allow":["GET"]}}],"collection":[{"href":"https:\/\/www.didimaquarlessuaritma.com\/tr\/wp-json\/wp\/v2\/product"}],"about":[{"href":"https:\/\/www.didimaquarlessuaritma.com\/tr\/wp-json\/wp\/v2\/types\/product"}],"replies":[{"embeddable":true,"href":"https:\/\/www.didimaquarlessuaritma.com\/tr\/wp-json\/wp\/v2\/comments?post=1269"}],"wp:featuredmedia":[{"embeddable":true,"href":"https:\/\/www.didimaquarlessuaritma.com\/tr\/wp-json\/wp\/v2\/media\/1262"}],"wp:attachment":[{"href":"https:\/\/www.didimaquarlessuaritma.com\/tr\/wp-json\/wp\/v2\/media?parent=1269"}],"wp:term":[{"taxonomy":"product_cat","embeddable":true,"href":"https:\/\/www.didimaquarlessuaritma.com\/tr\/wp-json\/wp\/v2\/product_cat?post=1269"},{"taxonomy":"product_tag","embeddable":true,"href":"https:\/\/www.didimaquarlessuaritma.com\/tr\/wp-json\/wp\/v2\/product_tag?post=1269"}],"curies":[{"name":"wp","href":"https:\/\/api.w.org\/{rel}","templated":true}]}}