{"id":1221,"date":"2023-03-30T09:16:59","date_gmt":"2023-03-30T09:16:59","guid":{"rendered":"https:\/\/poseidonsuaritma.com\/tr\/?post_type=product&#038;p=1221"},"modified":"2023-04-01T10:57:09","modified_gmt":"2023-04-01T10:57:09","slug":"class-302-su-aritma-cihazi-pompasiz-veya-pompali","status":"publish","type":"product","link":"https:\/\/www.didimaquarlessuaritma.com\/tr\/urun\/class-302-su-aritma-cihazi-pompasiz-veya-pompali\/","title":{"rendered":"Class 302 Su Ar\u0131tma Cihaz\u0131 &#8211; (Pompas\u0131z \/ pompal\u0131)"},"content":{"rendered":"<p>12\u2033 Inline 5 Mikron Spun<br \/>\n12\u2033 Inline GAC Karbon<br \/>\n12\u2033 Inline Blok Karbon<br \/>\n10\u2033 Inline Coconat Post Karbon Filtre<br \/>\nPLAT\u0130N\u0130UM 80 GPD Membran<br \/>\n2.2 Galon Metal Bas\u0131n\u00e7 Denge Tank\u0131<br \/>\nSmall L\u00fcxMusluk<br \/>\nShut-Off Valf<br \/>\n60PSI Bas\u0131n\u00e7 D\u00fc\u015f\u00fcr\u00fcc\u00fc<\/p>\n","protected":false},"excerpt":{"rendered":"<p>12\u2033 Inline 5 Mikron Spun 12\u2033 Inline GAC Karbon 12\u2033 Inline Blok Karbon 10\u2033 Inline Coconat Post Karbon Filtre PLAT\u0130N\u0130UM 80 GPD Membran 2.2 Galon Metal Bas\u0131n\u00e7 Denge Tank\u0131 Small L\u00fcxMusluk Shut-Off Valf 60PSI Bas\u0131n\u00e7 D\u00fc\u015f\u00fcr\u00fcc\u00fc<\/p>\n","protected":false},"featured_media":1222,"comment_status":"open","ping_status":"closed","template":"","meta":{"_kad_post_transparent":"default","_kad_post_title":"","_kad_post_layout":"default","_kad_post_sidebar_id":"","_kad_post_content_style":"default","_kad_post_vertical_padding":"default","_kad_post_feature":"","_kad_post_feature_position":"","_kad_post_header":false,"_kad_post_footer":false,"_joinchat":[]},"product_cat":[15],"product_tag":[],"class_list":["post-1221","product","type-product","status-publish","has-post-thumbnail","hentry","product_cat-tumu","entry","content-bg","loop-entry"],"_links":{"self":[{"href":"https:\/\/www.didimaquarlessuaritma.com\/tr\/wp-json\/wp\/v2\/product\/1221","targetHints":{"allow":["GET"]}}],"collection":[{"href":"https:\/\/www.didimaquarlessuaritma.com\/tr\/wp-json\/wp\/v2\/product"}],"about":[{"href":"https:\/\/www.didimaquarlessuaritma.com\/tr\/wp-json\/wp\/v2\/types\/product"}],"replies":[{"embeddable":true,"href":"https:\/\/www.didimaquarlessuaritma.com\/tr\/wp-json\/wp\/v2\/comments?post=1221"}],"wp:featuredmedia":[{"embeddable":true,"href":"https:\/\/www.didimaquarlessuaritma.com\/tr\/wp-json\/wp\/v2\/media\/1222"}],"wp:attachment":[{"href":"https:\/\/www.didimaquarlessuaritma.com\/tr\/wp-json\/wp\/v2\/media?parent=1221"}],"wp:term":[{"taxonomy":"product_cat","embeddable":true,"href":"https:\/\/www.didimaquarlessuaritma.com\/tr\/wp-json\/wp\/v2\/product_cat?post=1221"},{"taxonomy":"product_tag","embeddable":true,"href":"https:\/\/www.didimaquarlessuaritma.com\/tr\/wp-json\/wp\/v2\/product_tag?post=1221"}],"curies":[{"name":"wp","href":"https:\/\/api.w.org\/{rel}","templated":true}]}}