{"id":1219,"date":"2023-03-30T09:16:19","date_gmt":"2023-03-30T09:16:19","guid":{"rendered":"https:\/\/poseidonsuaritma.com\/tr\/?post_type=product&#038;p=1219"},"modified":"2023-04-01T10:57:25","modified_gmt":"2023-04-01T10:57:25","slug":"ninova-406-su-aritma-cihazi-pompali","status":"publish","type":"product","link":"https:\/\/www.didimaquarlessuaritma.com\/tr\/urun\/ninova-406-su-aritma-cihazi-pompali\/","title":{"rendered":"Ninova 406 Su Ar\u0131tma Cihaz\u0131 &#8211; (Pompas\u0131z \/ pompal\u0131)"},"content":{"rendered":"<p>POMPALI<\/p>\n<p>Ak\u0131ll\u0131 filtreleme teknolojisi sayesinde kumu, filtreyi ve pas\u0131 giderir.<br \/>\nBakteri, vir\u00fcs, k\u00f6t\u00fc tat ve kokular\u0131 ortadan kald\u0131r\u0131r.<br \/>\n\u015eebeke suyunu h\u0131zl\u0131 ve kolay bir \u015fekilde ar\u0131t\u0131r.<br \/>\nKapal\u0131 kutusu sayesinde ortama estetik bir atmosfer kazand\u0131r\u0131r.<br \/>\n6 a\u015famadan ba\u015flayan filtreleme se\u00e7eneklerine sahiptir.<br \/>\nISO 9001, ABD Water Quality, Hel\u00e2l \u00fcr\u00fcn ve kalite sertifikalar\u0131na sahiptir.<br \/>\nPompal\u0131 veya pompas\u0131z cihaz se\u00e7ene\u011fi mevcuttur.<br \/>\nTeknik Veriler<\/p>\n<p>POMPALI<\/p>\n<p>12\u2033 Inline 5 Mikron Spun<br \/>\n12\u2033 Inline Coconut GAC Karbon<br \/>\n12\u2033 Inline Coconut Blok Karbon<br \/>\n10\u2033 Inline Coconat Post Karbon Filtre<br \/>\n10&#8221; 5 in 1 Mineral Filtre<br \/>\nLG KUNO 80 GPD Membran<br \/>\n3.2 Galon Metal Bas\u0131n\u00e7 Denge Tank\u0131<br \/>\n304 Paslanmaz \u00c7elik Musluk<br \/>\nShut-Off Valf<br \/>\n60PSI Bas\u0131n\u00e7 D\u00fc\u015f\u00fcr\u00fcc\u00fc (Opsiyonel)<br \/>\nShut-Off Valf<br \/>\nLF-40 Pompa<br \/>\n24V 1,5A Adapt\u00f6r<\/p>\n","protected":false},"excerpt":{"rendered":"<p>POMPALI Ak\u0131ll\u0131 filtreleme teknolojisi sayesinde kumu, filtreyi ve pas\u0131 giderir. Bakteri, vir\u00fcs, k\u00f6t\u00fc tat ve kokular\u0131 ortadan kald\u0131r\u0131r. \u015eebeke suyunu h\u0131zl\u0131 ve kolay bir \u015fekilde ar\u0131t\u0131r. Kapal\u0131 kutusu sayesinde ortama estetik bir atmosfer kazand\u0131r\u0131r. 6 a\u015famadan ba\u015flayan filtreleme se\u00e7eneklerine sahiptir. ISO 9001, ABD Water Quality, Hel\u00e2l \u00fcr\u00fcn ve kalite sertifikalar\u0131na sahiptir. Pompal\u0131 veya pompas\u0131z cihaz&#8230;<\/p>\n","protected":false},"featured_media":1220,"comment_status":"open","ping_status":"closed","template":"","meta":{"_kad_post_transparent":"default","_kad_post_title":"","_kad_post_layout":"default","_kad_post_sidebar_id":"","_kad_post_content_style":"default","_kad_post_vertical_padding":"default","_kad_post_feature":"","_kad_post_feature_position":"","_kad_post_header":false,"_kad_post_footer":false,"_joinchat":[]},"product_cat":[15],"product_tag":[],"class_list":["post-1219","product","type-product","status-publish","has-post-thumbnail","hentry","product_cat-tumu","entry","content-bg","loop-entry"],"_links":{"self":[{"href":"https:\/\/www.didimaquarlessuaritma.com\/tr\/wp-json\/wp\/v2\/product\/1219","targetHints":{"allow":["GET"]}}],"collection":[{"href":"https:\/\/www.didimaquarlessuaritma.com\/tr\/wp-json\/wp\/v2\/product"}],"about":[{"href":"https:\/\/www.didimaquarlessuaritma.com\/tr\/wp-json\/wp\/v2\/types\/product"}],"replies":[{"embeddable":true,"href":"https:\/\/www.didimaquarlessuaritma.com\/tr\/wp-json\/wp\/v2\/comments?post=1219"}],"wp:featuredmedia":[{"embeddable":true,"href":"https:\/\/www.didimaquarlessuaritma.com\/tr\/wp-json\/wp\/v2\/media\/1220"}],"wp:attachment":[{"href":"https:\/\/www.didimaquarlessuaritma.com\/tr\/wp-json\/wp\/v2\/media?parent=1219"}],"wp:term":[{"taxonomy":"product_cat","embeddable":true,"href":"https:\/\/www.didimaquarlessuaritma.com\/tr\/wp-json\/wp\/v2\/product_cat?post=1219"},{"taxonomy":"product_tag","embeddable":true,"href":"https:\/\/www.didimaquarlessuaritma.com\/tr\/wp-json\/wp\/v2\/product_tag?post=1219"}],"curies":[{"name":"wp","href":"https:\/\/api.w.org\/{rel}","templated":true}]}}