{"id":1217,"date":"2023-03-30T09:15:37","date_gmt":"2023-03-30T09:15:37","guid":{"rendered":"https:\/\/poseidonsuaritma.com\/tr\/?post_type=product&#038;p=1217"},"modified":"2023-04-01T11:07:29","modified_gmt":"2023-04-01T11:07:29","slug":"daire-bina-girisi-3-lu-kirec-onleyici-filitre","status":"publish","type":"product","link":"https:\/\/www.didimaquarlessuaritma.com\/tr\/urun\/daire-bina-girisi-3-lu-kirec-onleyici-filitre\/","title":{"rendered":"Daire Bina Giri\u015fi 3 L\u00fc Kire\u00e7 \u00d6nleyici Filitre"},"content":{"rendered":"<p>Daire Bina Giri\u015fi 3 L\u00fc Kire\u00e7 \u00d6nleyici Filitre<\/p>\n","protected":false},"excerpt":{"rendered":"<p>Daire Bina Giri\u015fi 3 L\u00fc Kire\u00e7 \u00d6nleyici Filitre<\/p>\n","protected":false},"featured_media":1218,"comment_status":"open","ping_status":"closed","template":"","meta":{"_kad_post_transparent":"default","_kad_post_title":"","_kad_post_layout":"default","_kad_post_sidebar_id":"","_kad_post_content_style":"default","_kad_post_vertical_padding":"default","_kad_post_feature":"","_kad_post_feature_position":"","_kad_post_header":false,"_kad_post_footer":false,"_joinchat":[]},"product_cat":[15],"product_tag":[],"class_list":["post-1217","product","type-product","status-publish","has-post-thumbnail","hentry","product_cat-tumu","entry","content-bg","loop-entry"],"_links":{"self":[{"href":"https:\/\/www.didimaquarlessuaritma.com\/tr\/wp-json\/wp\/v2\/product\/1217","targetHints":{"allow":["GET"]}}],"collection":[{"href":"https:\/\/www.didimaquarlessuaritma.com\/tr\/wp-json\/wp\/v2\/product"}],"about":[{"href":"https:\/\/www.didimaquarlessuaritma.com\/tr\/wp-json\/wp\/v2\/types\/product"}],"replies":[{"embeddable":true,"href":"https:\/\/www.didimaquarlessuaritma.com\/tr\/wp-json\/wp\/v2\/comments?post=1217"}],"wp:featuredmedia":[{"embeddable":true,"href":"https:\/\/www.didimaquarlessuaritma.com\/tr\/wp-json\/wp\/v2\/media\/1218"}],"wp:attachment":[{"href":"https:\/\/www.didimaquarlessuaritma.com\/tr\/wp-json\/wp\/v2\/media?parent=1217"}],"wp:term":[{"taxonomy":"product_cat","embeddable":true,"href":"https:\/\/www.didimaquarlessuaritma.com\/tr\/wp-json\/wp\/v2\/product_cat?post=1217"},{"taxonomy":"product_tag","embeddable":true,"href":"https:\/\/www.didimaquarlessuaritma.com\/tr\/wp-json\/wp\/v2\/product_tag?post=1217"}],"curies":[{"name":"wp","href":"https:\/\/api.w.org\/{rel}","templated":true}]}}