{"id":1194,"date":"2023-03-30T09:08:20","date_gmt":"2023-03-30T09:08:20","guid":{"rendered":"https:\/\/poseidonsuaritma.com\/tr\/?post_type=product&#038;p=1194"},"modified":"2023-05-22T12:51:49","modified_gmt":"2023-05-22T12:51:49","slug":"300-gpd-su-aritma-cihazi","status":"publish","type":"product","link":"https:\/\/www.didimaquarlessuaritma.com\/tr\/urun\/300-gpd-su-aritma-cihazi\/","title":{"rendered":"300 gpd direk ak\u0131\u015f Ar\u0131tma cihaz\u0131"},"content":{"rendered":"<p>*RO Membran filtre kullan\u0131m\u0131<br \/>\n-Ortalama debi(GPD): 300 GPD<br \/>\n-Geli\u015fmi\u015f TDS (toplam \u00e7\u00f6z\u00fcnm\u00fc\u015f kat\u0131 madde miktar\u0131) azalt\u0131lmas\u0131<br \/>\n\u2022 5 Filtre a\u015famas\u0131 i\u00e7erir<br \/>\n\u2022 Mineral Filtre ile y\u00fcksek oranda mineralli su elde edilir<br \/>\n\u2022 Alkalin Filtre sayesinde 8.5 pH seviyesinde su sa\u011flar<br \/>\n\u2022 Mutfak tezgah\u0131 alt\u0131nda minimum yer kaplar<br \/>\n\u2022 Dahili pompa sayesinde tazyikli su \u00fcretmenizi sa\u011flar<br \/>\n\u2022 Sa\u011fl\u0131kl\u0131 ve Lezzetli Su \u00dcretir<\/p>\n<p>*Teknik \u00d6zellikler<br \/>\n10\u201d \u015eeffaf Housing<br \/>\n10\u201d Beyaz Mat Housing<br \/>\n10\u201d Kal\u0131n 5 Mikron Spun (Sediment) Filtre<br \/>\n10\u201d Stout GAC Karbon Kartu\u015f Filtre (UDF)<br \/>\n10\u201d Stout Blok Karbon Kartu\u015f Filtre (CTO)<br \/>\n10\u201d Inline Coconut Post Karbon Filtre<br \/>\n300 GPD Membran<br \/>\n300 GPD Pompa<br \/>\n300\u2019l\u00fck Adapt\u00f6r<br \/>\nMusluk<br \/>\nManometre<br \/>\nTank se\u00e7enekleri opsiyonel 40 veya 80 LT olarak ayr\u0131ca fiyatland\u0131r\u0131lacakt\u0131r.<br \/>\ni\u015f yerleri i\u00e7in uygundur.<\/p>\n<p>Y\u00fcksek kapasiteli bir i\u015f yeri su ar\u0131tma cihaz\u0131 olan 300 GPD su ar\u0131tma cihaz\u0131, ters osmoz teknolojisine sahip bir cihazd\u0131r. 5 a\u015famal\u0131 bir filtreleme sistemine sahip olup, y\u00fcksek kalitede ve lezzette i\u00e7me suyu elde eder. Saatte 50 LT lik kapasitesi ile g\u00fcnde 200 LT i\u00e7me suyu ar\u0131tan HYUNDAI HND-300 su ar\u0131tma cihaz\u0131, 80 LT bas\u0131n\u00e7l\u0131 bir tanka sahiptir. G\u00fcnde 10 damacana su ar\u0131tarak i\u015f yerlerine son derece \u00f6nemli bir tasarruf sa\u011flar. Cihaz kendisini iki aydan \u00e7ok daha k\u0131sa s\u00fcrede amorti etmektedir.<br \/>\n\u0130\u015f yerlerinde i\u00e7me suyu t\u00fcketimi evlere g\u00f6re \u00e7ok daha fazlad\u0131r. Bu nedenle i\u015f yerlerine \u00f6zel y\u00fcksek kapasiteli ar\u0131tma cihazlar\u0131 \u00fcretilmi\u015ftir. \u0130\u015f yerleri i\u00e7in geli\u015ftirilen su ar\u0131tma cihazlar\u0131 i\u00e7inde 300 GPD cihazlar, kapasite ve fonksiyonellik bak\u0131m\u0131ndan bir i\u015f yerinin tam arad\u0131\u011f\u0131 ar\u0131tma cihaz\u0131d\u0131r. Haz\u0131r su al\u0131m\u0131n\u0131 kesen ve i\u015f yerinin t\u00fcm i\u00e7me suyu ihtiyac\u0131n\u0131 kar\u015f\u0131layan cihaz, y\u00fcksek kalitede, kire\u00e7siz ve sa\u011fl\u0131kl\u0131 su temininde bir numarad\u0131r. V\u00fccudun temel enerji kayna\u011f\u0131 olan su i\u015f yeri \u00e7al\u0131\u015fanlar\u0131 i\u00e7in \u00e7ok \u00f6nemlidir. \u00c7al\u0131\u015fma verimlili\u011fini artt\u0131r\u0131r ve yeterince al\u0131nd\u0131\u011f\u0131nda dikkat aral\u0131\u011f\u0131n\u0131 b\u00fcy\u00fcterek \u00e7al\u0131\u015fanlar\u0131n y\u00fcksek performansla \u00e7al\u0131\u015fmas\u0131n\u0131 sa\u011flar.<\/p>\n","protected":false},"excerpt":{"rendered":"<p>*RO Membran filtre kullan\u0131m\u0131 -Ortalama debi(GPD): 300 GPD -Geli\u015fmi\u015f TDS (toplam \u00e7\u00f6z\u00fcnm\u00fc\u015f kat\u0131 madde miktar\u0131) azalt\u0131lmas\u0131 \u2022 5 Filtre a\u015famas\u0131 i\u00e7erir \u2022 Mineral Filtre ile y\u00fcksek oranda mineralli su elde edilir \u2022 Alkalin Filtre sayesinde 8.5 pH seviyesinde su sa\u011flar \u2022 Mutfak tezgah\u0131 alt\u0131nda minimum yer kaplar \u2022 Dahili pompa sayesinde tazyikli su \u00fcretmenizi sa\u011flar&#8230;<\/p>\n","protected":false},"featured_media":1198,"comment_status":"open","ping_status":"closed","template":"","meta":{"_kad_post_transparent":"default","_kad_post_title":"","_kad_post_layout":"default","_kad_post_sidebar_id":"","_kad_post_content_style":"default","_kad_post_vertical_padding":"default","_kad_post_feature":"","_kad_post_feature_position":"","_kad_post_header":false,"_kad_post_footer":false,"_joinchat":[]},"product_cat":[15,42,41],"product_tag":[],"class_list":["post-1194","product","type-product","status-publish","has-post-thumbnail","hentry","product_cat-tumu","product_cat-ekonomik-seri","product_cat-tezgahalti-acik-sistemler","entry","content-bg","loop-entry"],"_links":{"self":[{"href":"https:\/\/www.didimaquarlessuaritma.com\/tr\/wp-json\/wp\/v2\/product\/1194","targetHints":{"allow":["GET"]}}],"collection":[{"href":"https:\/\/www.didimaquarlessuaritma.com\/tr\/wp-json\/wp\/v2\/product"}],"about":[{"href":"https:\/\/www.didimaquarlessuaritma.com\/tr\/wp-json\/wp\/v2\/types\/product"}],"replies":[{"embeddable":true,"href":"https:\/\/www.didimaquarlessuaritma.com\/tr\/wp-json\/wp\/v2\/comments?post=1194"}],"wp:featuredmedia":[{"embeddable":true,"href":"https:\/\/www.didimaquarlessuaritma.com\/tr\/wp-json\/wp\/v2\/media\/1198"}],"wp:attachment":[{"href":"https:\/\/www.didimaquarlessuaritma.com\/tr\/wp-json\/wp\/v2\/media?parent=1194"}],"wp:term":[{"taxonomy":"product_cat","embeddable":true,"href":"https:\/\/www.didimaquarlessuaritma.com\/tr\/wp-json\/wp\/v2\/product_cat?post=1194"},{"taxonomy":"product_tag","embeddable":true,"href":"https:\/\/www.didimaquarlessuaritma.com\/tr\/wp-json\/wp\/v2\/product_tag?post=1194"}],"curies":[{"name":"wp","href":"https:\/\/api.w.org\/{rel}","templated":true}]}}