{"id":40,"date":"2021-12-08T11:39:15","date_gmt":"2021-12-08T11:39:15","guid":{"rendered":"https:\/\/kadence.pixel-show.com\/outdoor-shop\/?page_id=15"},"modified":"2023-03-30T09:33:53","modified_gmt":"2023-03-30T09:33:53","slug":"hakkimizda-2","status":"publish","type":"page","link":"https:\/\/www.didimaquarlessuaritma.com\/tr\/hakkimizda-2\/","title":{"rendered":"Hakk\u0131m\u0131zda"},"content":{"rendered":"\t\t<div data-elementor-type=\"wp-page\" data-elementor-id=\"40\" class=\"elementor elementor-40\">\n\t\t\t\t\t\t\t\t\t<section class=\"elementor-section elementor-top-section elementor-element elementor-element-1e4dd6a elementor-section-boxed elementor-section-height-default elementor-section-height-default\" data-id=\"1e4dd6a\" data-element_type=\"section\" data-settings=\"{&quot;background_background&quot;:&quot;classic&quot;}\">\n\t\t\t\t\t\t<div class=\"elementor-container elementor-column-gap-default\">\n\t\t\t\t\t<div class=\"elementor-column elementor-col-100 elementor-top-column elementor-element elementor-element-713af61\" data-id=\"713af61\" data-element_type=\"column\">\n\t\t\t<div class=\"elementor-widget-wrap elementor-element-populated\">\n\t\t\t\t\t\t\t\t<section class=\"elementor-section elementor-inner-section elementor-element elementor-element-19e59ee elementor-section-boxed elementor-section-height-default elementor-section-height-default\" data-id=\"19e59ee\" data-element_type=\"section\">\n\t\t\t\t\t\t<div class=\"elementor-container elementor-column-gap-default\">\n\t\t\t\t\t<div class=\"elementor-column elementor-col-100 elementor-inner-column elementor-element elementor-element-059fb0d\" data-id=\"059fb0d\" data-element_type=\"column\">\n\t\t\t<div class=\"elementor-widget-wrap elementor-element-populated\">\n\t\t\t\t\t\t\t\t<div class=\"elementor-element elementor-element-b524315 elementor-widget elementor-widget-heading\" data-id=\"b524315\" data-element_type=\"widget\" data-widget_type=\"heading.default\">\n\t\t\t\t<div class=\"elementor-widget-container\">\n\t\t\t<style>\/*! elementor - v3.10.2 - 29-01-2023 *\/\n.elementor-heading-title{padding:0;margin:0;line-height:1}.elementor-widget-heading .elementor-heading-title[class*=elementor-size-]>a{color:inherit;font-size:inherit;line-height:inherit}.elementor-widget-heading .elementor-heading-title.elementor-size-small{font-size:15px}.elementor-widget-heading .elementor-heading-title.elementor-size-medium{font-size:19px}.elementor-widget-heading .elementor-heading-title.elementor-size-large{font-size:29px}.elementor-widget-heading .elementor-heading-title.elementor-size-xl{font-size:39px}.elementor-widget-heading .elementor-heading-title.elementor-size-xxl{font-size:59px}<\/style><h6 class=\"elementor-heading-title elementor-size-default\">Bizi Tan\u0131y\u0131n<\/h6>\t\t<\/div>\n\t\t\t\t<\/div>\n\t\t\t\t<div class=\"elementor-element elementor-element-c2cedce elementor-widget elementor-widget-heading\" data-id=\"c2cedce\" data-element_type=\"widget\" data-widget_type=\"heading.default\">\n\t\t\t\t<div class=\"elementor-widget-container\">\n\t\t\t<h2 class=\"elementor-heading-title elementor-size-default\">Hakk\u0131m\u0131zda<\/h2>\t\t<\/div>\n\t\t\t\t<\/div>\n\t\t\t\t<div class=\"elementor-element elementor-element-d339454 elementor-widget elementor-widget-text-editor\" data-id=\"d339454\" data-element_type=\"widget\" data-widget_type=\"text-editor.default\">\n\t\t\t\t<div class=\"elementor-widget-container\">\n\t\t\t<style>\/*! elementor - v3.10.2 - 29-01-2023 *\/\n.elementor-widget-text-editor.elementor-drop-cap-view-stacked .elementor-drop-cap{background-color:#818a91;color:#fff}.elementor-widget-text-editor.elementor-drop-cap-view-framed .elementor-drop-cap{color:#818a91;border:3px solid;background-color:transparent}.elementor-widget-text-editor:not(.elementor-drop-cap-view-default) .elementor-drop-cap{margin-top:8px}.elementor-widget-text-editor:not(.elementor-drop-cap-view-default) .elementor-drop-cap-letter{width:1em;height:1em}.elementor-widget-text-editor .elementor-drop-cap{float:left;text-align:center;line-height:1;font-size:50px}.elementor-widget-text-editor .elementor-drop-cap-letter{display:inline-block}<\/style>\t\t\t\t<p>T\u00fcrkiye&#8217;nin lider su ar\u0131tma firmas\u0131 olarak, sizlerin ihtiya\u00e7lar\u0131n\u0131 kar\u015f\u0131lamak i\u00e7in \u00e7al\u0131\u015f\u0131yoruz. Kalite ve g\u00fcvenilirlik konusunda kendimizi her zaman geli\u015ftirmek i\u00e7in \u00e7al\u0131\u015f\u0131yoruz. Teknolojimizi s\u00fcrekli olarak g\u00fcncelleyerek, m\u00fc\u015fterilerimizin ihtiya\u00e7lar\u0131n\u0131 kar\u015f\u0131lamaya \u00e7al\u0131\u015f\u0131yoruz. Firmam\u0131z, su ar\u0131tma sistemleri, ar\u0131tma ekipmanlar\u0131,su ar\u0131tma s\u00fcre\u00e7leri ve su ar\u0131tma teknolojileri alan\u0131nda uzmanla\u015fm\u0131\u015f bir ekip taraf\u0131ndan y\u00f6netilmektedir. T\u00fcm \u00e7\u00f6z\u00fcmlerimiz, uzmanlar\u0131m\u0131z taraf\u0131ndan incelenerek, m\u00fc\u015fterilerimizin ihtiya\u00e7lar\u0131na uygun olarak \u00f6nerilmektedir. Firmam\u0131z, m\u00fc\u015fterilerine en iyi hizmeti sunmak i\u00e7in \u00e7al\u0131\u015fmaktad\u0131r. M\u00fc\u015fteri memnuniyeti her zaman \u00f6ncelikli olarak ele al\u0131nmaktad\u0131r. Bizimle \u00e7al\u0131\u015fman\u0131z halinde, sizlerin ihtiya\u00e7lar\u0131n\u0131 kar\u015f\u0131layacak \u00e7\u00f6z\u00fcmler sunaca\u011f\u0131m\u0131zdan emin olabilirsiniz.<\/p>\t\t\t\t\t\t<\/div>\n\t\t\t\t<\/div>\n\t\t\t\t\t<\/div>\n\t\t<\/div>\n\t\t\t\t\t\t\t<\/div>\n\t\t<\/section>\n\t\t\t\t\t<\/div>\n\t\t<\/div>\n\t\t\t\t\t\t\t<\/div>\n\t\t<\/section>\n\t\t\t\t\t\t\t<\/div>\n\t\t","protected":false},"excerpt":{"rendered":"<p>Bizi Tan\u0131y\u0131n Hakk\u0131m\u0131zda T\u00fcrkiye&#8217;nin lider su ar\u0131tma firmas\u0131 olarak, sizlerin ihtiya\u00e7lar\u0131n\u0131 kar\u015f\u0131lamak i\u00e7in \u00e7al\u0131\u015f\u0131yoruz. Kalite ve g\u00fcvenilirlik konusunda kendimizi her zaman geli\u015ftirmek i\u00e7in \u00e7al\u0131\u015f\u0131yoruz. Teknolojimizi s\u00fcrekli olarak g\u00fcncelleyerek, m\u00fc\u015fterilerimizin ihtiya\u00e7lar\u0131n\u0131 kar\u015f\u0131lamaya \u00e7al\u0131\u015f\u0131yoruz. Firmam\u0131z, su ar\u0131tma sistemleri, ar\u0131tma ekipmanlar\u0131,su ar\u0131tma s\u00fcre\u00e7leri ve su ar\u0131tma teknolojileri alan\u0131nda uzmanla\u015fm\u0131\u015f bir ekip taraf\u0131ndan y\u00f6netilmektedir. T\u00fcm \u00e7\u00f6z\u00fcmlerimiz, uzmanlar\u0131m\u0131z taraf\u0131ndan incelenerek,&#8230;<\/p>\n","protected":false},"author":1,"featured_media":1117,"parent":0,"menu_order":0,"comment_status":"closed","ping_status":"closed","template":"","meta":{"_kad_post_transparent":"","_kad_post_title":"hide","_kad_post_layout":"fullwidth","_kad_post_sidebar_id":"","_kad_post_content_style":"unboxed","_kad_post_vertical_padding":"hide","_kad_post_feature":"hide","_kad_post_feature_position":"","_kad_post_header":false,"_kad_post_footer":false,"_joinchat":[],"footnotes":""},"class_list":["post-40","page","type-page","status-publish","has-post-thumbnail","hentry"],"_links":{"self":[{"href":"https:\/\/www.didimaquarlessuaritma.com\/tr\/wp-json\/wp\/v2\/pages\/40","targetHints":{"allow":["GET"]}}],"collection":[{"href":"https:\/\/www.didimaquarlessuaritma.com\/tr\/wp-json\/wp\/v2\/pages"}],"about":[{"href":"https:\/\/www.didimaquarlessuaritma.com\/tr\/wp-json\/wp\/v2\/types\/page"}],"author":[{"embeddable":true,"href":"https:\/\/www.didimaquarlessuaritma.com\/tr\/wp-json\/wp\/v2\/users\/1"}],"replies":[{"embeddable":true,"href":"https:\/\/www.didimaquarlessuaritma.com\/tr\/wp-json\/wp\/v2\/comments?post=40"}],"version-history":[{"count":5,"href":"https:\/\/www.didimaquarlessuaritma.com\/tr\/wp-json\/wp\/v2\/pages\/40\/revisions"}],"predecessor-version":[{"id":1239,"href":"https:\/\/www.didimaquarlessuaritma.com\/tr\/wp-json\/wp\/v2\/pages\/40\/revisions\/1239"}],"wp:featuredmedia":[{"embeddable":true,"href":"https:\/\/www.didimaquarlessuaritma.com\/tr\/wp-json\/wp\/v2\/media\/1117"}],"wp:attachment":[{"href":"https:\/\/www.didimaquarlessuaritma.com\/tr\/wp-json\/wp\/v2\/media?parent=40"}],"curies":[{"name":"wp","href":"https:\/\/api.w.org\/{rel}","templated":true}]}}